{"id":3183,"date":"2017-03-13T20:44:39","date_gmt":"2017-03-13T20:44:39","guid":{"rendered":"http:\/\/gator4082.temp.domains\/~aquatiss\/produit\/chariot-collecte-linge-x-inox-a-02-sacs-rolls-copie\/"},"modified":"2021-05-31T14:52:35","modified_gmt":"2021-05-31T14:52:35","slug":"chariot-collecte-linge-x-inox-a-02-sacs-rolls-copie","status":"publish","type":"product","link":"https:\/\/aquatiss.com.tn\/fr\/produit\/chariot-collecte-linge-x-inox-a-02-sacs-rolls-copie\/","title":{"rendered":"Chariot collecte linge X  \u00e0 02 sacs Roll&rsquo;s"},"content":{"rendered":"<p>La gamme des chariots ROLL&rsquo;S \u00e0 02 sacs de 100 litres\/sac, facilite votre travail de transport linge<br \/>\nLes mat\u00e9riaux utilis\u00e9s pour nos portes sacs sont soigneusement s\u00e9lectionn\u00e9s et adapt\u00e9s aux produits transport\u00e9s.<br \/>\nNos sacs sont \u00e9tudi\u00e9s pour supporter les charges les plus \u00e9lev\u00e9es.<br \/>\nEntretien simplifi\u00e9 gr\u00e2ce au choix des mat\u00e9riaux<br \/>\nRoues pivotantes avec butoir annulaire de protection<br \/>\n<strong>Caract\u00e9ristiques techniques : <\/strong><br \/>\nStructure en tube noir matte \u00e9poxy<br \/>\nPliable : gain de place appr\u00e9ciable pour le rangement.<br \/>\n02 sacs en toile couleur bleu \/ rouge \/ beige capacit\u00e9 100L<br \/>\n4 roulettes pivotantes de Diam\u00e8tre 100 mm avec pare-chocs <\/p>\n","protected":false},"excerpt":{"rendered":"<p>Structure en tube noir matte \u00e9poxy<br \/>\nPliable : gain de place appr\u00e9ciable pour le rangement.<br \/>\n02 sacs en toile couleur bleu \/ rouge \/ beige capacit\u00e9 100L<br \/>\n4 roulettes pivotantes de Diam\u00e8tre 100 mm avec pare-chocs <\/p>\n","protected":false},"featured_media":3186,"comment_status":"open","ping_status":"closed","template":"","meta":[],"product_cat":[742,754,2056,108],"product_tag":[269,755],"class_list":["post-3183","product","type-product","status-publish","has-post-thumbnail","hentry","product_cat-buanderie_linge","product_cat-chariots-linge","product_cat-gamme-rolls","product_cat-hygiene","product_tag-chariots","product_tag-chariots-linge","pa_color-noir","pa_color-blanc","pa_domaine-collectivites","pa_domaine-hotel","pa_domaine-medical","pa_domaine-proprete","pa_material-acier"],"_links":{"self":[{"href":"https:\/\/aquatiss.com.tn\/fr\/wp-json\/wp\/v2\/product\/3183","targetHints":{"allow":["GET"]}}],"collection":[{"href":"https:\/\/aquatiss.com.tn\/fr\/wp-json\/wp\/v2\/product"}],"about":[{"href":"https:\/\/aquatiss.com.tn\/fr\/wp-json\/wp\/v2\/types\/product"}],"replies":[{"embeddable":true,"href":"https:\/\/aquatiss.com.tn\/fr\/wp-json\/wp\/v2\/comments?post=3183"}],"wp:featuredmedia":[{"embeddable":true,"href":"https:\/\/aquatiss.com.tn\/fr\/wp-json\/wp\/v2\/media\/3186"}],"wp:attachment":[{"href":"https:\/\/aquatiss.com.tn\/fr\/wp-json\/wp\/v2\/media?parent=3183"}],"wp:term":[{"taxonomy":"product_cat","embeddable":true,"href":"https:\/\/aquatiss.com.tn\/fr\/wp-json\/wp\/v2\/product_cat?post=3183"},{"taxonomy":"product_tag","embeddable":true,"href":"https:\/\/aquatiss.com.tn\/fr\/wp-json\/wp\/v2\/product_tag?post=3183"}],"curies":[{"name":"wp","href":"https:\/\/api.w.org\/{rel}","templated":true}]}}