{"id":3202,"date":"2017-03-14T17:13:18","date_gmt":"2017-03-14T17:13:18","guid":{"rendered":"http:\/\/gator4082.temp.domains\/~aquatiss\/?post_type=product&#038;p=3202"},"modified":"2021-05-31T14:52:02","modified_gmt":"2021-05-31T14:52:02","slug":"chariot-collecte-linge-x-inox-03-sacs-rolls","status":"publish","type":"product","link":"https:\/\/aquatiss.com.tn\/fr\/produit\/chariot-collecte-linge-x-inox-03-sacs-rolls\/","title":{"rendered":"Chariot collecte linge X inox 03 sacs Roll&rsquo;s"},"content":{"rendered":"<p>Chariot collecte linge X inox 03 sacs Roll&rsquo;s<\/p>\n<p>La gamme des chariots ROLL&rsquo;S \u00e0 03 sacs de 160 litres\/sac, facilite votre travail de transport linge<br \/>\nUtilis\u00e9s en buanderie ou a l&rsquo;\u00e9tage pour le tri s\u00e9lective du linge dans le domaine de l\u2019h\u00f4tellerie ou la collectivit\u00e9.<br \/>\nNos sacs sont \u00e9tudi\u00e9s pour supporter les charges les plus \u00e9lev\u00e9es<br \/>\nEntretien simplifi\u00e9 gr\u00e2ce au choix des mat\u00e9riaux<br \/>\nRoues pivotantes avec butoir annulaire de protection<\/p>\n<h4><strong>Caract\u00e9ristiques techniques Chariot collecte linge X inox 03 sacs Roll&rsquo;s: <\/strong><\/h4>\n<p>Structure en X inox<br \/>\nGrille inf\u00e9rieure inox fixe.<br \/>\n03 sacs en toile capacit\u00e9 160L<br \/>\nColories de sacs: rouge, beige, bleu et vert<br \/>\n4 roulettes pivotantes de Diam\u00e8tre 100 mm dont 2 \u00e0 frein avec pare-chocs<\/p>\n","protected":false},"excerpt":{"rendered":"<p>Structure\u00a0 X inox<br \/>\nPlate-forme grillag\u00e9e fixe<br \/>\n03 sacs en toile capacit\u00e9 160L<br \/>\nColories de sacs: rouge, beige, bleu et vert<br \/>\n4 roulettes pivotantes de Diam\u00e8tre 100 mm dont 2 \u00e0 frein avec pare-chocs<\/p>\n","protected":false},"featured_media":3205,"comment_status":"open","ping_status":"closed","template":"","meta":[],"product_cat":[742,754,2056,108],"product_tag":[269,755],"class_list":["post-3202","product","type-product","status-publish","has-post-thumbnail","hentry","product_cat-buanderie_linge","product_cat-chariots-linge","product_cat-gamme-rolls","product_cat-hygiene","product_tag-chariots","product_tag-chariots-linge","pa_domaine-collectivites","pa_domaine-entreprise","pa_domaine-food","pa_domaine-hotel","pa_domaine-industrie","pa_domaine-medical","pa_domaine-proprete"],"_links":{"self":[{"href":"https:\/\/aquatiss.com.tn\/fr\/wp-json\/wp\/v2\/product\/3202","targetHints":{"allow":["GET"]}}],"collection":[{"href":"https:\/\/aquatiss.com.tn\/fr\/wp-json\/wp\/v2\/product"}],"about":[{"href":"https:\/\/aquatiss.com.tn\/fr\/wp-json\/wp\/v2\/types\/product"}],"replies":[{"embeddable":true,"href":"https:\/\/aquatiss.com.tn\/fr\/wp-json\/wp\/v2\/comments?post=3202"}],"wp:featuredmedia":[{"embeddable":true,"href":"https:\/\/aquatiss.com.tn\/fr\/wp-json\/wp\/v2\/media\/3205"}],"wp:attachment":[{"href":"https:\/\/aquatiss.com.tn\/fr\/wp-json\/wp\/v2\/media?parent=3202"}],"wp:term":[{"taxonomy":"product_cat","embeddable":true,"href":"https:\/\/aquatiss.com.tn\/fr\/wp-json\/wp\/v2\/product_cat?post=3202"},{"taxonomy":"product_tag","embeddable":true,"href":"https:\/\/aquatiss.com.tn\/fr\/wp-json\/wp\/v2\/product_tag?post=3202"}],"curies":[{"name":"wp","href":"https:\/\/api.w.org\/{rel}","templated":true}]}}