{"id":32247,"date":"2022-03-23T16:21:41","date_gmt":"2022-03-23T16:21:41","guid":{"rendered":"https:\/\/aquatiss.com.tn\/?post_type=product&#038;p=32247"},"modified":"2025-04-11T10:10:06","modified_gmt":"2025-04-11T10:10:06","slug":"vitrine-refrigeree-vitree-4-faces-pour-boissons","status":"publish","type":"product","link":"https:\/\/aquatiss.com.tn\/fr\/produit\/vitrine-refrigeree-vitree-4-faces-pour-boissons\/","title":{"rendered":"Vitrine R\u00e9frig\u00e9r\u00e9e vitr\u00e9e 4 faces pour boissons"},"content":{"rendered":"<p>Vitrine R\u00e9frig\u00e9r\u00e9e vitr\u00e9e 4 faces pour boissons<\/p>\n<p>Armoire \u00e0 Boisson Vitr\u00e9e R\u00e9frig\u00e9r\u00e9e\u00a0 ventil\u00e9e. D\u00e9givrage temporis\u00e9. \u00c9clairage int\u00e9rieur au LED.<\/p>\n<p>Contr\u00f4le \u00e9lectronique de la temp\u00e9rature.<\/p>\n<p>Les 4 c\u00f4t\u00e9s d\u2019exposition offrent une vue d\u2019ensemble de tous les produits expos\u00e9s , en gardant l\u2019efficacit\u00e9 thermique du double vitrage.<\/p>\n<p>&nbsp;<\/p>\n<h4>Caract\u00e9ristiques Vitrine R\u00e9frig\u00e9r\u00e9e vitr\u00e9e 4 faces pour boissons<\/h4>\n<p>Dim. 42,8&#215;38,6xh115,2 cm<br \/>\nVitre 4 faces<br \/>\nTest \u00b0C\/RH +28\/60%<br \/>\nPuissance absorb\u00e9e W 170<br \/>\n\u00c9clairage LED<br \/>\nVoltage 230V\/1\/50Hz<br \/>\nD\u00e9givrage temporis\u00e9<br \/>\nDim. Int\u00e9rieures 35x35xh76 cm<br \/>\nR\u00e9glage temp\u00e9rature \u00e9lectronique<br \/>\nTemp\u00e9rature +2\u00ba\/+8\u00baC<br \/>\nGaz r\u00e9frig\u00e9rant R600a<br \/>\nPoids 38 Kg<br \/>\nCapacit\u00e9. 98 Lt<br \/>\n\u00c9quipement standard: 4 grilles 34&#215;33,5 cm<\/p>\n<p>&nbsp;<\/p>\n<p><a href=\"https:\/\/aquatiss.com.tn\/?s=Vitrine+r%C3%A9frig%C3%A9r%C3%A9e&amp;post_type=product&amp;type_aws=true\">Autres mod\u00e8les a d\u00e9couvrir\u00a0<\/a><\/p>\n","protected":false},"excerpt":{"rendered":"<p><span style=\"font-size: 14pt;\"><strong>Adapt\u00e9e pour\u00a0 Restauration \u00c9quipement Bar Et Snack Pr\u00e9sentoirs \/ Vitrines Snack<\/strong><\/span><\/p>\n<p>Capacit\u00e9s 125 canettes<br \/>\nDim. 42,8&#215;38,6xh115,2 cm<br \/>\nVitre 4 faces<br \/>\nTest \u00b0C\/RH +28\/60%<br \/>\nPuissance absorb\u00e9e W 170<br \/>\n\u00c9clairage LED<br \/>\nVoltage 230V\/1\/50Hz<br \/>\nD\u00e9givrage temporis\u00e9<br \/>\nDim. Int\u00e9rieures 35x35xh76 cm<br \/>\nR\u00e9glage temp\u00e9rature electronique<br \/>\nTemp\u00e9rature +2\u00ba\/+8\u00baC<br \/>\nGaz r\u00e9frig\u00e9rant R600a<br \/>\nPoids 38 Kg<br \/>\nCapacit\u00e9. 98 Lt<br \/>\n\u00c9quipement standard: 4 grilles 34&#215;33,5 cm<\/p>\n","protected":false},"featured_media":32250,"comment_status":"open","ping_status":"closed","template":"","meta":[],"product_cat":[2084],"product_tag":[2088],"class_list":["post-32247","product","type-product","status-publish","has-post-thumbnail","hentry","product_cat-vitrine","product_tag-vitrine-refrigeree"],"_links":{"self":[{"href":"https:\/\/aquatiss.com.tn\/fr\/wp-json\/wp\/v2\/product\/32247","targetHints":{"allow":["GET"]}}],"collection":[{"href":"https:\/\/aquatiss.com.tn\/fr\/wp-json\/wp\/v2\/product"}],"about":[{"href":"https:\/\/aquatiss.com.tn\/fr\/wp-json\/wp\/v2\/types\/product"}],"replies":[{"embeddable":true,"href":"https:\/\/aquatiss.com.tn\/fr\/wp-json\/wp\/v2\/comments?post=32247"}],"wp:featuredmedia":[{"embeddable":true,"href":"https:\/\/aquatiss.com.tn\/fr\/wp-json\/wp\/v2\/media\/32250"}],"wp:attachment":[{"href":"https:\/\/aquatiss.com.tn\/fr\/wp-json\/wp\/v2\/media?parent=32247"}],"wp:term":[{"taxonomy":"product_cat","embeddable":true,"href":"https:\/\/aquatiss.com.tn\/fr\/wp-json\/wp\/v2\/product_cat?post=32247"},{"taxonomy":"product_tag","embeddable":true,"href":"https:\/\/aquatiss.com.tn\/fr\/wp-json\/wp\/v2\/product_tag?post=32247"}],"curies":[{"name":"wp","href":"https:\/\/api.w.org\/{rel}","templated":true}]}}