{"id":32290,"date":"2022-03-28T14:14:27","date_gmt":"2022-03-28T14:14:27","guid":{"rendered":"https:\/\/aquatiss.com.tn\/?post_type=product&#038;p=32290"},"modified":"2025-04-22T15:21:01","modified_gmt":"2025-04-22T15:21:01","slug":"distributeur-de-granite-jus-3-cuves-3x12-l-bras","status":"publish","type":"product","link":"https:\/\/aquatiss.com.tn\/fr\/produit\/distributeur-de-granite-jus-3-cuves-3x12-l-bras\/","title":{"rendered":"Distributeur de granite jus 3 cuves 3\u00d712 L BRAS"},"content":{"rendered":"<p>Distributeur de granite jus 3 cuves 3\u00d712 L BRAS<\/p>\n<p>Le Distributeur de granite jus 3 cuves 3\u00d712 L BRAS \u00a0<strong>s\u00e9rie FBM<\/strong>\u00a0pour la fabrication du granite\u00a0 et la\u00a0 distribution d\u2019autres boissons telles que les sorbets,\u00a0 cocktails et diff\u00e9rentes cr\u00e8me .<\/p>\n<p>La ligne de FBM inclut les mod\u00e8les compacts et fiables avec 03cuvettes.<\/p>\n<p>Leur visibilit\u00e9 totale augmente le nombre de vos ventes et assure des b\u00e9n\u00e9fices \u00e9lev\u00e9s. capacit\u00e9 de 2\u00d712 litres,<\/p>\n<p>Distributeur de granite jus 2 cuves 3\u00d712 L BRAS sont destin\u00e9s \u00e0 la cong\u00e9lation du jus, La cr\u00e8me glac\u00e9e aux fruits liquide semblable au milkshake .<br \/>\nIl peut \u00eatre bu \u00e0 partir d\u2019une paille \u00e9paisse ou d\u2019une petite cuill\u00e8re.<\/p>\n<p>Distributeur de jus 2 cuvettes BRAS sont \u00e9quip\u00e9s de bo\u00eetier est en acier inoxydable .<br \/>\nde conteneurs amovibles transparents en polycarbonate alimentaire ;<\/p>\n<h4>Caract\u00e9ristiques techniques Distributeur de granite jus 3 cuves 3\u00d712 L BRAS<\/h4>\n<p>Hachage au moyen du ventilateur \u00e0 pales.<br \/>\nCuvettes antichoc\u00a0 alimentaire\u00a0 polycarbonate.<br \/>\nR\u00e9gulation ind\u00e9pendante de la temp\u00e9rature de chaque capacit\u00e9.<br \/>\nUn r\u00e9gulateur de pression .<br \/>\nCompresseur \u00e9tanche.<br \/>\nNiveau sonore est inf\u00e9rieur \u00e0 70 dB.<br \/>\nCondenseur de refroidissement par air.<br \/>\nProtection contre les diff\u00e9rences tension.<br \/>\nFonction arr\u00eat de travail au retrait du couvercle selon mod\u00e8les.<br \/>\nTension de 220 V.<br \/>\nNombre de cuve :3<br \/>\nPuissance, kW : 1,1<br \/>\nDimensions 36 x54 x69 cm<\/p>\n","protected":false},"excerpt":{"rendered":"<p><strong>pour la fabrication\u00a0 granite\u00a0 et la\u00a0 distribution d\u2019autres boissons telles que les sorbets,\u00a0 cocktails et diff\u00e9rentes cr\u00e8me s\u00e9rie FBM\u00a0<\/strong><\/p>\n<p>Hachage au moyen de ventilateur \u00e0 pales.<br \/>\n03Cuves antichoc\u00a0 alimentaire\u00a0 polycarbonate.<br \/>\nCondenseur de refroidissement par air.<br \/>\nProtection contre les diff\u00e9rentes tensions.<br \/>\nDimensions 47&#215;54 x69 cm<br \/>\nTension de 220 V.<br \/>\nNombre de cuve : 3<br \/>\nPuissance, kW : 1,1<\/p>\n","protected":false},"featured_media":32291,"comment_status":"open","ping_status":"closed","template":"","meta":[],"product_cat":[104,639],"product_tag":[2091],"class_list":["post-32290","product","type-product","status-publish","has-post-thumbnail","hentry","product_cat-electromenager","product_cat-machines-de-glace","product_tag-distributeur-de-granite-jus"],"_links":{"self":[{"href":"https:\/\/aquatiss.com.tn\/fr\/wp-json\/wp\/v2\/product\/32290","targetHints":{"allow":["GET"]}}],"collection":[{"href":"https:\/\/aquatiss.com.tn\/fr\/wp-json\/wp\/v2\/product"}],"about":[{"href":"https:\/\/aquatiss.com.tn\/fr\/wp-json\/wp\/v2\/types\/product"}],"replies":[{"embeddable":true,"href":"https:\/\/aquatiss.com.tn\/fr\/wp-json\/wp\/v2\/comments?post=32290"}],"wp:featuredmedia":[{"embeddable":true,"href":"https:\/\/aquatiss.com.tn\/fr\/wp-json\/wp\/v2\/media\/32291"}],"wp:attachment":[{"href":"https:\/\/aquatiss.com.tn\/fr\/wp-json\/wp\/v2\/media?parent=32290"}],"wp:term":[{"taxonomy":"product_cat","embeddable":true,"href":"https:\/\/aquatiss.com.tn\/fr\/wp-json\/wp\/v2\/product_cat?post=32290"},{"taxonomy":"product_tag","embeddable":true,"href":"https:\/\/aquatiss.com.tn\/fr\/wp-json\/wp\/v2\/product_tag?post=32290"}],"curies":[{"name":"wp","href":"https:\/\/api.w.org\/{rel}","templated":true}]}}