{"id":32292,"date":"2022-03-28T16:53:22","date_gmt":"2022-03-28T16:53:22","guid":{"rendered":"https:\/\/aquatiss.com.tn\/?post_type=product&#038;p=32292"},"modified":"2026-04-27T09:02:08","modified_gmt":"2026-04-27T09:02:08","slug":"distributeur-de-jus-1-cuve-bras","status":"publish","type":"product","link":"https:\/\/aquatiss.com.tn\/fr\/produit\/distributeur-de-jus-1-cuve-bras\/","title":{"rendered":"Distributeur de jus 1 cuve BRAS"},"content":{"rendered":"<p>Distributeur de jus 1 cuve BRAS<\/p>\n<p class=\"legendtag\">Distributeur boissons froides r\u00e9servoir 8L BRAS<\/p>\n<p>Cuve et Couvercle : r\u00e9alis\u00e9s en polycarbonate transparent facile \u00e0 enlever et a nettoyer.<br \/>\nCouvercle \u00e0 double chambre pour une meilleure isolation thermique.<br \/>\nSyst\u00e8me d\u2019agitation par des palettes d\u2019agitation en derlin qui \u00e9vitent la formation de mousse et l\u2019oxydation du produit.<br \/>\nR\u00e9frig\u00e9ration: compresseur herm\u00e9tique, avec condensateur \u00e0 air forc\u00e9 (220V.-50\/60Hz tensions diff\u00e9rentes disponibles sur demande).<br \/>\nSyst\u00e8me de r\u00e9frig\u00e9ration exclusif et haute capacit\u00e9 de refroidissement.<br \/>\nRobinet se compose seulement de deux parties en acier inoxydable, de dur\u00e9e illimit\u00e9e.<br \/>\nContr\u00f4le temp\u00e9rature par un thermostat r\u00e9glable.<\/p>\n<p>&nbsp;<\/p>\n<h4>Caract\u00e9ristique\u00a0 Distributeur de jus 1 cuve BRAS<\/h4>\n<p>Simple, pratique, polyvalent,<br \/>\nCorps en acier inoxydable.<br \/>\nCompresseur herm\u00e9tique.<br \/>\nLxPxH 18x40x63 cm<br \/>\nCapacit\u00e9 du r\u00e9cipient Bac 8L.<br \/>\n1 thermostat r\u00e9glable, 230 volts.<br \/>\nCondenseur refroidi par air.<br \/>\nProtection du moteur.<br \/>\nNiveau bruit \u00e0 70 dB<\/p>\n","protected":false},"excerpt":{"rendered":"<p><strong>servir des boissons r\u00e9frig\u00e9r\u00e9es rafra\u00eechissantes comme des jus de fruits ou de la limonade fra\u00eeche<\/strong><\/p>\n<p>Simple, pratique, polyvalent,<br \/>\nCorps en acier inoxydable.<br \/>\nCompresseur herm\u00e9tique.<br \/>\nL x P x H 18x40x63 cm<br \/>\nCapacit\u00e9 du r\u00e9cipient Bac 8L.<br \/>\n1 thermostat r\u00e9glable, 230 volts.<br \/>\nCondenseur refroidi par air.<br \/>\nProtection du moteur.<br \/>\nNiveau bruit \u00e0 70 dB<\/p>\n","protected":false},"featured_media":32339,"comment_status":"open","ping_status":"closed","template":"","meta":[],"product_cat":[2092,104],"product_tag":[2093],"class_list":["post-32292","product","type-product","status-publish","has-post-thumbnail","hentry","product_cat-distributeur-jus","product_cat-electromenager","product_tag-distributeur-jus"],"_links":{"self":[{"href":"https:\/\/aquatiss.com.tn\/fr\/wp-json\/wp\/v2\/product\/32292","targetHints":{"allow":["GET"]}}],"collection":[{"href":"https:\/\/aquatiss.com.tn\/fr\/wp-json\/wp\/v2\/product"}],"about":[{"href":"https:\/\/aquatiss.com.tn\/fr\/wp-json\/wp\/v2\/types\/product"}],"replies":[{"embeddable":true,"href":"https:\/\/aquatiss.com.tn\/fr\/wp-json\/wp\/v2\/comments?post=32292"}],"wp:featuredmedia":[{"embeddable":true,"href":"https:\/\/aquatiss.com.tn\/fr\/wp-json\/wp\/v2\/media\/32339"}],"wp:attachment":[{"href":"https:\/\/aquatiss.com.tn\/fr\/wp-json\/wp\/v2\/media?parent=32292"}],"wp:term":[{"taxonomy":"product_cat","embeddable":true,"href":"https:\/\/aquatiss.com.tn\/fr\/wp-json\/wp\/v2\/product_cat?post=32292"},{"taxonomy":"product_tag","embeddable":true,"href":"https:\/\/aquatiss.com.tn\/fr\/wp-json\/wp\/v2\/product_tag?post=32292"}],"curies":[{"name":"wp","href":"https:\/\/api.w.org\/{rel}","templated":true}]}}