{"id":32300,"date":"2022-03-25T19:13:08","date_gmt":"2022-03-25T19:13:08","guid":{"rendered":"https:\/\/aquatiss.com.tn\/?post_type=product&#038;p=32300"},"modified":"2024-02-14T08:58:35","modified_gmt":"2024-02-14T08:58:35","slug":"distributeur-professionnel-de-chocolat-chaud-5l-saro","status":"publish","type":"product","link":"https:\/\/aquatiss.com.tn\/fr\/produit\/distributeur-professionnel-de-chocolat-chaud-5l-saro\/","title":{"rendered":"Distributeur professionnel de chocolat chaud 5L SARO"},"content":{"rendered":"<p>Distributeur professionnel de chocolat chaud 5L SARO<\/p>\n<p>Le chocolat soluble pour\u00a0<em>chocolati\u00e8re<\/em>\u00a0type distributeur<\/p>\n<p>Cette chocolati\u00e8re professionnelle 5 litres Blanche<\/p>\n<p>est un outil indispensable pour la pr\u00e9paration de diff\u00e9rentes boissons chaudes comme le chocolat, le vin chaud,<\/p>\n<p>Cette machine \u00e0 chocolat est con\u00e7ue avec un niveau de bruit sonore inf\u00e9rieur \u00e0 70 dba,<\/p>\n<p>sa puissance \u00e9lectrique est de 0,8KW.<\/p>\n<p>Contr\u00f4le de la temp\u00e9rature variable: +30\u00b0 \/ +90\u00b0C \/ \u00c9quip\u00e9 d&rsquo;un agitateur \/\u00a0Capacit\u00e9: 5 litres.<\/p>\n<p>Gr\u00e2ce \u00e0 la chocolati\u00e8re SARO de chez aquatiss vous allez r\u00e9aliser des chocolats chauds savoureux et onctueux. Dot\u00e9 d&rsquo;un robinet de distribution amovible ce dernier se nettoie parfaitement.<br \/>\nSon bol de 5 litres en polycarbonate transparent se retire en un tour de main et se lave en machine.<\/p>\n<p>M\u00eame plein le bol se retire et peut se placer au r\u00e9frig\u00e9rateur permettant ainsi de garder la pr\u00e9paration dans les meilleurs conditions.<\/p>\n<p>Muni d&rsquo;un thermostat pour r\u00e9gler au mieux la temp\u00e9rature, son syst\u00e8me de chauffe permet un r\u00e9chauffage en 15mins.<\/p>\n<p>Id\u00e9al pour la pr\u00e9paration des chocolats chaud mais \u00e9galement pour les autres pr\u00e9parations liquides comme les sauces par exemple.<\/p>\n<p>La chocolati\u00e8re SARO est \u00e9quip\u00e9e d&rsquo;un d&rsquo;un bras m\u00e9langeur permettant de brasser en continu votre pr\u00e9paration.<\/p>\n<p>&nbsp;<\/p>\n<h4>Caracteristiques Distributeur professionnel de chocolat chaud 5L SARO<\/h4>\n<p>Marque SARO<br \/>\nId\u00e9al pour le r\u00e9chauffement du chocolat dense<br \/>\n\u00c9quip\u00e9 d&rsquo;un agitateur<br \/>\nCapacit\u00e9: 5 litres.<br \/>\nBol amovible m\u00eame si rempli<br \/>\nNettoyage facile \/ Robinet de s\u00e9curit\u00e9 anti-gouttes<br \/>\nContr\u00f4le de la temp\u00e9rature variable: +30\u00b0 \/ +90\u00b0C<br \/>\nProtection contre les risques de surchauffe<br \/>\nPoids: 6,5 kg<br \/>\nDim .: W 260 x P 320 x H 500 mm<br \/>\nAlimentation .: 230 V \/ 1 HP \/ 1,1 kW<\/p>\n","protected":false},"excerpt":{"rendered":"<p><strong><span style=\"font-size: 14pt\">outil indispensable pour la pr\u00e9paration de diff\u00e9rentes boissons chaudes comme le chocolat, le vin chaud<\/span><\/strong><\/p>\n<p>Id\u00e9al pour chauffer du chocolat liquide et dense<br \/>\nEquip\u00e9 d&rsquo;un agitateur<br \/>\nBol 5L amovible m\u00eame si rempli<br \/>\nNettoyage facile \/ Robinet de s\u00e9curit\u00e9 anti-gouttes<br \/>\nContr\u00f4le de la temp\u00e9rature variable<br \/>\nProtection contre la surchauffe<br \/>\nTemp.: +30\/+90 \u00b0C<br \/>\nDim Ext.: L 260 x P 320 x H 500 mm<\/p>\n<p><strong>Garantie<\/strong> 1 ans<\/p>\n","protected":false},"featured_media":40471,"comment_status":"open","ping_status":"closed","template":"","meta":[],"product_cat":[2038,2089],"product_tag":[],"class_list":["post-32300","product","type-product","status-publish","has-post-thumbnail","hentry","product_cat-aleses","product_cat-machine-preparation-chocolat"],"_links":{"self":[{"href":"https:\/\/aquatiss.com.tn\/fr\/wp-json\/wp\/v2\/product\/32300","targetHints":{"allow":["GET"]}}],"collection":[{"href":"https:\/\/aquatiss.com.tn\/fr\/wp-json\/wp\/v2\/product"}],"about":[{"href":"https:\/\/aquatiss.com.tn\/fr\/wp-json\/wp\/v2\/types\/product"}],"replies":[{"embeddable":true,"href":"https:\/\/aquatiss.com.tn\/fr\/wp-json\/wp\/v2\/comments?post=32300"}],"wp:featuredmedia":[{"embeddable":true,"href":"https:\/\/aquatiss.com.tn\/fr\/wp-json\/wp\/v2\/media\/40471"}],"wp:attachment":[{"href":"https:\/\/aquatiss.com.tn\/fr\/wp-json\/wp\/v2\/media?parent=32300"}],"wp:term":[{"taxonomy":"product_cat","embeddable":true,"href":"https:\/\/aquatiss.com.tn\/fr\/wp-json\/wp\/v2\/product_cat?post=32300"},{"taxonomy":"product_tag","embeddable":true,"href":"https:\/\/aquatiss.com.tn\/fr\/wp-json\/wp\/v2\/product_tag?post=32300"}],"curies":[{"name":"wp","href":"https:\/\/api.w.org\/{rel}","templated":true}]}}