{"id":32387,"date":"2022-03-31T15:25:39","date_gmt":"2022-03-31T15:25:39","guid":{"rendered":"https:\/\/aquatiss.com.tn\/?post_type=product&#038;p=32387"},"modified":"2025-03-21T07:55:08","modified_gmt":"2025-03-21T07:55:08","slug":"thermometre-infrarouge-prise-de-temperature-des-aliments-50-c-a-400-c-louis-tellier","status":"publish","type":"product","link":"https:\/\/aquatiss.com.tn\/fr\/produit\/thermometre-infrarouge-prise-de-temperature-des-aliments-50-c-a-400-c-louis-tellier\/","title":{"rendered":"Thermom\u00e8tre infrarouge prise de temp\u00e9rature des aliments &#8211; 50\u00b0 C \u00e0 + 400\u00b0 C  Louis Tellier"},"content":{"rendered":"<p>Thermom\u00e8tre infrarouge prise de temp\u00e9rature des aliments &#8211; 50\u00b0 C \u00e0 + 400\u00b0 C Louis Tellier<\/p>\n<p><strong>Un thermom\u00e8tre sans contact<\/strong><\/p>\n<p>Ce thermom\u00e8tre\u00a0<strong>infrarouge<\/strong>\u00a0nous vient de la marque\u00a0<strong>Tellier<\/strong>, elle est con\u00e7ue pour une prise de temp\u00e9rature\u00a0<strong>pr\u00e9cise<\/strong>\u00a0des aliments\u00a0<strong>sans contact<\/strong>. Elle permet un relev\u00e9 de temp\u00e9rature de\u00a0<strong>\u00b1 1\u00b0C<\/strong>, le lecteur laser peut aller \u00e0 une\u00a0<strong>distance<\/strong>\u00a0allant jusqu&rsquo;\u00e0\u00a0<strong>9 m<\/strong>.<\/p>\n<p>Ce thermom\u00e8tre vous permettra en rien de temps de savoir si vos plats sont suffisamment cuits, il ne lui faut qu&rsquo;une seconde pour afficher le r\u00e9sultat. Une solution id\u00e9ale pour une d\u00e9marche de respect des normes d&rsquo;hygi\u00e8ne.<\/p>\n<p>Thermom\u00e8tre \u00e0 vis\u00e9e laser,\u00a0<strong>mesure la temp\u00e9rature \u00e0 distance<\/strong>, sans contact.<br \/>\nFonctionne avec deux piles type LR03 &#8211; AAA &#8211; 1.5 v (livr\u00e9es)<br \/>\nS&rsquo;\u00e9teint automatiquement apr\u00e8s 15 secondes d&rsquo;inutilisation.<\/p>\n<h4>Caract\u00e9ristiques Thermom\u00e8tre infrarouge prise de temp\u00e9rature des aliments &#8211; 50\u00b0 C \u00e0 + 400\u00b0 C Louis Tellier<\/h4>\n<p>Plage de prise de temp\u00e9rature : &#8211; 50\u00b0 C \u00e0 + 400\u00b0 C<br \/>\nPr\u00e9cision : +\/- 1,0\u00b0 C<br \/>\nR\u00e9solution : 0,1\u00b0C<br \/>\nTemps de r\u00e9ponse : 1 seconde<br \/>\nDistance maximum d&rsquo;utilisation : 9 m\u00e8tres<br \/>\nVendu sans certificat d&rsquo;\u00e9talonnage.<br \/>\nPoids net : 179 g (piles comprises)<br \/>\nDimensions :17,5 x 3,9 x 7,19 cm.<br \/>\nTemp\u00e9rature entre 50\u00b0 \u00e0 500\u00b0 C<br \/>\nPr\u00e9cision : +\/- 1\u00b0C<br \/>\nLongueur de la Sonde : 12 cm<\/p>\n","protected":false},"excerpt":{"rendered":"<p><strong>Ce thermom\u00e8tre vous permettra en rien de temps de savoir si vos plats sont suffisamment cuits\u00a0 Sonde \u00a012 cm \u00a0<\/strong><\/p>\n<p>Plage de prise de temp\u00e9rature : &#8211; 50\u00b0 C \u00e0 + 400\u00b0 C<br \/>\nDistance maximum d&rsquo;utilisation : 9 m\u00e8tres<br \/>\nDimensions :17,5 x 3,9 x 7,19 cm.<br \/>\nTemp\u00e9rature entre 50\u00b0 \u00e0 500\u00b0 C<br \/>\nPr\u00e9cision : +\/- 1\u00b0C<br \/>\nLongueur de la Sonde : 12 cm<br \/>\nHouse porte thermom\u00e8tre.<\/p>\n","protected":false},"featured_media":32420,"comment_status":"open","ping_status":"closed","template":"","meta":[],"product_cat":[108,2020],"product_tag":[],"class_list":["post-32387","product","type-product","status-publish","has-post-thumbnail","hentry","product_cat-hygiene","product_cat-produit-medical"],"_links":{"self":[{"href":"https:\/\/aquatiss.com.tn\/fr\/wp-json\/wp\/v2\/product\/32387","targetHints":{"allow":["GET"]}}],"collection":[{"href":"https:\/\/aquatiss.com.tn\/fr\/wp-json\/wp\/v2\/product"}],"about":[{"href":"https:\/\/aquatiss.com.tn\/fr\/wp-json\/wp\/v2\/types\/product"}],"replies":[{"embeddable":true,"href":"https:\/\/aquatiss.com.tn\/fr\/wp-json\/wp\/v2\/comments?post=32387"}],"wp:featuredmedia":[{"embeddable":true,"href":"https:\/\/aquatiss.com.tn\/fr\/wp-json\/wp\/v2\/media\/32420"}],"wp:attachment":[{"href":"https:\/\/aquatiss.com.tn\/fr\/wp-json\/wp\/v2\/media?parent=32387"}],"wp:term":[{"taxonomy":"product_cat","embeddable":true,"href":"https:\/\/aquatiss.com.tn\/fr\/wp-json\/wp\/v2\/product_cat?post=32387"},{"taxonomy":"product_tag","embeddable":true,"href":"https:\/\/aquatiss.com.tn\/fr\/wp-json\/wp\/v2\/product_tag?post=32387"}],"curies":[{"name":"wp","href":"https:\/\/api.w.org\/{rel}","templated":true}]}}