{"id":32439,"date":"2022-04-09T09:12:45","date_gmt":"2022-04-09T09:12:45","guid":{"rendered":"https:\/\/aquatiss.com.tn\/?post_type=product&#038;p=32439"},"modified":"2025-09-05T10:30:20","modified_gmt":"2025-09-05T10:30:20","slug":"chaise-banquet-aluminium-empilable-dossier-arrondi-vip","status":"publish","type":"product","link":"https:\/\/aquatiss.com.tn\/fr\/produit\/chaise-banquet-aluminium-empilable-dossier-arrondi-vip\/","title":{"rendered":"Chaise banquet aluminium empilable dossier arrondi VIP"},"content":{"rendered":"<p>Chaise banquet aluminium empilable dossier arrondi VIP<\/p>\n<p>Chaise banquet cadre en aluminium Confortable tr\u00e8s l\u00e9g\u00e8re assise avec rembourrage<\/p>\n<p>Cette Chaise banquet aluminium empilable dossier arrondi VIP est une chaise robuste qui dispose d&rsquo;un cadre<br \/>\nqui a \u00e9t\u00e9 test\u00e9 pour supporter une capacit\u00e9 allant jusqu&rsquo;\u00e0 225 kg.<\/p>\n<p>Vous pouvez utiliser cette chaise banquet aluminium empilable dossier arrondi VIP pour de nombreuses occasions.<\/p>\n<p>Les chaises de banquet font de beaux si\u00e8ges d&rsquo;\u00e9v\u00e9nement sans accessoires suppl\u00e9mentaires.<br \/>\nCette chaise de banquet peut \u00eatre utilis\u00e9e dans les salles de banquet,<br \/>\nles c\u00e9r\u00e9monies de mariage, les salles de formation, les r\u00e9unions de conf\u00e9rence, les h\u00f4tels,<br \/>\nles centres de conf\u00e9rence, les \u00e9coles et toute autre fonction n\u00e9cessitant des arrangements<br \/>\npratiques pour les si\u00e8ges.<\/p>\n<p>Non seulement ces chaises sont un excellent choix d&rsquo;assise pour<br \/>\ndes \u00e9v\u00e9nements commerciaux et h\u00f4teliers, mais elles sont \u00e9galement parfaites pour la maison<br \/>\npour des si\u00e8ges suppl\u00e9mentaires ou comme si\u00e8ge de salle \u00e0 manger.<\/p>\n<p>Cette Chaise banquet aluminium empilable dossier arrondi VIP dispose de protections pare-chocs qui emp\u00eachent les rayures sur le cadre tout en \u00e9tant empil\u00e9es.<br \/>\nTransportez facilement ces chaises apr\u00e8s un grand \u00e9v\u00e9nement r\u00e9ussi en \u00e9quipant vous-m\u00eame.<\/p>\n<p>vendu par lot de 4 chaises<\/p>\n<p>chaise de banquet structure en aluminium tr\u00e8s solide, rev\u00eatue peinture au four couleur au choix.<br \/>\nCette chaise de banquet a une poign\u00e9e pratique sur le dossier pour un positionnement ais\u00e9 et barres lat\u00e9rales pour une robustesse accrue.<\/p>\n<h4>Caract\u00e9ristiques<\/h4>\n<p>vendu par lot de 4 chaises<br \/>\nCouleur cadre aux choix<br \/>\nRev\u00eatement sur commande<br \/>\nCh\u00e2ssis aluminium l\u00e9ger<br \/>\nFaciles \u00e0 d\u00e9placer.<br \/>\nExtr\u00eamement durables.<br \/>\nR\u00e9sistants \u00e0 la rouille .<br \/>\nEmpilables<br \/>\nPare-chocs emp\u00eachent les rayures<br \/>\nHauteur du si\u00e8ge 460mm<br \/>\nDimensions 940(h) x 440(l) x 470(p)mm<br \/>\nHauteur de l&rsquo;assise 460mm<\/p>\n<p><strong>Garantie<\/strong> 1 an<\/p>\n","protected":false},"excerpt":{"rendered":"<p><strong>Chaise l\u00e9g\u00e8re, empilable, \u00e9l\u00e9gante et confortable a utiliser dans les salles de banquet, <\/strong><strong>les c\u00e9r\u00e9monies de mariage, les salles de formation, les r\u00e9unions de conf\u00e9rence, les\u00a0<\/strong><b>h\u00f4tels, les centres de conf\u00e9rence, les \u00e9coles\u2026<\/b><\/p>\n<p>Vendu par lot de 6 chaises<br \/>\nCouleur cadre aux choix<br \/>\nRev\u00eatement sur commande<br \/>\nCh\u00e2ssis aluminium l\u00e9ger<br \/>\nFaciles \u00e0 d\u00e9placer.<br \/>\nExtr\u00eamement durables.<br \/>\nR\u00e9sistants \u00e0 la rouille .<br \/>\nEmpilables<br \/>\nPare-chocs emp\u00eachent les rayures<br \/>\nHauteur du si\u00e8ge 460mm<br \/>\nDimensions 940(h) x 440(l) x 470(p)mm<br \/>\nHauteur de l&rsquo;assise 460mm<\/p>\n<p><strong>Garantie<\/strong> 1 an<\/p>\n","protected":false},"featured_media":32440,"comment_status":"open","ping_status":"closed","template":"","meta":[],"product_cat":[606],"product_tag":[878],"class_list":["post-32439","product","type-product","status-publish","has-post-thumbnail","hentry","product_cat-chaise","product_tag-chaise"],"_links":{"self":[{"href":"https:\/\/aquatiss.com.tn\/fr\/wp-json\/wp\/v2\/product\/32439","targetHints":{"allow":["GET"]}}],"collection":[{"href":"https:\/\/aquatiss.com.tn\/fr\/wp-json\/wp\/v2\/product"}],"about":[{"href":"https:\/\/aquatiss.com.tn\/fr\/wp-json\/wp\/v2\/types\/product"}],"replies":[{"embeddable":true,"href":"https:\/\/aquatiss.com.tn\/fr\/wp-json\/wp\/v2\/comments?post=32439"}],"wp:featuredmedia":[{"embeddable":true,"href":"https:\/\/aquatiss.com.tn\/fr\/wp-json\/wp\/v2\/media\/32440"}],"wp:attachment":[{"href":"https:\/\/aquatiss.com.tn\/fr\/wp-json\/wp\/v2\/media?parent=32439"}],"wp:term":[{"taxonomy":"product_cat","embeddable":true,"href":"https:\/\/aquatiss.com.tn\/fr\/wp-json\/wp\/v2\/product_cat?post=32439"},{"taxonomy":"product_tag","embeddable":true,"href":"https:\/\/aquatiss.com.tn\/fr\/wp-json\/wp\/v2\/product_tag?post=32439"}],"curies":[{"name":"wp","href":"https:\/\/api.w.org\/{rel}","templated":true}]}}