{"id":3250,"date":"2017-03-15T15:24:02","date_gmt":"2017-03-15T14:24:02","guid":{"rendered":"http:\/\/gator4082.temp.domains\/~aquatiss\/?post_type=product&#038;p=3250"},"modified":"2017-03-15T15:25:06","modified_gmt":"2017-03-15T14:25:06","slug":"chariot-de-nettoyage-multi-utilisation-5","status":"publish","type":"product","link":"https:\/\/aquatiss.com.tn\/fr\/produit\/chariot-de-nettoyage-multi-utilisation-5\/","title":{"rendered":"Chariot de nettoyage multi-utilisation"},"content":{"rendered":"<p>Structure en plastique polypropyl\u00e8ne et manette en acier ultra compact id\u00e9al pour le nettoyage professionnel de petites surfaces<br \/>\nDeux seaux de 30L<br \/>\nPermettant de s\u00e9parer le seau de nettoyage du seau de rin\u00e7age pour les meilleurs r\u00e9sultats de nettoyage ainsi qu\u2019une presse d\u2019essorage<br \/>\nLa s\u00e9paration des seaux r\u00e9duit fortement la contamination ,d\u2019\u00e9conomiser l&rsquo;eau,r\u00e9duisant la dur\u00e9e du travail avec un effort minimum du nettoyage.<\/p>\n","protected":false},"excerpt":{"rendered":"<p>Structure en plastique polypropyl\u00e8ne et manette en acier ultra compact<br \/>\nDeux seaux de 30L<\/p>\n","protected":false},"featured_media":3251,"comment_status":"open","ping_status":"closed","template":"","meta":[],"product_cat":[112,108],"product_tag":[269],"class_list":["post-3250","product","type-product","status-publish","has-post-thumbnail","hentry","product_cat-chariots-de-nettoyage","product_cat-hygiene","product_tag-chariots","pa_domaine-collectivites","pa_domaine-entreprise","pa_domaine-food","pa_domaine-hotel","pa_domaine-industrie","pa_domaine-medical","pa_domaine-proprete"],"_links":{"self":[{"href":"https:\/\/aquatiss.com.tn\/fr\/wp-json\/wp\/v2\/product\/3250","targetHints":{"allow":["GET"]}}],"collection":[{"href":"https:\/\/aquatiss.com.tn\/fr\/wp-json\/wp\/v2\/product"}],"about":[{"href":"https:\/\/aquatiss.com.tn\/fr\/wp-json\/wp\/v2\/types\/product"}],"replies":[{"embeddable":true,"href":"https:\/\/aquatiss.com.tn\/fr\/wp-json\/wp\/v2\/comments?post=3250"}],"wp:featuredmedia":[{"embeddable":true,"href":"https:\/\/aquatiss.com.tn\/fr\/wp-json\/wp\/v2\/media\/3251"}],"wp:attachment":[{"href":"https:\/\/aquatiss.com.tn\/fr\/wp-json\/wp\/v2\/media?parent=3250"}],"wp:term":[{"taxonomy":"product_cat","embeddable":true,"href":"https:\/\/aquatiss.com.tn\/fr\/wp-json\/wp\/v2\/product_cat?post=3250"},{"taxonomy":"product_tag","embeddable":true,"href":"https:\/\/aquatiss.com.tn\/fr\/wp-json\/wp\/v2\/product_tag?post=3250"}],"curies":[{"name":"wp","href":"https:\/\/api.w.org\/{rel}","templated":true}]}}