{"id":32794,"date":"2022-05-10T11:22:07","date_gmt":"2022-05-10T11:22:07","guid":{"rendered":"https:\/\/aquatiss.com.tn\/?post_type=product&#038;p=32794"},"modified":"2022-05-10T14:07:20","modified_gmt":"2022-05-10T14:07:20","slug":"distributeur-de-gel-savon-370ml","status":"publish","type":"product","link":"https:\/\/aquatiss.com.tn\/fr\/produit\/distributeur-de-gel-savon-370ml\/","title":{"rendered":"Distributeur de gel &#8211; savon 370ml"},"content":{"rendered":"<p>Distributeur de gel &#8211; savon 370ml<br \/>\nen ABS Blanc- transparent<br \/>\nEst un\u00a0 distributeur de liquide (savon)\u00a0 mural\u00a0 a clef de savons liquides utilisable \u00e0 la maison comme dans tout local public ou professionnel.<\/p>\n<p><strong>UTILISATION A LA MAISON<\/strong><\/p>\n<p>Ce Distributeur de gel &#8211; savon\u00a0 370ML <strong>\u00a0ABS Blanc- transparent\u00a0 mural <\/strong>\u00e9vite les contacts avec le savon pour <strong>plus d&rsquo;hygi\u00e8ne<\/strong>.<\/p>\n<p>En plus \u00c9conomique, son syst\u00e8me d\u00e9livre la dose optimale de savon et\u00a0 <strong>\u00e9vite ainsi tout gaspillage<\/strong>.<\/p>\n<p>Son montage est tr\u00e8s simple, il trouve facilement sa place gr\u00e2ce \u00e0 son syst\u00e8me <strong>de<\/strong> fixation murale<\/p>\n<p>Ce Distributeur de gel &#8211; savon est\u00a0tr\u00e8s utile\u00a0dans l<strong>a salle de bain, les toilettes et la cuisine<\/strong>.<\/p>\n<p>Par ailleurs, tr\u00e8s pratique sur l&rsquo;\u00e9vier de cuisine (liquide vaisselle), le lavabo (<a href=\"http:\/\/gator4082.temp.domains\/~aquatiss\/categorie-produit\/hygiene\/gel-savon\/page\/2\/\">savon liquide bio bact\u00e9riologique<\/a>), dans la douche (<a href=\"http:\/\/gator4082.temp.domains\/~aquatiss\/produit\/bouteille-de-shampoing\/?doing_wp_cron=1537253947.4913671016693115234375\">shampoing<\/a>)<strong>.<\/strong><\/p>\n<h4><strong>UTILISATION EN LOCAL PUBLIC OU PROFESSIONNEL<\/strong><\/h4>\n<p><strong>L\u00e9gislation sur l\u2019hygi\u00e8ne :<\/strong> L&rsquo;hygi\u00e8ne \u00e9tant devenue une <strong>priorit\u00e9 dans de nombreux secteurs professionnels<\/strong>,<\/p>\n<p>de plus en plus, les <strong>lois imposent l&rsquo;installation de dispositifs hygi\u00e9niques pour le lavage des mains<\/strong>.<\/p>\n<p>En conclusion, Ces dispositifs doivent \u00eatre a commande non manuelle afin d&rsquo;\u00e9viter toute transmission manu port\u00e9e de bact\u00e9ries.<\/p>\n<p><strong>r\u00e9pond parfaitement \u00e0 ces exigences : <\/strong><\/p>\n<p>Par ailleurs, Il permet une hygi\u00e8ne optimale lors du lavage des mains.<\/p>\n<p>Finalement, Id\u00e9al pour les professions m\u00e9dicales et para m\u00e9dicales, la restauration et plus g\u00e9n\u00e9ralement pour tous lieux accueillant du public. Id\u00e9al pour une <strong>d\u00e9sinfection des mains<\/strong> en tout lieu avec du <a href=\"http:\/\/gator4082.temp.domains\/~aquatiss\/produit\/solution-hydro-alcoolique-virugel\/\"><strong>gel hydro alcoolique<\/strong>.<\/a><\/p>\n<p><strong><br \/>\nLes secteurs concern\u00e9s<\/strong><strong>: <\/strong><\/p>\n<p>Tout d\u2019abord, Tous les m\u00e9tiers o\u00f9 les mains n\u00e9cessitent un lavage r\u00e9gulier;<br \/>\nEnsuite, Secteur agro-alimentaire et restauration,<br \/>\n\u00c9tablissement \u00e0 caract\u00e8re sanitaire et social,<br \/>\nCr\u00e8ches, \u00c9coles primaires, Centres de vacances,<br \/>\nSecteur m\u00e9dical et pharmaceutique,<br \/>\n\u00c9tablissements p\u00e9nitentiaires, H\u00f4tellerie ;<br \/>\nMilieu scolaire (protocole national sur l&rsquo;organisation des soins et des urgences dans les \u00e9coles et les<br \/>\n\u00e9tablissements publics locaux d&rsquo;enseignement),<\/p>\n<p><strong><br \/>\nPoint fort:<\/strong><\/p>\n<p>&#8211; <strong>Hygi\u00e9nique :<\/strong> pas de contact avec le savon, \u00e9vite les contaminations,<\/p>\n<p>&#8211; <strong>\u00c9conomique<\/strong> : distribue la dose id\u00e9ale environ 1 ml de savon \u00e0 chaque utilisation, pas de gaspillage,<\/p>\n<p>&#8211; Syst\u00e8me anti-goutte garantissant une hygi\u00e8ne parfaite et non contaminant du plan de travail,<\/p>\n<p>&#8211;<strong> Accepte tous types de savon liquide<\/strong>, shampoing et gel douche,<\/p>\n<p>&#8211; T\u00e9moin de batterie faible clignotant.<\/p>\n<p>&nbsp;<\/p>\n<p><strong>Caract\u00e9ristiques techniques :<\/strong><\/p>\n<p>Capacit\u00e9 de 370ml soit environ 370 doses,<br \/>\nSe fixe \u00e0 laide\u00a0 des vis\u00a0 fournies) ,<\/p>\n<p>&nbsp;<\/p>\n","protected":false},"excerpt":{"rendered":"<p><span style=\"color: #ff0000;\"><strong>Premier prix sur le marche<\/strong><\/span><\/p>\n<p>Distributeur de savon 370ML pour le milieu public ou professionnel<br \/>\nCapacit\u00e9 : 3700 ml (370 doses de savon).<br \/>\nAdapt\u00e9 pour gel hydroalcoolique.<br \/>\nN\u00e9cessite 3 piles type C.<br \/>\nFermeture \u00e0 clef pr\u00e9par\u00e9e pour l&rsquo;ancrage au mur.<\/p>\n","protected":false},"featured_media":32795,"comment_status":"open","ping_status":"closed","template":"","meta":[],"product_cat":[123],"product_tag":[1498,192],"class_list":["post-32794","product","type-product","status-publish","has-post-thumbnail","hentry","product_cat-distributeurs-de-savon","product_tag-distributeur-a-infrarouge","product_tag-distributeur-de-savon","pa_color-blanc","pa_color-chrometransparent","pa_contenance-1l","pa_domaine-collectivites","pa_domaine-entreprise","pa_domaine-food","pa_domaine-hotel","pa_domaine-industrie","pa_domaine-medical","pa_domaine-proprete"],"_links":{"self":[{"href":"https:\/\/aquatiss.com.tn\/fr\/wp-json\/wp\/v2\/product\/32794","targetHints":{"allow":["GET"]}}],"collection":[{"href":"https:\/\/aquatiss.com.tn\/fr\/wp-json\/wp\/v2\/product"}],"about":[{"href":"https:\/\/aquatiss.com.tn\/fr\/wp-json\/wp\/v2\/types\/product"}],"replies":[{"embeddable":true,"href":"https:\/\/aquatiss.com.tn\/fr\/wp-json\/wp\/v2\/comments?post=32794"}],"wp:featuredmedia":[{"embeddable":true,"href":"https:\/\/aquatiss.com.tn\/fr\/wp-json\/wp\/v2\/media\/32795"}],"wp:attachment":[{"href":"https:\/\/aquatiss.com.tn\/fr\/wp-json\/wp\/v2\/media?parent=32794"}],"wp:term":[{"taxonomy":"product_cat","embeddable":true,"href":"https:\/\/aquatiss.com.tn\/fr\/wp-json\/wp\/v2\/product_cat?post=32794"},{"taxonomy":"product_tag","embeddable":true,"href":"https:\/\/aquatiss.com.tn\/fr\/wp-json\/wp\/v2\/product_tag?post=32794"}],"curies":[{"name":"wp","href":"https:\/\/api.w.org\/{rel}","templated":true}]}}