{"id":33397,"date":"2022-06-24T16:50:50","date_gmt":"2022-06-24T16:50:50","guid":{"rendered":"https:\/\/aquatiss.com.tn\/?post_type=product&#038;p=33397"},"modified":"2023-12-23T11:51:35","modified_gmt":"2023-12-23T11:51:35","slug":"poubelle-sur-pieds-rolls-tri-selectif-inox-30-litres","status":"publish","type":"product","link":"https:\/\/aquatiss.com.tn\/fr\/produit\/poubelle-sur-pieds-rolls-tri-selectif-inox-30-litres\/","title":{"rendered":"Poubelle sur pieds Roll\u2019s tri s\u00e9lectif inox 30 litres"},"content":{"rendered":"<p>Poubelle sur pieds Roll\u2019s tri s\u00e9lectif inox 30 litres<\/p>\n<p>Poubelle sur pieds Roll\u2019s tri s\u00e9lectif inox 30 litres,\u00a0 Int\u00e9rieur,<\/p>\n<p>Une solution de corbeille\u00a0 afin tri S\u00e9lectif Int\u00e9rieures<br \/>\ndes produits de\u00a0 recyclage de bureau<\/p>\n<p>En outre,<br \/>\nIl convient parfaitement aux diff\u00e9rentes Collectivit\u00e9s Territoriales, Institutions publics, Mairies,H\u00f4tels, Restaurants, Caf\u00e9s, et Entreprises etc.<\/p>\n<p>Le cendrier sur pied r\u00e9alis\u00e9 en m\u00e9tal robuste est r\u00e9sistant aux intemp\u00e9ries, il est donc adapt\u00e9 pour une\u00a0 utilisation \u00e0 l&rsquo;int\u00e9rieur.<br \/>\nEn inox Par cons\u00e9quent,\u00a0 facile \u00e0 nettoyer.<\/p>\n<h4>Points Forts Poubelle sur pieds Roll\u2019s tri s\u00e9lectif inox 30 litres:<\/h4>\n<p>Utilisation universelle (Publique, Priv\u00e9e).<br \/>\nConvient pour une utilisation \u00e0 l&rsquo;int\u00e9rieur comme \u00e0 l&rsquo;ext\u00e9rieur a l&rsquo;abri.<br \/>\ncorps inox<br \/>\nEntretien facile base .<br \/>\nPratique et peu encombrant.<br \/>\nNettoyage facile.<br \/>\nDesign \u00e9l\u00e9gant.<\/p>\n<p>Caract\u00e9ristiques Techniques :<\/p>\n<p>Dimensions totales (\u00d8xH) : environ 23 cm x 65cm<br \/>\nMat\u00e9riaux : corps inox\u00a0 anti corrosion.<br \/>\nPoids : 2 kg.<br \/>\nT\u00eate amovible haute r\u00e9sistance<\/p>\n<p>Garantie : anticorrosion 1 ans<\/p>\n","protected":false},"excerpt":{"rendered":"<p><strong>Pour le recyclage des d\u00e9chets Collecteurs de tri s\u00e9lectif inox<\/strong><br \/>\nFacilite le tri s\u00e9lectif<br \/>\nSyst\u00e8me modulaire<br \/>\nCouleurs disponibles : Jaune, Bleu, Vert, Rouge, Blanc, Gris, Noir, Marron<br \/>\nDimensions (\u03a6 x H): 23 x 65 cm<br \/>\nCapacit\u00e9: 30 litres<\/p>\n","protected":false},"featured_media":33398,"comment_status":"open","ping_status":"closed","template":"","meta":[],"product_cat":[2056,108,293,298],"product_tag":[1494,283],"class_list":["post-33397","product","type-product","status-publish","has-post-thumbnail","hentry","product_cat-gamme-rolls","product_cat-hygiene","product_cat-poubelles","product_cat-poubelles-cendriers","product_tag-cendrier-exterieur-interieur","product_tag-cendrier-poubelle","pa_contenance-30-l","pa_domaine-aeroports","pa_domaine-centres-commerciaux","pa_domaine-centres-de-conventions","pa_domaine-collectivites","pa_domaine-entreprise","pa_domaine-food","pa_domaine-hotel","pa_domaine-industrie","pa_domaine-medical","pa_domaine-pieces-de-rechange","pa_domaine-proprete","pa_domaine-stades"],"_links":{"self":[{"href":"https:\/\/aquatiss.com.tn\/fr\/wp-json\/wp\/v2\/product\/33397","targetHints":{"allow":["GET"]}}],"collection":[{"href":"https:\/\/aquatiss.com.tn\/fr\/wp-json\/wp\/v2\/product"}],"about":[{"href":"https:\/\/aquatiss.com.tn\/fr\/wp-json\/wp\/v2\/types\/product"}],"replies":[{"embeddable":true,"href":"https:\/\/aquatiss.com.tn\/fr\/wp-json\/wp\/v2\/comments?post=33397"}],"wp:featuredmedia":[{"embeddable":true,"href":"https:\/\/aquatiss.com.tn\/fr\/wp-json\/wp\/v2\/media\/33398"}],"wp:attachment":[{"href":"https:\/\/aquatiss.com.tn\/fr\/wp-json\/wp\/v2\/media?parent=33397"}],"wp:term":[{"taxonomy":"product_cat","embeddable":true,"href":"https:\/\/aquatiss.com.tn\/fr\/wp-json\/wp\/v2\/product_cat?post=33397"},{"taxonomy":"product_tag","embeddable":true,"href":"https:\/\/aquatiss.com.tn\/fr\/wp-json\/wp\/v2\/product_tag?post=33397"}],"curies":[{"name":"wp","href":"https:\/\/api.w.org\/{rel}","templated":true}]}}