{"id":33421,"date":"2022-06-27T14:58:50","date_gmt":"2022-06-27T14:58:50","guid":{"rendered":"https:\/\/aquatiss.com.tn\/?post_type=product&#038;p=33421"},"modified":"2022-11-24T11:34:31","modified_gmt":"2022-11-24T11:34:31","slug":"bouilloire-08l-1200w-inox-double-paroi-halo","status":"publish","type":"product","link":"https:\/\/aquatiss.com.tn\/fr\/produit\/bouilloire-08l-1200w-inox-double-paroi-halo\/","title":{"rendered":"Bouilloire 08L 1200W inox  double paroi  HALO"},"content":{"rendered":"<p>Bouilloire 08L 1200W inox double paroi HALO<\/p>\n<p><strong>Manipulation sans risque d&rsquo;\u00e9chauffement<\/strong><\/p>\n<p><strong>Gr\u00e2ce \u00e0 sa double paroi,<\/strong>\u00a0l&rsquo;utilisation de la bouilloire HALO est<strong>\u00a0plus silencieuse<\/strong>\u00a0et l&rsquo;eau\u00a0<strong>est maintenue au chaud naturellement<\/strong>\u00a0(sa temp\u00e9rature s\u2019abaisse plus lentement que dans une bouilloire classique).<\/p>\n<p><strong>Confort d&rsquo;utilisation<\/strong><\/p>\n<p><strong>L&rsquo;arr\u00eat se fait automatiquement\u00a0<\/strong>lorsque la temp\u00e9rature est atteinte. Une fois la temp\u00e9rature atteinte, la bouilloire bascule automatiquement en position arr\u00eat en<strong>\u00a0maintien au chaud pendant 30 minutes<\/strong>. La cavit\u00e9 int\u00e9rieure\u00a0<strong>est en inox<\/strong>\u00a0(aucune partie plastique n&rsquo;est au contact de l&rsquo;eau) et son\u00a0<strong>bec verseur, avec filtre anti-impuret\u00e9s int\u00e9gr\u00e9,<\/strong>\u00a0vous garantit une boisson sans r\u00e9sidus de calcaire.<\/p>\n<h4>Fonctionnalit\u00e9s<\/h4>\n<p>indicateur LED bleu \u00ab\u00a0en cours d&rsquo;utilisation\u00a0\u00bb<br \/>\ncorps en acier inoxydable<br \/>\n\u00e9l\u00e9ment chauffant dissimul\u00e9<br \/>\narr\u00eat automatique de la vapeur, protection contre l&rsquo;\u00e9bullition \u00e0 sec<br \/>\nfiltre \u00e0 eau dans le bec (rempla\u00e7able)<br \/>\nContr\u00f4leur Strix rotatif \u00e0 360\u00b0<\/p>\n<h4>Caract\u00e9ristiques Bouilloire 08L 1200W inox double paroi HALO<\/h4>\n<p>diam\u00e8tre sup\u00e9rieur \u00d812 cm<br \/>\ntaille du socle \u00d812,4 cm<br \/>\nhauteur totale 17 cm<br \/>\ncapacit\u00e9 en eau 0,8 litre<\/p>\n<h4>INFORMATIONS \u00c9LECTRIQUES<\/h4>\n<p>puissance \u00e9lectrique 1200 W (230V &#8211; 50\/60 Hz)<br \/>\nlongueur du cordon 75 cm<br \/>\nInformations logistiques<br \/>\nemballage 8 pi\u00e8ces par carton<br \/>\n160 pi\u00e8ces par palette<br \/>\ntaille du carton 40,3 x 26,3 x 37,7 cm<br \/>\npoids brut 1 kg par pi\u00e8ce<\/p>\n<h4>Informations suppl\u00e9mentaires<\/h4>\n<p>Mat\u00e9riau acier inoxydable<\/p>\n<p>certifications <strong>CE<\/strong><\/p>\n","protected":false},"excerpt":{"rendered":"<p><strong>Adapt\u00e9 pour l&rsquo;h\u00f4tellerie- Garantie 3ans- double paroi-Voyant led bleu-<\/strong><\/p>\n<p>Capacit\u00e9 de 0,8 litre, 1200 w<br \/>\nEl\u00e9ment chauffant cach\u00e9<br \/>\nArr\u00eat automatique de la vapeur, protection contre l&rsquo;\u00e9bullition \u00e0 sec<br \/>\nVoyant led bleu \u00ab\u00a0en cours d&rsquo;utilisation\u00a0\u00bb autour du corps<br \/>\nFiltre \u00e0 eau dans le bec (rempla\u00e7able)<br \/>\nRotatif \u00e0 360\u00b0, contr\u00f4leur stix<br \/>\nCorps en acier inoxydable<br \/>\nCouvercle \u00e0 ouverture extra large<\/p>\n","protected":false},"featured_media":33426,"comment_status":"open","ping_status":"closed","template":"","meta":[],"product_cat":[507,104],"product_tag":[],"class_list":["post-33421","product","type-product","status-publish","has-post-thumbnail","hentry","product_cat-bouilloire-individuelle","product_cat-electromenager"],"_links":{"self":[{"href":"https:\/\/aquatiss.com.tn\/fr\/wp-json\/wp\/v2\/product\/33421","targetHints":{"allow":["GET"]}}],"collection":[{"href":"https:\/\/aquatiss.com.tn\/fr\/wp-json\/wp\/v2\/product"}],"about":[{"href":"https:\/\/aquatiss.com.tn\/fr\/wp-json\/wp\/v2\/types\/product"}],"replies":[{"embeddable":true,"href":"https:\/\/aquatiss.com.tn\/fr\/wp-json\/wp\/v2\/comments?post=33421"}],"wp:featuredmedia":[{"embeddable":true,"href":"https:\/\/aquatiss.com.tn\/fr\/wp-json\/wp\/v2\/media\/33426"}],"wp:attachment":[{"href":"https:\/\/aquatiss.com.tn\/fr\/wp-json\/wp\/v2\/media?parent=33421"}],"wp:term":[{"taxonomy":"product_cat","embeddable":true,"href":"https:\/\/aquatiss.com.tn\/fr\/wp-json\/wp\/v2\/product_cat?post=33421"},{"taxonomy":"product_tag","embeddable":true,"href":"https:\/\/aquatiss.com.tn\/fr\/wp-json\/wp\/v2\/product_tag?post=33421"}],"curies":[{"name":"wp","href":"https:\/\/api.w.org\/{rel}","templated":true}]}}