{"id":3390,"date":"2017-03-21T16:35:58","date_gmt":"2017-03-21T16:35:58","guid":{"rendered":"http:\/\/gator4082.temp.domains\/~aquatiss\/produit\/chariot-femme-de-chambre-2\/"},"modified":"2024-03-19T12:32:34","modified_gmt":"2024-03-19T12:32:34","slug":"chariot-rolls-femme-de-chambre-a-2-sac","status":"publish","type":"product","link":"https:\/\/aquatiss.com.tn\/fr\/produit\/chariot-rolls-femme-de-chambre-a-2-sac\/","title":{"rendered":"Chariot Roll\u2019s femme de chambre \u00e0 2 sac"},"content":{"rendered":"<p>Chariot Roll\u2019s femme de chambre \u00e0 2 sac structure aluminium<br \/>\ngarantie \u00e0 vie anti-corrosion, Panneaux, \u00e9tag\u00e8res m\u00e9lamin\u00e9<\/p>\n<h4><strong>Vision d\u00e9gag\u00e9e Hauteur optimale du chariot<\/strong><\/h4>\n<p>La hauteur du chariot\u00a0 valet est \u00e9tudi\u00e9e pour offrir \u00e0 son utilisateur une vision totale vers l&rsquo;avant du chariot lors des d\u00e9placements dans les couloirs et ainsi \u00e9viter les chocs contre les murs, portes\u2026<br \/>\n<strong>Deux\u00a0\u00a0sacs en toile lavable\u00a0<\/strong><br \/>\ncapacit\u00e9 110 dm3<br \/>\n<strong>Gagnez de la place<\/strong><br \/>\nLes supports sacs sup\u00e9rieurs et inf\u00e9rieurs pour sac toile\u00a0 sont relevables favorisant la circulation (couloirs, petits ascenseurs et le rangement dans les offices m\u00eame exigus.<br \/>\n<strong>Roulez sans effort<\/strong><br \/>\nLes roulettes grand diam\u00e8tre \u00d8200 mm, ( 04 pivotantes), peuvent \u00eatre en polyamide (option) \u00e0 bandage dur garantissent un roulement sans effort sur tous types de moquettes. Sur demande, le chariot peut \u00eatre \u00e9quip\u00e9 d&rsquo;autres roues (gonflables pour usage ext\u00e9rieur)<br \/>\n<strong>3 niveaux pour ranger le linge propre<\/strong><br \/>\n1 niveau sup\u00e9rieur pour recevoir les produits d&rsquo;accueil et d\u2019hygi\u00e8nes<br \/>\n<strong>Plus de traces de frottement sur les rev\u00eatements muraux<br \/>\nGardez intact vos portes et vos meubles<\/strong><\/p>\n<p>4 pare-chocs annulaires mobiles et souples<br \/>\nprotection maximale de votre int\u00e9rieur<\/p>\n","protected":false},"excerpt":{"rendered":"<p><span style=\"color: #65b43d;\"><strong>D\u00e9lais de livraison: 15 \u00e0 20 jours<\/strong><\/span><\/p>\n<p>Chariot ROLL&rsquo;S femme de chambre \u00e0 2 sac structure aluminium<br \/>\nGarantie \u00e0 vie anti-corrosion, Panneaux, \u00e9tag\u00e8res m\u00e9lamin\u00e9<\/p>\n<p>En option: portes<\/p>\n","protected":false},"featured_media":10528,"comment_status":"open","ping_status":"closed","template":"","meta":[],"product_cat":[514,740,2056],"product_tag":[1187,269,1184],"class_list":["post-3390","product","type-product","status-publish","has-post-thumbnail","hentry","product_cat-chariot-service","product_cat-femme-de-chambre","product_cat-gamme-rolls","product_tag-chariot-femme-de-chambre","product_tag-chariots","product_tag-etage-hotel","pa_domaine-hotel"],"_links":{"self":[{"href":"https:\/\/aquatiss.com.tn\/fr\/wp-json\/wp\/v2\/product\/3390","targetHints":{"allow":["GET"]}}],"collection":[{"href":"https:\/\/aquatiss.com.tn\/fr\/wp-json\/wp\/v2\/product"}],"about":[{"href":"https:\/\/aquatiss.com.tn\/fr\/wp-json\/wp\/v2\/types\/product"}],"replies":[{"embeddable":true,"href":"https:\/\/aquatiss.com.tn\/fr\/wp-json\/wp\/v2\/comments?post=3390"}],"wp:featuredmedia":[{"embeddable":true,"href":"https:\/\/aquatiss.com.tn\/fr\/wp-json\/wp\/v2\/media\/10528"}],"wp:attachment":[{"href":"https:\/\/aquatiss.com.tn\/fr\/wp-json\/wp\/v2\/media?parent=3390"}],"wp:term":[{"taxonomy":"product_cat","embeddable":true,"href":"https:\/\/aquatiss.com.tn\/fr\/wp-json\/wp\/v2\/product_cat?post=3390"},{"taxonomy":"product_tag","embeddable":true,"href":"https:\/\/aquatiss.com.tn\/fr\/wp-json\/wp\/v2\/product_tag?post=3390"}],"curies":[{"name":"wp","href":"https:\/\/api.w.org\/{rel}","templated":true}]}}