{"id":34948,"date":"2022-10-21T17:03:21","date_gmt":"2022-10-21T17:03:21","guid":{"rendered":"https:\/\/aquatiss.com.tn\/?post_type=product&#038;p=34948"},"modified":"2024-08-01T12:07:01","modified_gmt":"2024-08-01T12:07:01","slug":"poubelle-bois-exterieur-avec-cendrier-bac-80l-rolls","status":"publish","type":"product","link":"https:\/\/aquatiss.com.tn\/fr\/produit\/poubelle-bois-exterieur-avec-cendrier-bac-80l-rolls\/","title":{"rendered":"Poubelle bois ext\u00e9rieur avec cendrier bac 80L Roll&rsquo;s"},"content":{"rendered":"<p>Poubelle bois ext\u00e9rieur avec cendrier bac 80L Roll&rsquo;s<\/p>\n<p>Poubelle cendrier urbaine de haute qualit\u00e9. La poubelle cendrier d&rsquo;ext\u00e9rieur s&rsquo;int\u00e9grera sans difficult\u00e9s \u00e0 tout type de paysages urbains, avec sa structure combinant acier couleur noire aspect lattes en bois de h\u00eatre lui conf\u00e9rant un design intemporel.<\/p>\n<p>Le bac interne, \u00e9quip\u00e9 de 2 poign\u00e9es, peut contenir jusqu&rsquo;\u00e0 80 L de d\u00e9chets, et est facilement accessible,<\/p>\n<p>le couvercle avec cendrier \u00e9tant rabattable.<\/p>\n<p>La poubelle d&rsquo;ext\u00e9rieur fait 43 cm de largeur pour 45 cm de hauteur, avec un cendrier en acier de 15,5 cm de diam\u00e8tre.<\/p>\n<p>Robuste et \u00e9l\u00e9gante, la poubelle cendrier carr\u00e9e propose 4 grandes ouvertures pour un acc\u00e8s rapide.<\/p>\n<p>Fixation au sol vis non fournies.<\/p>\n<h5>Dimensions Poubelle bois ext\u00e9rieur avec cendrier bac 80L Roll&rsquo;s<\/h5>\n<p><strong>Poubelle:<\/strong><br \/>\nHauteur : 80 cm<br \/>\nLargeur : \u00a043 cm<br \/>\nProfondeur :43 cm<\/p>\n<p><b>Seau int\u00e9rieur acier galvanis\u00e9:<\/b><br \/>\nHauteur : 43cm<br \/>\nLargeur\u00a0 :45 cm<br \/>\nProfondeur :45 cm<\/p>\n<p>Garantie 1 ans.<\/p>\n<p><a href=\"https:\/\/aquatiss.com.tn\/?s=roll%27s&amp;post_type=product&amp;type_aws=true\">d\u00e9couvrez notre gamme roll&rsquo;s<\/a><\/p>\n","protected":false},"excerpt":{"rendered":"<p><strong>Poubelle bois ext\u00e9rieur\u00a0 Roll&rsquo;s \u00a0s&rsquo;int\u00e8gre parfaitement dans vos espaces ext\u00e9rieurs apporte une touche naturelle gr\u00e2ce \u00e0 la pr\u00e9sence de bois.<\/strong><\/p>\n<p>Robuste et adapt\u00e9e \u00e0 un usage professionnel<br \/>\nCendrier rond en acier avec couvercle rabattable<br \/>\nFixation au sol (vis non fournies )<br \/>\nBac int\u00e9rieur\u00a0 80 l acier galvanis\u00e9 \u00e9quip\u00e9 de 2 poign\u00e9es<br \/>\nT\u00eate et structure en acier poudr\u00e9 noir.<br \/>\nAspect lattes en bois .<br \/>\nPoubelle \u00e0 poser ou \u00e0 fixer.<br \/>\nDimensions: Hauteur : 80 cm-Largeur : \u00a043 cm-Profondeur :43 cm<\/p>\n<p><strong>Garantie 1 ans.<\/strong><\/p>\n","protected":false},"featured_media":35033,"comment_status":"open","ping_status":"closed","template":"","meta":[],"product_cat":[2056,1426,470,313,314],"product_tag":[],"class_list":["post-34948","product","type-product","status-publish","has-post-thumbnail","hentry","product_cat-gamme-rolls","product_cat-mobilier-de-bureau","product_cat-mobilier-exterieur","product_cat-poubelle-collecte-selective","product_cat-poubelle-public"],"_links":{"self":[{"href":"https:\/\/aquatiss.com.tn\/fr\/wp-json\/wp\/v2\/product\/34948","targetHints":{"allow":["GET"]}}],"collection":[{"href":"https:\/\/aquatiss.com.tn\/fr\/wp-json\/wp\/v2\/product"}],"about":[{"href":"https:\/\/aquatiss.com.tn\/fr\/wp-json\/wp\/v2\/types\/product"}],"replies":[{"embeddable":true,"href":"https:\/\/aquatiss.com.tn\/fr\/wp-json\/wp\/v2\/comments?post=34948"}],"wp:featuredmedia":[{"embeddable":true,"href":"https:\/\/aquatiss.com.tn\/fr\/wp-json\/wp\/v2\/media\/35033"}],"wp:attachment":[{"href":"https:\/\/aquatiss.com.tn\/fr\/wp-json\/wp\/v2\/media?parent=34948"}],"wp:term":[{"taxonomy":"product_cat","embeddable":true,"href":"https:\/\/aquatiss.com.tn\/fr\/wp-json\/wp\/v2\/product_cat?post=34948"},{"taxonomy":"product_tag","embeddable":true,"href":"https:\/\/aquatiss.com.tn\/fr\/wp-json\/wp\/v2\/product_tag?post=34948"}],"curies":[{"name":"wp","href":"https:\/\/api.w.org\/{rel}","templated":true}]}}