{"id":3628,"date":"2017-04-03T09:38:44","date_gmt":"2017-04-03T09:38:44","guid":{"rendered":"http:\/\/gator4082.temp.domains\/~aquatiss\/produit\/seche-main-automatique\/"},"modified":"2025-11-07T12:00:22","modified_gmt":"2025-11-07T12:00:22","slug":"seche-mains-automatique-grande-vitesse-silencieux-faible-bruit-blanc-1500-watts","status":"publish","type":"product","link":"https:\/\/aquatiss.com.tn\/fr\/produit\/seche-mains-automatique-grande-vitesse-silencieux-faible-bruit-blanc-1500-watts\/","title":{"rendered":"S\u00e8che Mains Automatique Grande Vitesse Silencieux Faible Bruit blanc 1500 watts"},"content":{"rendered":"<p>S\u00e8che Mains Automatique Grande Vitesse Silencieux Faible Bruit blanc 1500 watts<\/p>\n<p><strong>Corps en ABS r\u00e9sistant<\/strong><br \/>\nLe Jet Slim est un s\u00e8che-mains mural fabriqu\u00e9 en ABS robuste, r\u00e9sistant aux chocs, ce qui garantit une durabilit\u00e9 maximale. Ce s\u00e8che-mains automatique est con\u00e7u pour fonctionner en continu dans des environnements exigeants, parfait pour un usage intensif.<\/p>\n<p><strong>S\u00e9chage rapide<\/strong><br \/>\nGr\u00e2ce \u00e0 une vitesse d&rsquo;air impressionnante, ce s\u00e8che-mains rapide \u00e0 air puls\u00e9 s\u00e8che vos mains en seulement quelques secondes. Sa technologie en fait un souffleur d&rsquo;air pour mains efficace, id\u00e9al pour les espaces \u00e0 forte fr\u00e9quentation.<\/p>\n<p><strong>Hygi\u00e9nique et pratique<\/strong><br \/>\nAvec son capteur infrarouge, ce dispositif de s\u00e9chage des mains sans contact garantit une hygi\u00e8ne irr\u00e9prochable. De plus, sa conception plug-and-use simplifie l&rsquo;installation, \u00e9vitant toute manipulation complexe. Ce s\u00e8che-mains hygi\u00e9nique assure ainsi confort et praticit\u00e9 \u00e0 chaque utilisateur.<\/p>\n<p><strong>Rapport qualit\u00e9-prix<\/strong><br \/>\nPropos\u00e9 \u00e0 un prix raisonnable, le Jet Slim offre une excellente durabilit\u00e9. Cet appareil de s\u00e9chage pour mains permet aux utilisateurs de b\u00e9n\u00e9ficier d&rsquo;un s\u00e9chage de haute qualit\u00e9, comparable aux performances des meilleurs mod\u00e8les, comme les s\u00e8che-mains Dyson.<\/p>\n<p><strong>Faible entretien<\/strong><br \/>\nCon\u00e7u selon des param\u00e8tres de qualit\u00e9 rigoureux, ce s\u00e9cheur de mains garantit un fonctionnement ininterrompu. Avec une consommation \u00e9nerg\u00e9tique r\u00e9duite, ce s\u00e8che-mains \u00e9co\u00e9nerg\u00e9tique et \u00e9conomique offre des co\u00fbts de maintenance faibles, tout en \u00e9tant silencieux et respectueux de l\u2019environnement.<\/p>\n<h4>S\u00e8che Mains Automatique Grande Vitesse Silencieux Faible Bruit blanc 1500 watts<\/h4>\n<p>Tension d&rsquo;alimentation220V-240V<br \/>\nFr\u00e9quence : 50-60 Hz<br \/>\nPuissance maximale\u00a0\u00a0\u00a0\u00a0\u00a0\u00a0\u00a0 1500 watts<br \/>\nInstallation\u00a0\u00a0\u00a0\u00a0\u00a0\u00a0\u00a0\u00a0\u00a0 Fixation murale<br \/>\nVis Composants inclus<br \/>\nProduct Dimensions\u00a0\u00a0\u00a0\u00a0\u00a0\u00a0\u00a0 \u200e24 x 20.5 x 25.5 cm.<br \/>\nPoids 800 g<br \/>\n\u00c9conomisez de l&rsquo;\u00e9nergie et \u00e9vitez le vent fort.<br \/>\nIntelligence et suppression du bruit.<br \/>\nAir fort et chauffe rapidement.<br \/>\nIsolation \u00e9lectrique IPX1<\/p>\n","protected":false},"excerpt":{"rendered":"<p>S\u00e8che-mains automatique aquatiss avec corps en ABS, conception compacte pour usage domestique, h\u00f4telier et commercial.<\/p>\n<p>\u00c9conomisez de l&rsquo;\u00e9nergie et \u00e9vitez le vent fort.<br \/>\nIntelligence et suppression du bruit.<br \/>\nAir fort et chauffe rapidement.<br \/>\nFr\u00e9quence : 50-60 Hz<br \/>\nPuissance maximale\u00a0\u00a0\u00a0\u00a0\u00a0\u00a0\u00a0 1500 watts<br \/>\nInstallation\u00a0\u00a0\u00a0\u00a0\u00a0\u00a0\u00a0\u00a0\u00a0 Fixation murale<br \/>\nVis Composants inclus<br \/>\nProduct Dimensions\u00a0\u00a0\u00a0\u00a0\u00a0\u00a0\u00a0 \u200e24 x 20.5 x 25.5 cm.<br \/>\nPoids 800 g<br \/>\n\u00c9conomisez de l&rsquo;\u00e9nergie et \u00e9vitez le vent fort.<br \/>\nIntelligence et suppression du bruit.<br \/>\nAir fort et chauffe rapidement.<br \/>\nIsolation \u00e9lectrique IPX1<\/p>\n","protected":false},"featured_media":41296,"comment_status":"open","ping_status":"closed","template":"","meta":[],"product_cat":[108,69,149],"product_tag":[186,200],"class_list":["post-3628","product","type-product","status-publish","has-post-thumbnail","hentry","product_cat-hygiene","product_cat-salle-de-bain-sanitaire","product_cat-seche-mains","product_tag-salle-de-bain","product_tag-seche-main","pa_color-blanc","pa_domaine-collectivites","pa_domaine-entreprise","pa_domaine-food","pa_domaine-hotel","pa_domaine-industrie","pa_domaine-medical","pa_fonctionnalite-automatique","pa_puissance-seche-main-1500w"],"_links":{"self":[{"href":"https:\/\/aquatiss.com.tn\/fr\/wp-json\/wp\/v2\/product\/3628","targetHints":{"allow":["GET"]}}],"collection":[{"href":"https:\/\/aquatiss.com.tn\/fr\/wp-json\/wp\/v2\/product"}],"about":[{"href":"https:\/\/aquatiss.com.tn\/fr\/wp-json\/wp\/v2\/types\/product"}],"replies":[{"embeddable":true,"href":"https:\/\/aquatiss.com.tn\/fr\/wp-json\/wp\/v2\/comments?post=3628"}],"wp:featuredmedia":[{"embeddable":true,"href":"https:\/\/aquatiss.com.tn\/fr\/wp-json\/wp\/v2\/media\/41296"}],"wp:attachment":[{"href":"https:\/\/aquatiss.com.tn\/fr\/wp-json\/wp\/v2\/media?parent=3628"}],"wp:term":[{"taxonomy":"product_cat","embeddable":true,"href":"https:\/\/aquatiss.com.tn\/fr\/wp-json\/wp\/v2\/product_cat?post=3628"},{"taxonomy":"product_tag","embeddable":true,"href":"https:\/\/aquatiss.com.tn\/fr\/wp-json\/wp\/v2\/product_tag?post=3628"}],"curies":[{"name":"wp","href":"https:\/\/api.w.org\/{rel}","templated":true}]}}