{"id":36524,"date":"2023-02-09T11:02:41","date_gmt":"2023-02-09T11:02:41","guid":{"rendered":"https:\/\/aquatiss.com.tn\/?post_type=product&#038;p=36524"},"modified":"2026-01-09T09:56:05","modified_gmt":"2026-01-09T09:56:05","slug":"porte-parapluie-avec-cerceau-noir-bac-degouttage-amovible-rolls-petit-modele","status":"publish","type":"product","link":"https:\/\/aquatiss.com.tn\/fr\/produit\/porte-parapluie-avec-cerceau-noir-bac-degouttage-amovible-rolls-petit-modele\/","title":{"rendered":"Porte parapluie avec cerceau noir Bac d&rsquo;\u00e9gouttage amovible Roll&rsquo;s petit mod\u00e8le"},"content":{"rendered":"<p>Porte parapluie avec cerceau noir Bac d&rsquo;\u00e9gouttage amovible Roll&rsquo;s petit mod\u00e8le<\/p>\n<p>porte-parapluie ajoute une touche de fantaisie \u00e0 votre entr\u00e9e car il prot\u00e8ge votre sol des gouttes !<\/p>\n<p>Fabriqu\u00e9 \u00e0 partir de m\u00e9tal, ce design autoportant pr\u00e9sente un motif\u00a0 g\u00e9om\u00e9trique d\u00e9coup\u00e9 qui donne une touche d&rsquo;intrigue visuelle \u00e0 ce design autrement discret.<\/p>\n<p>Rev\u00eatement en poudre et r\u00e9sistant \u00e0 la rouille pour garantir une utilisation continue.<\/p>\n<p>Dimensionn\u00e9 pour s&rsquo;adapter discr\u00e8tement pr\u00e8s de la porte ou dans un petit vestiaire. Bac d&rsquo;\u00e9gouttage inclus pour les parapluies humides et est enti\u00e8rement assembl\u00e9 pour une utilisation imm\u00e9diate d\u00e8s la sortie de la bo\u00eete.<\/p>\n<p>Durable : la construction enti\u00e8rement en m\u00e9tal mat avec une base solide offre l&rsquo;\u00e9quilibre et le soutien n\u00e9cessaires pour ranger vos essentiels de parapluies de taille classique, de cannes ou m\u00eame de parapluies de golf extra larges. Fabriqu\u00e9 \u00e0 partir d&rsquo;acier dans une finition peinte r\u00e9sistante \u00e0 l&rsquo;eau, vous n&rsquo;aurez jamais \u00e0 vous soucier de mouiller ce porte-parapluie autoportant, que vous le rangez \u00e0 l&rsquo;int\u00e9rieur comme pi\u00e8ce d\u00e9corative pour votre maison ou \u00e0 l&rsquo;entr\u00e9e du bureau.<\/p>\n<p>Design moderne : le design\u00a0 pr\u00e9sente un style\u00a0 qui est \u00e0 la fois d\u00e9coratif et fonctionnel. La conception ouverte permet \u00e0 l&rsquo;air de circuler librement pour un stockage ventil\u00e9. Cela permet \u00e0 vos parapluies mouill\u00e9s de s\u00e9cher rapidement. De plus, il comprend un bac de vidange d&rsquo;eau gratuit qui garde le sol au sec !<\/p>\n<p>Multi-usage : il ne pleut pas tout le temps mais tirez le meilleur parti de votre porte-parapluie. Rangez les clubs de golf, les cannes, le papier d&#8217;emballage, les gratte-dos, les tisonniers ou les chausse-pieds\u00a0! Tout cela et bien plus encore peut tenir dans ce support peu encombrant.<\/p>\n<p>Espacement de l&rsquo;espace : se place parfaitement \u00e0 c\u00f4t\u00e9 de votre entr\u00e9e ou de votre vestiaire sans prendre trop de place.<\/p>\n<p>Ce porte-parapluie en m\u00e9tal rond design est un accessoire pratique pour votre int\u00e9rieur. Avec son design \u00e9pur\u00e9, il s&rsquo;int\u00e9grera facilement \u00e0 n&rsquo;importe quel d\u00e9cor.<\/p>\n<p>Fabriqu\u00e9 \u00e0 partir de m\u00e9tal de qualit\u00e9 sup\u00e9rieure, ce porte-parapluie offre une robustesse et une durabilit\u00e9 sans pareilles. Il est dot\u00e9 d&rsquo;un rev\u00eatement en poudre noire pour une protection suppl\u00e9mentaire contre la rouille et l&rsquo;usure.<\/p>\n<p>Le porte-parapluie est \u00e9quip\u00e9 d&rsquo;un trou central qui permet de ranger plusieurs parapluies.<\/p>\n<p>Compact et l\u00e9ger, ce porte-parapluie est facile \u00e0 d\u00e9placer et \u00e0 nettoyer. Un accessoire tr\u00e8s pratique pour votre int\u00e9rieur, ce porte-parapluie en m\u00e9tal rond design se fondra parfaitement dans votre d\u00e9cor et offrira une solution efficace pour ranger vos parapluies et vos v\u00eatements.<\/p>\n<h4 class=\"a-spacing-mini\">Syst\u00e8me de Ventilation Ouvert<\/h4>\n<p>Ce design unique pr\u00e9sente\u00a0 d\u00e9corative et fonctionnelle !<\/p>\n<p>La conception ouverte permet \u00e0 l&rsquo;air de circuler librement pour un stockage ventil\u00e9.<\/p>\n<p>Cela permet \u00e0 vos parapluies mouill\u00e9s de s\u00e9cher rapidement, emp\u00eachant ainsi la formation de moisissures.<\/p>\n<h4 class=\"a-spacing-mini\">Bac de R\u00e9cup\u00e9ration Porte parapluie avec cerceau noir Bac d&rsquo;\u00e9gouttage amovible Roll&rsquo;s petit mod\u00e8le<\/h4>\n<p>Notre porte-parapluie est livr\u00e9 avec un bac d&rsquo;\u00e9gouttage amovible pour attraper tout exc\u00e8s d&rsquo;eau de vos parapluies !<\/p>\n<h4 class=\"a-spacing-mini\">Taille Pratique<\/h4>\n<p>Notre porte-parapluie\u00a0 peut contenir de grands parapluies, des tisonniers, des cannes de marche et plus encore sans basculer !<\/p>\n<p>Sa taille et sa forme sont con\u00e7ues pour tenir dans un coin afin de conserver de l&rsquo;espace tout en ajoutant au d\u00e9cor !<\/p>\n<p>&nbsp;<\/p>\n","protected":false},"excerpt":{"rendered":"<p><span style=\"font-size: 14pt;\"><strong>Design pr\u00e9sente un style qui est \u00e0 la fois d\u00e9coratif et fonctionnel<\/strong><\/span><\/p>\n<p>Ce produit est une porte parapluie en m\u00e9tal avec un design rond et \u00e9l\u00e9gant. Il est parfait pour garder les parapluies bien rang\u00e9s et \u00e0 port\u00e9e de main.<\/p>\n<p>Rev\u00eatement en poudre r\u00e9sistant \u00e0 la rouille.<br \/>\nFabriqu\u00e9 \u00e0 partir de m\u00e9tal peint r\u00e9sistante \u00e0 l&rsquo;eau<br \/>\nDesign autoportant pr\u00e9sente un motif g\u00e9om\u00e9trique d\u00e9coup\u00e9<br \/>\nBac d&rsquo;\u00e9gouttage amovible<br \/>\nCerceau noir<br \/>\nLa conception ouverte pour la circulation pour un stockage ventil\u00e9<\/p>\n","protected":false},"featured_media":36527,"comment_status":"open","ping_status":"closed","template":"","meta":[],"product_cat":[2056,569],"product_tag":[],"class_list":["post-36524","product","type-product","status-publish","has-post-thumbnail","hentry","product_cat-gamme-rolls","product_cat-porte-parapluie"],"_links":{"self":[{"href":"https:\/\/aquatiss.com.tn\/fr\/wp-json\/wp\/v2\/product\/36524","targetHints":{"allow":["GET"]}}],"collection":[{"href":"https:\/\/aquatiss.com.tn\/fr\/wp-json\/wp\/v2\/product"}],"about":[{"href":"https:\/\/aquatiss.com.tn\/fr\/wp-json\/wp\/v2\/types\/product"}],"replies":[{"embeddable":true,"href":"https:\/\/aquatiss.com.tn\/fr\/wp-json\/wp\/v2\/comments?post=36524"}],"wp:featuredmedia":[{"embeddable":true,"href":"https:\/\/aquatiss.com.tn\/fr\/wp-json\/wp\/v2\/media\/36527"}],"wp:attachment":[{"href":"https:\/\/aquatiss.com.tn\/fr\/wp-json\/wp\/v2\/media?parent=36524"}],"wp:term":[{"taxonomy":"product_cat","embeddable":true,"href":"https:\/\/aquatiss.com.tn\/fr\/wp-json\/wp\/v2\/product_cat?post=36524"},{"taxonomy":"product_tag","embeddable":true,"href":"https:\/\/aquatiss.com.tn\/fr\/wp-json\/wp\/v2\/product_tag?post=36524"}],"curies":[{"name":"wp","href":"https:\/\/api.w.org\/{rel}","templated":true}]}}