{"id":3702,"date":"2017-04-04T10:28:15","date_gmt":"2017-04-04T09:28:15","guid":{"rendered":"http:\/\/gator4082.temp.domains\/~aquatiss\/?post_type=product&#038;p=3702"},"modified":"2023-04-07T09:03:17","modified_gmt":"2023-04-07T09:03:17","slug":"station-murale-de-desinfection-hygienique-mains","status":"publish","type":"product","link":"https:\/\/aquatiss.com.tn\/fr\/produit\/station-murale-de-desinfection-hygienique-mains\/","title":{"rendered":"Station Murale de d\u00e9sinfection hygi\u00e9nique des mains"},"content":{"rendered":"<p>Pratique, pour utilisation dans le domaine hospitalier, restauration ou de la collectivit\u00e9<br \/>\npeut \u00eatre fix\u00e9e au mur \u00e9quip\u00e9e d&rsquo;un distributeur.<br \/>\nA cellule infrarouge qui vous donne la dose exacte<br \/>\nFinition plexiglas transparent \u00e9paisseur: 0.6 mm<\/p>\n<p><strong>Caract\u00e9ristiques distributeur infrarouge:<\/strong><br \/>\n-Distributeur de savon automatique infrarouge 1L LOSDI CJ1005<br \/>\n-R\u00c9F. 453.35120002<br \/>\n-Dimensions LxPxH:13x9x25 cm<br \/>\n-Domaine:Collectivit\u00e9s, Entreprise, Food, H\u00f4tel, Industrie, M\u00e9dical, Propret\u00e9<br \/>\n-Couleur:Blanc<\/p>\n<p><strong>Point fort distributeur infrarouge <\/strong><br \/>\n\u2013 D\u00e9tecte automatiquement les mains et s\u2019enclenche en 0.3 secondes,<br \/>\n\u2013 Hygi\u00e9nique : pas de contact avec le savon, le gel \u00e9vite les contaminations,<br \/>\n\u2013 \u00c9conomique : distribue la dose id\u00e9ale environ 1 ml de savon \u00e0 chaque utilisation,pas de gaspillage,<br \/>\n\u2013 Syst\u00e8me anti-goutte garantissant une hygi\u00e8ne parfaite et non contaminant du plan de travail,<br \/>\n\u2013 Accepte tous types de savon liquide, shampoing et gel douche,<br \/>\n\u2013 T\u00e9moin de batterie faible clignota<\/p>\n<p><strong>Consommable<\/strong><br \/>\n-Solution hydro alcoolique VIRUGEL R\u00c9F.: 477.VIR1000<br \/>\n-Dermogenol gel hydroalcoolique Sans rin\u00e7age bidon 5L REF: 370.324684<br \/>\n-Gel savon pour le lavage des mains bidon 5L. Antiseptique REF: 370.315021<br \/>\n-Bidon savon bact\u00e9ricide AXIS LPM PE REF: 477.AXISLPM1<br \/>\n-Savon \u00e0 la glyc\u00e9rine usage fr\u00e9quent bidon 5L Bell main REF: 632.01SAV<\/p>\n","protected":false},"excerpt":{"rendered":"<p>Pratique, pour utilisation dans le domaine hospitalier, restauration ou de la collectivit\u00e9<br \/>\npeut \u00eatre fix\u00e9e au mur \u00e9quip\u00e9e d&rsquo;un distributeur.<br \/>\nA cellule infrarouge qui vous donne la dose exacte<br \/>\nFinition plexiglas transparent \u00e9paisseur: 0.6 mm<\/p>\n","protected":false},"featured_media":14932,"comment_status":"open","ping_status":"closed","template":"","meta":[],"product_cat":[108,151],"product_tag":[792],"class_list":["post-3702","product","type-product","status-publish","has-post-thumbnail","hentry","product_cat-hygiene","product_cat-station-hygiene","product_tag-station-hygiene","pa_domaine-collectivites","pa_domaine-entreprise","pa_domaine-food","pa_domaine-hotel","pa_domaine-industrie","pa_domaine-medical"],"_links":{"self":[{"href":"https:\/\/aquatiss.com.tn\/fr\/wp-json\/wp\/v2\/product\/3702","targetHints":{"allow":["GET"]}}],"collection":[{"href":"https:\/\/aquatiss.com.tn\/fr\/wp-json\/wp\/v2\/product"}],"about":[{"href":"https:\/\/aquatiss.com.tn\/fr\/wp-json\/wp\/v2\/types\/product"}],"replies":[{"embeddable":true,"href":"https:\/\/aquatiss.com.tn\/fr\/wp-json\/wp\/v2\/comments?post=3702"}],"wp:featuredmedia":[{"embeddable":true,"href":"https:\/\/aquatiss.com.tn\/fr\/wp-json\/wp\/v2\/media\/14932"}],"wp:attachment":[{"href":"https:\/\/aquatiss.com.tn\/fr\/wp-json\/wp\/v2\/media?parent=3702"}],"wp:term":[{"taxonomy":"product_cat","embeddable":true,"href":"https:\/\/aquatiss.com.tn\/fr\/wp-json\/wp\/v2\/product_cat?post=3702"},{"taxonomy":"product_tag","embeddable":true,"href":"https:\/\/aquatiss.com.tn\/fr\/wp-json\/wp\/v2\/product_tag?post=3702"}],"curies":[{"name":"wp","href":"https:\/\/api.w.org\/{rel}","templated":true}]}}