{"id":3719,"date":"2017-04-04T13:40:19","date_gmt":"2017-04-04T13:40:19","guid":{"rendered":"http:\/\/gator4082.temp.domains\/~aquatiss\/produit\/caisse-palette-500-l\/"},"modified":"2023-06-12T15:46:29","modified_gmt":"2023-06-12T15:46:29","slug":"caisse-palette-500-l","status":"publish","type":"product","link":"https:\/\/aquatiss.com.tn\/fr\/produit\/caisse-palette-500-l\/","title":{"rendered":"Caisse palette 500 L"},"content":{"rendered":"<p>Caisse palette fabriqu\u00e9 en poly\u00e9thyl\u00e8ne<br \/>\nHaute densit\u00e9 trait\u00e9 anti-UV<br \/>\nTeint\u00e9 dans la masse<br \/>\nQualit\u00e9 Alimentaire<br \/>\nExcellente tenue aux produits chimiques<br \/>\nTr\u00e8s robuste et parfaitement \u00e9tanche<br \/>\nCouleur standard : Blanc-gris<br \/>\nAutres couleurs sur demande<br \/>\nCaisse empilable<br \/>\nFacilement man\u0153uvrable \u00e0 l&rsquo;aide du trans-palette ou du chariot \u00e9l\u00e9vateur<\/p>\n","protected":false},"excerpt":{"rendered":"<p>Caisse palette fabriqu\u00e9 en poly\u00e9thyl\u00e8ne<br \/>\nHaute densit\u00e9 trait\u00e9 anti-UV<br \/>\nTeint\u00e9 dans la masse<br \/>\nQualit\u00e9 Alimentaire<br \/>\nExcellente tenue aux produits chimiques<br \/>\nTr\u00e8s robuste et parfaitement \u00e9tanche<\/p>\n","protected":false},"featured_media":3720,"comment_status":"open","ping_status":"closed","template":"","meta":[],"product_cat":[114,108],"product_tag":[696],"class_list":["post-3719","product","type-product","status-publish","has-post-thumbnail","hentry","product_cat-cuves","product_cat-hygiene","product_tag-cuve","pa_domaine-food","pa_domaine-hotel","pa_domaine-industrie","pa_domaine-medical"],"_links":{"self":[{"href":"https:\/\/aquatiss.com.tn\/fr\/wp-json\/wp\/v2\/product\/3719","targetHints":{"allow":["GET"]}}],"collection":[{"href":"https:\/\/aquatiss.com.tn\/fr\/wp-json\/wp\/v2\/product"}],"about":[{"href":"https:\/\/aquatiss.com.tn\/fr\/wp-json\/wp\/v2\/types\/product"}],"replies":[{"embeddable":true,"href":"https:\/\/aquatiss.com.tn\/fr\/wp-json\/wp\/v2\/comments?post=3719"}],"wp:featuredmedia":[{"embeddable":true,"href":"https:\/\/aquatiss.com.tn\/fr\/wp-json\/wp\/v2\/media\/3720"}],"wp:attachment":[{"href":"https:\/\/aquatiss.com.tn\/fr\/wp-json\/wp\/v2\/media?parent=3719"}],"wp:term":[{"taxonomy":"product_cat","embeddable":true,"href":"https:\/\/aquatiss.com.tn\/fr\/wp-json\/wp\/v2\/product_cat?post=3719"},{"taxonomy":"product_tag","embeddable":true,"href":"https:\/\/aquatiss.com.tn\/fr\/wp-json\/wp\/v2\/product_tag?post=3719"}],"curies":[{"name":"wp","href":"https:\/\/api.w.org\/{rel}","templated":true}]}}