{"id":37831,"date":"2023-05-11T15:57:43","date_gmt":"2023-05-11T15:57:43","guid":{"rendered":"https:\/\/aquatiss.com.tn\/?post_type=product&#038;p=37831"},"modified":"2025-05-20T09:55:53","modified_gmt":"2025-05-20T09:55:53","slug":"chariot-femme-de-chambre-dentretien-menager-rolls","status":"publish","type":"product","link":"https:\/\/aquatiss.com.tn\/fr\/produit\/chariot-femme-de-chambre-dentretien-menager-rolls\/","title":{"rendered":"Chariot femme de chambre d&rsquo;entretien m\u00e9nager Roll\u2019s"},"content":{"rendered":"<p>Chariot femme de chambre d&rsquo;entretien m\u00e9nager Roll\u2019s<\/p>\n<p>Gamme compl\u00e8te de chariots femme de chambre et de chariots d&rsquo;\u00e9tage pour les h\u00f4tels et les r\u00e9sidences h\u00f4teli\u00e8res. Profitez d&rsquo;un grand choix de chariots chez aquatiss.<br \/>\nLe chariot femme de chambre Roll\u2019s\u00a0 fortement recommand\u00e9 pour nos diff\u00e9rents clients .<br \/>\nFonctionnel et avec une grande capacit\u00e9 de charge.<\/p>\n<p>Chariots pour femme de chambre<br \/>\nChariots de serveuse robuste et tr\u00e8s fonctionnel.<br \/>\nSp\u00e9cialement con\u00e7us pour faciliter le travail dans les r\u00e9sidences, les h\u00f4tels, les centres sanitaires, les \u00e9coles et les collectivit\u00e9s.<\/p>\n<h4><strong>Le chariot polyvalent et flexible<\/strong><\/h4>\n<p>Nombreuses possibilit\u00e9s de combinaisons personnalis\u00e9es<br \/>\nFacile \u00e0 man\u0153uvrer et tr\u00e8s maniable gr\u00e2ce \u00e0 sa structure hybride<br \/>\nProt\u00e8ge votre mobilier gr\u00e2ce au pare-chocs<\/p>\n<h4><strong>Diff\u00e9rentes configurations Chariot femme de chambre d&rsquo;entretien m\u00e9nager Roll\u2019s<\/strong><\/h4>\n<p>Les chariots pour femme de chambre Roll&rsquo;s sont maniables et optimisent les processus dans les h\u00f4tels et font gagner du temps.<br \/>\nAussi bien pour le nettoyage que pour le service de chambre. Accessoires pratiques inclus !<br \/>\nVoil\u00e0 un service de premi\u00e8re classe qui satisfera les clients exigeants.<\/p>\n<p>Chariots pour h\u00f4tels de diff\u00e9rentes configurations pour s&rsquo;adapter \u00e0 toutes les m\u00e9thodes de travail:<br \/>\nChariots configuration:<br \/>\nOuverts avec \u00e9tag\u00e8res,<br \/>\nFerm\u00e9s avec portes (serrure optionnelle).<br \/>\nFerm\u00e9s avec Tiroir de rangement<br \/>\nAvec supports lat\u00e9raux un sac.<br \/>\nAvec supports lat\u00e9raux deux sacs.<\/p>\n<h4><strong>Finitions structure bois<\/strong><\/h4>\n<p>Une nouvelle interpr\u00e9tation du service d\u2019\u00e9tage.<br \/>\nComposez votre chariot pour femme de chambre en fonction de vos exigences.<br \/>\nVous pouvez faire votre choix parmi plusieurs finitions de la structure en bois,<br \/>\nLes combiner, et ainsi cr\u00e9er \u00ab votre design \u00bb selon vos pr\u00e9f\u00e9rences.<br \/>\nOu bien vous pouvez opter pour l\u2019une des deux versions classiques h\u00eatre, que nous pouvons exp\u00e9dier dans un d\u00e9lai 10 jours ouvrables.<\/p>\n<h4><strong>\u00c9quipements de s\u00e9rie Chariot femme de chambre d&rsquo;entretien m\u00e9nager Roll\u2019s<\/strong><\/h4>\n<p>Base en acier traitement \u00e9poxy noir,<br \/>\nSupport sac entoile lavable avec couvercle basculant (rabattable pour fermer)<br \/>\nSupport sachet en plastique 120 L ramassage d\u00e9chets,<br \/>\nSac en toile linge sale lavable<br \/>\nCompartiments produits de nettoyage<br \/>\n03 niveaux de rangement linge propre<br \/>\n04 Roues antichocs anti-rayure<br \/>\nPoign\u00e9e \u00e0 pousser<br \/>\nRoue diam\u00e8tre 160mm crampon facilite le d\u00e9placement tout terrain<br \/>\nDimensions L X P x H mm : 1450x470x1450<\/p>\n<h4><strong>\u00c9quipements en Option<\/strong><\/h4>\n<p>Porte avec serrure<br \/>\nTiroir de rangement<\/p>\n<p>&nbsp;<\/p>\n<h4><a href=\"https:\/\/aquatiss.com.tn\/catalogues\/#dflip-df_37826\/1\/\" target=\"_blank\" rel=\"noopener\"><strong>D\u00e9couvrez Catalogue\u00a0<\/strong><\/a><\/h4>\n<p><span style=\"color: #ffffff;\">chariot de nettoyage Tunisie prix chariot d&rsquo;entretien m\u00e9nager d&rsquo;h\u00f4tel<\/span><br \/>\n<span style=\"color: #ffffff;\">chariot Tunisie Chariot de conciergerie<\/span><br \/>\n<span style=\"color: #ffffff;\">prix chariot de m\u00e9nage Chariot de m\u00e9nage<\/span><br \/>\n<span style=\"color: #ffffff;\">chariot aluminium Tunisie<\/span><br \/>\n<span style=\"color: #ffffff;\">machine lavage tapis prix Tunisie<\/span><br \/>\n<span style=\"color: #ffffff;\">mat\u00e9riel de m\u00e9nage Chariot de nettoyage sur roulettes<\/span><br \/>\n<span style=\"color: #ffffff;\">machine \u00e0 laver industrielle Tunisie Chariot de nettoyage commercial<\/span><br \/>\n<span style=\"color: #ffffff;\">fournisseur de produit de nettoyage professionnel<\/span><\/p>\n","protected":false},"excerpt":{"rendered":"<p><span style=\"font-size: 14pt;\"><strong>Sp\u00e9cialement con\u00e7us pour faciliter le travail dans les r\u00e9sidences, les h\u00f4tels, les centres sanitaires, les \u00e9coles et les collectivit\u00e9s.<\/strong><\/span><\/p>\n<p><span style=\"color: #65b43d;\"><strong>D\u00e9lais de livraison: 15 \u00e0 20 jours<\/strong><\/span><\/p>\n<p>Base en acier traitement \u00e9poxy noir,<br \/>\nSupport sac entoile lavable avec couvercle rabattable<br \/>\nSupport sachet\u00a0 plastique 120 L .<br \/>\nSac en toile\u00a0 lavable<br \/>\nCompartiments produits de nettoyage<br \/>\n03 niveaux de rangement<br \/>\n04 Roues antichocs<br \/>\nPoign\u00e9e \u00e0 pousser<br \/>\nRoue diam\u00e8tre 160mm crampon<br \/>\nL X P x H mm : 1450x470x1450<\/p>\n<p><strong>\u00c9quipements en Option<\/strong><\/p>\n<p>Porte avec serrure<br \/>\nTiroir de rangement<\/p>\n[maxbutton id=\"2\" url=\"https:\/\/aquatiss.com.tn\/catalogues\/#dflip-df_37826\/1\/\" text=\"D\u00e9couvrez le catalogue\" ]\n<p>&nbsp;<\/p>\n<p>&nbsp;<\/p>\n","protected":false},"featured_media":37833,"comment_status":"open","ping_status":"closed","template":"","meta":[],"product_cat":[514,740,2056],"product_tag":[2134,2135,2136,2137,1187,269],"class_list":["post-37831","product","type-product","status-publish","has-post-thumbnail","hentry","product_cat-chariot-service","product_cat-femme-de-chambre","product_cat-gamme-rolls","product_tag-chariot-dentretien-menager","product_tag-chariot-de-conciergerie","product_tag-chariot-de-menage","product_tag-chariot-de-nettoyage-sur-roulettes","product_tag-chariot-femme-de-chambre","product_tag-chariots","pa_domaine-hotel"],"_links":{"self":[{"href":"https:\/\/aquatiss.com.tn\/fr\/wp-json\/wp\/v2\/product\/37831","targetHints":{"allow":["GET"]}}],"collection":[{"href":"https:\/\/aquatiss.com.tn\/fr\/wp-json\/wp\/v2\/product"}],"about":[{"href":"https:\/\/aquatiss.com.tn\/fr\/wp-json\/wp\/v2\/types\/product"}],"replies":[{"embeddable":true,"href":"https:\/\/aquatiss.com.tn\/fr\/wp-json\/wp\/v2\/comments?post=37831"}],"wp:featuredmedia":[{"embeddable":true,"href":"https:\/\/aquatiss.com.tn\/fr\/wp-json\/wp\/v2\/media\/37833"}],"wp:attachment":[{"href":"https:\/\/aquatiss.com.tn\/fr\/wp-json\/wp\/v2\/media?parent=37831"}],"wp:term":[{"taxonomy":"product_cat","embeddable":true,"href":"https:\/\/aquatiss.com.tn\/fr\/wp-json\/wp\/v2\/product_cat?post=37831"},{"taxonomy":"product_tag","embeddable":true,"href":"https:\/\/aquatiss.com.tn\/fr\/wp-json\/wp\/v2\/product_tag?post=37831"}],"curies":[{"name":"wp","href":"https:\/\/api.w.org\/{rel}","templated":true}]}}