{"id":38590,"date":"2023-07-17T13:12:58","date_gmt":"2023-07-17T13:12:58","guid":{"rendered":"https:\/\/aquatiss.com.tn\/?post_type=product&#038;p=38590"},"modified":"2023-07-18T13:30:15","modified_gmt":"2023-07-18T13:30:15","slug":"corbeille-papier-carree-chambre-mirage","status":"publish","type":"product","link":"https:\/\/aquatiss.com.tn\/fr\/produit\/corbeille-papier-carree-chambre-mirage\/","title":{"rendered":"Corbeille papier carr\u00e9e chambre Mirage"},"content":{"rendered":"<p>Corbeille papier carr\u00e9e chambre Mirage<\/p>\n<p>En acier avec rev\u00eatement \u00e9poxy polyester.<\/p>\n<p>DESIGNE :<br \/>\nCette poubelle m\u00e9tal s\u2019int\u00e8gre ais\u00e9ment dans n&rsquo;importe quel coin, sous l\u2019armoire ou sous le bureau.<\/p>\n<p>POLYVALENTE<br \/>\nLe vide-ordures convient peut-\u00eatre utilis\u00e9 aussi comme poubelle de salle de bain et poubelle chambre h\u00f4tel<br \/>\nou de bureau.<\/p>\n<h4>LOOK MODERNE Corbeille papier carr\u00e9e chambre Mirage:<\/h4>\n<p>Le style de cette poubelle est intemporel. Avec son look moderne, la poubelle s\u2019int\u00e8gre et apporte une note d\u2019\u00e9l\u00e9gance.<\/p>\n<p>MAT\u00c9RIAU ROBUSTE :<br \/>\nLa corbeille \u00e0 papier carr\u00e9e chambre Mirage\u00e0 courrier est en m\u00e9tal. Sa finition couleur noire apporte une touche de modernit\u00e9.<br \/>\nElle peut \u00eatre nettoy\u00e9e \u00e0 l&rsquo;aide d&rsquo;un chiffon humide.<\/p>\n<p>DIMENSIONS ID\u00c9ALES :<br \/>\nAvec les dimensions de 270 x 270 x 360 mm la corbeille de chambre et salle de bain offre assez d\u2019espace pour<br \/>\nToutes sortes d\u2019ordures comme les cotons-tiges, etc.<\/p>\n<p>Poubelle de bureau en m\u00e9tal pour d\u00e9chets<br \/>\nDesign classique est parfaitement adapt\u00e9 \u00e0 chaque espace<br \/>\nCapacit\u00e9 : 18 l<br \/>\nDimensions : 270 x 270 x 360 mm<\/p>\n<p>Cette poubelle Corbeille \u00e0 papier carr\u00e9e chambre Mirage noire est id\u00e9ale pour tout vos espace, .<br \/>\nCette poubelle mesure 270 x 270 x 360 mm C&rsquo;est une taille parfaite pour une poubelle de salle de bains ou une poubelle chambre.<br \/>\nAvec cette poubelle m\u00e9tallique, vous pouvez garder votre chambre \u00e0 coucher, votre bureau, votre salle de bain, votre cuisine ou votre zone de recyclage propre et bien rang\u00e9e.<br \/>\nC&rsquo;est une poubelle compacte et de taille id\u00e9ale.<\/p>\n","protected":false},"excerpt":{"rendered":"<p><strong>Corbeille\u00a0 avec son look moderne, s\u2019int\u00e8gre et apporte une note d\u2019\u00e9l\u00e9gance pour votre salle de bains\u00a0 ou votre chambre<\/strong><\/p>\n<p>Poubelle\u00a0 m\u00e9tal pour d\u00e9chets<br \/>\nFinition peinture epoxy<br \/>\nDesign classique est parfaitement adapt\u00e9 \u00e0 chaque espace<br \/>\nCapacit\u00e9 : 18 l<br \/>\nDimensions : 27 x 27 x 36 cm<\/p>\n","protected":false},"featured_media":37944,"comment_status":"open","ping_status":"closed","template":"","meta":[],"product_cat":[306,301,303,2056,108],"product_tag":[212,340,278],"class_list":["post-38590","product","type-product","status-publish","has-post-thumbnail","hentry","product_cat-corbeille-decrochable","product_cat-corbeilles","product_cat-corbeilles-a-papier","product_cat-gamme-rolls","product_cat-hygiene","product_tag-corbeille","product_tag-corbeille-a-papier","product_tag-poubelle","pa_color-rouge","pa_color-bleu","pa_color-gris-ciment","pa_color-gris-fonce","pa_domaine-collectivites","pa_domaine-entreprise","pa_domaine-food","pa_domaine-hotel","pa_domaine-industrie","pa_domaine-medical","pa_domaine-proprete"],"_links":{"self":[{"href":"https:\/\/aquatiss.com.tn\/fr\/wp-json\/wp\/v2\/product\/38590","targetHints":{"allow":["GET"]}}],"collection":[{"href":"https:\/\/aquatiss.com.tn\/fr\/wp-json\/wp\/v2\/product"}],"about":[{"href":"https:\/\/aquatiss.com.tn\/fr\/wp-json\/wp\/v2\/types\/product"}],"replies":[{"embeddable":true,"href":"https:\/\/aquatiss.com.tn\/fr\/wp-json\/wp\/v2\/comments?post=38590"}],"wp:featuredmedia":[{"embeddable":true,"href":"https:\/\/aquatiss.com.tn\/fr\/wp-json\/wp\/v2\/media\/37944"}],"wp:attachment":[{"href":"https:\/\/aquatiss.com.tn\/fr\/wp-json\/wp\/v2\/media?parent=38590"}],"wp:term":[{"taxonomy":"product_cat","embeddable":true,"href":"https:\/\/aquatiss.com.tn\/fr\/wp-json\/wp\/v2\/product_cat?post=38590"},{"taxonomy":"product_tag","embeddable":true,"href":"https:\/\/aquatiss.com.tn\/fr\/wp-json\/wp\/v2\/product_tag?post=38590"}],"curies":[{"name":"wp","href":"https:\/\/api.w.org\/{rel}","templated":true}]}}