{"id":39309,"date":"2023-10-05T07:49:24","date_gmt":"2023-10-05T07:49:24","guid":{"rendered":"https:\/\/aquatiss.com.tn\/?post_type=product&#038;p=39309"},"modified":"2023-10-05T11:17:34","modified_gmt":"2023-10-05T11:17:34","slug":"bouilloire-electrique-white-hotel-0-6l","status":"publish","type":"product","link":"https:\/\/aquatiss.com.tn\/fr\/produit\/bouilloire-electrique-white-hotel-0-6l\/","title":{"rendered":"Bouilloire electrique  White Hotel  0.6L"},"content":{"rendered":"<p>Bouilloire electrique White Hotel 0.6L<\/p>\n<p>Capacit\u00e9 0,6 litre pour r\u00e9aliser des \u00e9conomies implorantes d&rsquo;eau et d&rsquo;Energie<br \/>\nPuissance 800 watts pour limiter la consommation instantan\u00e9e<br \/>\nDesign original et exclusif<br \/>\nUltra compacte (voir dimensions)<br \/>\nPoign\u00e9e Ergonomique pour une prise en main facile et s\u00e9curisante<br \/>\nOuverture instinctive gr\u00e2ce \u00e0 son syst\u00e8me d&rsquo;ouverture par bouton central<br \/>\nCette bouilloire permet de r\u00e9aliser des \u00e9conomies importantes d\u2019eau et d\u2019\u00e9lectricit\u00e9.<\/p>\n<p>Compatible avec <a href=\"https:\/\/aquatiss.com.tn\/categorie-produit\/service\/plateaux\/plateaux-de-service\/\">les plateaux de service pour h\u00f4tel\u00a0<\/a><\/p>\n<p>&nbsp;<\/p>\n<p><strong>R\u00e9sistance du mat\u00e9riaux :<\/strong><br \/>\n1. Sain : acier inoxydable de qualit\u00e9 alimentaire #304 + plastique de qualit\u00e9 alimentaire provenant des\u00a0fournitures d&rsquo;h\u00f4tel<br \/>\n2. Durable : contr\u00f4leur UK Strix, triple protection<\/p>\n<p>&nbsp;<\/p>\n<p><strong>Force de la conception :<\/strong><br \/>\n1. S\u00e9curit\u00e9 : corps \u00e0 double paroi, r\u00e9sistant aux br\u00fblures d&rsquo; une bouilloire en argent de 0,6 l<br \/>\n2. Facile \u00e0 nettoyer : l&rsquo;int\u00e9rieur est une construction monobloc et sans soudure : grand bec<\/p>\n<h2>Bouilloire electrique White Hotel 0.6L<\/h2>\n<h4>CARACT\u00c9RISTIQUES<\/h4>\n<p>Mati\u00e8re : Inox bross\u00e9<br \/>\nCapacit\u00e9 : 0,6 litre<br \/>\nPuissance : 850 W<br \/>\nSyst\u00e8me de s\u00e9curit\u00e9 : Strix Control<br \/>\nNorme(s) :CE,CB(IEC),SASO,COC<br \/>\nTension : 220\/240 V<br \/>\nArr\u00eat automatique : Oui<br \/>\nFr\u00e9quence : 50\/60 Hz<\/p>\n<p><strong>Garantie 1 ans<\/strong><\/p>\n<p>&nbsp;<\/p>\n","protected":false},"excerpt":{"rendered":"<p>Mati\u00e8re : Inox bross\u00e9<br \/>\nCapacit\u00e9 : 0,6 litre<br \/>\nPuissance : 850 W<br \/>\nSyst\u00e8me de s\u00e9curit\u00e9 : Strix Control<br \/>\nNorme(s) :CE,CB(IEC),SASO,COC<br \/>\nTension : 220\/240 V<br \/>\nArr\u00eat automatique : Oui<br \/>\nFr\u00e9quence : 50\/60 Hz<\/p>\n<p><strong>Garantie 1 ans<\/strong><\/p>\n","protected":false},"featured_media":39328,"comment_status":"open","ping_status":"closed","template":"","meta":[],"product_cat":[507],"product_tag":[1304],"class_list":["post-39309","product","type-product","status-publish","has-post-thumbnail","hentry","product_cat-bouilloire-individuelle","product_tag-bouilloire","pa_color-inox","pa_contenance-0-6l","pa_domaine-hotel","pa_puissance-800w"],"_links":{"self":[{"href":"https:\/\/aquatiss.com.tn\/fr\/wp-json\/wp\/v2\/product\/39309","targetHints":{"allow":["GET"]}}],"collection":[{"href":"https:\/\/aquatiss.com.tn\/fr\/wp-json\/wp\/v2\/product"}],"about":[{"href":"https:\/\/aquatiss.com.tn\/fr\/wp-json\/wp\/v2\/types\/product"}],"replies":[{"embeddable":true,"href":"https:\/\/aquatiss.com.tn\/fr\/wp-json\/wp\/v2\/comments?post=39309"}],"wp:featuredmedia":[{"embeddable":true,"href":"https:\/\/aquatiss.com.tn\/fr\/wp-json\/wp\/v2\/media\/39328"}],"wp:attachment":[{"href":"https:\/\/aquatiss.com.tn\/fr\/wp-json\/wp\/v2\/media?parent=39309"}],"wp:term":[{"taxonomy":"product_cat","embeddable":true,"href":"https:\/\/aquatiss.com.tn\/fr\/wp-json\/wp\/v2\/product_cat?post=39309"},{"taxonomy":"product_tag","embeddable":true,"href":"https:\/\/aquatiss.com.tn\/fr\/wp-json\/wp\/v2\/product_tag?post=39309"}],"curies":[{"name":"wp","href":"https:\/\/api.w.org\/{rel}","templated":true}]}}