{"id":3990,"date":"2017-04-12T10:04:10","date_gmt":"2017-04-12T09:04:10","guid":{"rendered":"http:\/\/gator4082.temp.domains\/~aquatiss\/?post_type=product&#038;p=3990"},"modified":"2018-11-06T10:37:24","modified_gmt":"2018-11-06T10:37:24","slug":"pompe-doseuse-poste-de-nettoyage-de-desinfection","status":"publish","type":"product","link":"https:\/\/aquatiss.com.tn\/fr\/produit\/pompe-doseuse-poste-de-nettoyage-de-desinfection\/","title":{"rendered":"Pompe doseuse pour poste de nettoyage et de d\u00e9sinfection"},"content":{"rendered":"<p>Les postes d\u2019hygi\u00e8ne sont destin\u00e9es au nettoyage intensif et\/ou \u00e0 la d\u00e9sinfection des sols et des surfaces pour l\u2019industrie agro-alimentaire, collectivit\u00e9s \u2026<br \/>\n\u00c9vite le gaspillage de l\u2019eau et des produits utilis\u00e9s<br \/>\nContribuant ainsi \u00e0 la protection de l\u2019environnement et \u00e0 la ma\u00eetrise des co\u00fbts<br \/>\nPermet un m\u00e9lange efficace gr\u00e2ce aux 14 buses calibr\u00e9es de couleurs<br \/>\nR\u00e9duit le temps de maintenance gr\u00e2ce \u00e0 son injecteur plastique rempla\u00e7able<br \/>\nSe raccorde directement \u00e0 un robinet<br \/>\nFonctionne sans \u00e9lectricit\u00e9 ni air comprim\u00e9<br \/>\nNe craint pas les temp\u00e9ratures \u00e9lev\u00e9es (80\u00b0C)<br \/>\nFort pouvoir d\u2019aspiration (pr\u00e9s d\u2019un bar de d\u00e9pression )<br \/>\nGrande r\u00e9gularit\u00e9 d\u2019aspiration<br \/>\n03 points de fixation limitant les contraintes de traction du tuyau<br \/>\nClapet anti-retour viss\u00e9<\/p>\n<p style=\"text-align: left;\">Ossature :<br \/>\nPVC avec support tuyau int\u00e9gr\u00e9<br \/>\nPistolet anti-choc :<br \/>\nProtection \u00ab caoutchouc \u00bb alimentaire assurant une bonne tenue \u00e0 la temp\u00e9rature et aux chocs<br \/>\nTuyau de lavage<br \/>\nCon\u00e7u pour le lavage \u00e0 l\u2019eau chaude des installations alimentaire<br \/>\nSupport bidon :<br \/>\nConstruction inox<br \/>\nRe\u00e7oit des bidons 5 litres<br \/>\n<a href=\"http:\/\/gator4082.temp.domains\/~aquatiss\/produit\/pompe-doseuse-poste-de-nettoyage-de-desinfection\/fiche-commercial-post-hygienne1\/\" rel=\"attachment wp-att-3992\"><br \/>\n<img decoding=\"async\"  src=\"http:\/\/gator4082.temp.domains\/~aquatiss\/wp-content\/uploads\/2017\/02\/adobe-pdf-logo-1480D328A9-seeklogo.com_.jpg\" alt=\"adobe-pdf-logo-1480d328a9-seeklogo-com\" width=\"31\" height=\"33\" class=\" wp-image-2811 alignleft no-lazyload\" \/><\/a><\/p>\n<p style=\"text-align: left;\"><a href=\"http:\/\/gator4082.temp.domains\/~aquatiss\/produit\/pompe-doseuse-poste-de-nettoyage-de-desinfection\/fiche-commercial-post-hygienne1\/\" rel=\"attachment wp-att-3992\">Fiche commercial<\/a><\/p>\n<p style=\"text-align: left;\"><a href=\"http:\/\/gator4082.temp.domains\/~aquatiss\/produit\/pompe-doseuse-poste-de-nettoyage-de-desinfection\/fiche-technique-post-hygienne\/\" rel=\"attachment wp-att-3991\"><br \/>\n<img decoding=\"async\"  src=\"http:\/\/gator4082.temp.domains\/~aquatiss\/wp-content\/uploads\/2017\/02\/adobe-pdf-logo-1480D328A9-seeklogo.com_.jpg\" alt=\"adobe-pdf-logo-1480d328a9-seeklogo-com\" width=\"31\" height=\"33\" class=\"wp-image-2811 alignleft no-lazyload\" \/><\/a><\/p>\n<p style=\"text-align: left;\"><a href=\"http:\/\/gator4082.temp.domains\/~aquatiss\/produit\/pompe-doseuse-poste-de-nettoyage-de-desinfection\/fiche-technique-post-hygienne\/\" rel=\"attachment wp-att-3991\">Fiche technique<\/a><\/p>\n","protected":false},"excerpt":{"rendered":"<p>Les postes d\u2019hygi\u00e8ne sont destin\u00e9es au nettoyage intensif et\/ou \u00e0 la d\u00e9sinfection des sols et des surfaces pour l\u2019industrie agro-alimentaire, collectivit\u00e9s \u2026<\/p>\n","protected":false},"featured_media":3995,"comment_status":"open","ping_status":"closed","template":"","meta":[],"product_cat":[108,142],"product_tag":[],"class_list":["post-3990","product","type-product","status-publish","has-post-thumbnail","hentry","product_cat-hygiene","product_cat-poste-de-nettoyage-et-de-desinfection","pa_domaine-collectivites","pa_domaine-entreprise","pa_domaine-food","pa_domaine-hotel","pa_domaine-industrie","pa_domaine-medical","pa_domaine-proprete"],"_links":{"self":[{"href":"https:\/\/aquatiss.com.tn\/fr\/wp-json\/wp\/v2\/product\/3990","targetHints":{"allow":["GET"]}}],"collection":[{"href":"https:\/\/aquatiss.com.tn\/fr\/wp-json\/wp\/v2\/product"}],"about":[{"href":"https:\/\/aquatiss.com.tn\/fr\/wp-json\/wp\/v2\/types\/product"}],"replies":[{"embeddable":true,"href":"https:\/\/aquatiss.com.tn\/fr\/wp-json\/wp\/v2\/comments?post=3990"}],"wp:featuredmedia":[{"embeddable":true,"href":"https:\/\/aquatiss.com.tn\/fr\/wp-json\/wp\/v2\/media\/3995"}],"wp:attachment":[{"href":"https:\/\/aquatiss.com.tn\/fr\/wp-json\/wp\/v2\/media?parent=3990"}],"wp:term":[{"taxonomy":"product_cat","embeddable":true,"href":"https:\/\/aquatiss.com.tn\/fr\/wp-json\/wp\/v2\/product_cat?post=3990"},{"taxonomy":"product_tag","embeddable":true,"href":"https:\/\/aquatiss.com.tn\/fr\/wp-json\/wp\/v2\/product_tag?post=3990"}],"curies":[{"name":"wp","href":"https:\/\/api.w.org\/{rel}","templated":true}]}}