{"id":4002,"date":"2017-04-12T16:16:31","date_gmt":"2017-04-12T15:16:31","guid":{"rendered":"http:\/\/gator4082.temp.domains\/~aquatiss\/produit\/conteneur-a-2-roues-plastique-360l\/"},"modified":"2024-01-15T09:43:56","modified_gmt":"2024-01-15T09:43:56","slug":"conteneur-2-roues-plastique-360l","status":"publish","type":"product","link":"https:\/\/aquatiss.com.tn\/fr\/produit\/conteneur-2-roues-plastique-360l\/","title":{"rendered":"Conteneur 2 roues plastique 360L"},"content":{"rendered":"<p>Conteneur 2 roues plastique 360L\u00a0 \u00e0 deux roues\u00a0 haute densit\u00e9<br \/>\nUsage multiple, ext\u00e9rieur et int\u00e9rieur<br \/>\nTeint\u00e9 en masse<br \/>\nAbsorbe les chocs, emplacement rapide et facile des roues<br \/>\nCouvercle ergonomique facile \u00e0 ouvrir par prise de main<br \/>\nExcellente tenue aux agents atmosph\u00e9rique et chimiques<br \/>\nGarantie de 1 an contre les casses et fissures non accidentelles sauf roues<\/p>\n<p>&nbsp;<\/p>\n<h4>Points Forts Conteneur 2 roues plastique 360L :<\/h4>\n<p>Usage multiple, ext\u00e9rieur et int\u00e9rieur<br \/>\nDomaine application :environnements-industriels<br \/>\nPr\u00e9sentant une parfaite r\u00e9sistance aux chocs<br \/>\nParfaite r\u00e9sistance produits chimiques courants<br \/>\nR\u00e9sistance U.V et aux grands \u00e9carts de temp\u00e9ratures<br \/>\nCouvercle avec une pr\u00e9hension frontale<\/p>\n","protected":false},"excerpt":{"rendered":"<p>Usage multiple, ext\u00e9rieur et int\u00e9rieur<br \/>\nDomaine application :environnements-industriels<br \/>\nPr\u00e9sentant une parfaite r\u00e9sistance aux chocs<br \/>\nParfaite r\u00e9sistance produits chimiques courants<br \/>\nR\u00e9sistance U.V et aux grands \u00e9carts de temp\u00e9ratures<br \/>\nCouvercle avec une pr\u00e9hension frontale<\/p>\n","protected":false},"featured_media":1820,"comment_status":"open","ping_status":"closed","template":"","meta":[],"product_cat":[322,326,323,325,324,108],"product_tag":[346],"class_list":["post-4002","product","type-product","status-publish","has-post-thumbnail","hentry","product_cat-conteneur","product_cat-conteneur-2-roues","product_cat-conteneur-a-pedale","product_cat-conteneur-exterieur","product_cat-conteneur-interieur","product_cat-hygiene","product_tag-conteneur","pa_color-orange","pa_color-rouge","pa_color-bleu","pa_color-gris","pa_color-jaune","pa_color-turquoise","pa_color-vert","pa_contenance-360l","pa_domaine-entreprise","pa_domaine-food","pa_domaine-hotel","pa_domaine-medical","pa_domaine-proprete"],"_links":{"self":[{"href":"https:\/\/aquatiss.com.tn\/fr\/wp-json\/wp\/v2\/product\/4002","targetHints":{"allow":["GET"]}}],"collection":[{"href":"https:\/\/aquatiss.com.tn\/fr\/wp-json\/wp\/v2\/product"}],"about":[{"href":"https:\/\/aquatiss.com.tn\/fr\/wp-json\/wp\/v2\/types\/product"}],"replies":[{"embeddable":true,"href":"https:\/\/aquatiss.com.tn\/fr\/wp-json\/wp\/v2\/comments?post=4002"}],"wp:featuredmedia":[{"embeddable":true,"href":"https:\/\/aquatiss.com.tn\/fr\/wp-json\/wp\/v2\/media\/1820"}],"wp:attachment":[{"href":"https:\/\/aquatiss.com.tn\/fr\/wp-json\/wp\/v2\/media?parent=4002"}],"wp:term":[{"taxonomy":"product_cat","embeddable":true,"href":"https:\/\/aquatiss.com.tn\/fr\/wp-json\/wp\/v2\/product_cat?post=4002"},{"taxonomy":"product_tag","embeddable":true,"href":"https:\/\/aquatiss.com.tn\/fr\/wp-json\/wp\/v2\/product_tag?post=4002"}],"curies":[{"name":"wp","href":"https:\/\/api.w.org\/{rel}","templated":true}]}}