{"id":4009,"date":"2017-04-12T16:43:15","date_gmt":"2017-04-12T15:43:15","guid":{"rendered":"http:\/\/gator4082.temp.domains\/~aquatiss\/produit\/conteneur-a-4-roues-plastique-1100l\/"},"modified":"2017-04-12T16:46:31","modified_gmt":"2017-04-12T15:46:31","slug":"conteneur-a-4-roues-plastique-1100l","status":"publish","type":"product","link":"https:\/\/aquatiss.com.tn\/fr\/produit\/conteneur-a-4-roues-plastique-1100l\/","title":{"rendered":"Conteneur \u00e0 4 roues plastique 1100L"},"content":{"rendered":"<p>Conteneur \u00e0 deux roues en poly\u00e9thyl\u00e8ne haute densit\u00e9 PEHD<br \/>\nUsage multiple, ext\u00e9rieur et int\u00e9rieur<br \/>\nTeint\u00e9 en masse<br \/>\nAbsorbe les chocs, emplacement rapide et facile des roues<br \/>\nCouvercle ergonomique facile \u00e0 ouvrir par prise de main<br \/>\nExcellente tenue aux agents atmosph\u00e9rique et chimiques<\/p>\n","protected":false},"excerpt":{"rendered":"<p>Conteneur \u00e0 deux roues en poly\u00e9thyl\u00e8ne haute densit\u00e9 PEHD<br \/>\nUsage multiple, ext\u00e9rieur et int\u00e9rieur<\/p>\n","protected":false},"featured_media":4008,"comment_status":"open","ping_status":"closed","template":"","meta":[],"product_cat":[322,327,323,325,324,108],"product_tag":[346],"class_list":["post-4009","product","type-product","status-publish","has-post-thumbnail","hentry","product_cat-conteneur","product_cat-conteneur-4-roues","product_cat-conteneur-a-pedale","product_cat-conteneur-exterieur","product_cat-conteneur-interieur","product_cat-hygiene","product_tag-conteneur","pa_color-bleu","pa_color-gris","pa_contenance-1100l","pa_domaine-entreprise","pa_domaine-food","pa_domaine-hotel","pa_domaine-medical","pa_domaine-proprete"],"_links":{"self":[{"href":"https:\/\/aquatiss.com.tn\/fr\/wp-json\/wp\/v2\/product\/4009","targetHints":{"allow":["GET"]}}],"collection":[{"href":"https:\/\/aquatiss.com.tn\/fr\/wp-json\/wp\/v2\/product"}],"about":[{"href":"https:\/\/aquatiss.com.tn\/fr\/wp-json\/wp\/v2\/types\/product"}],"replies":[{"embeddable":true,"href":"https:\/\/aquatiss.com.tn\/fr\/wp-json\/wp\/v2\/comments?post=4009"}],"wp:featuredmedia":[{"embeddable":true,"href":"https:\/\/aquatiss.com.tn\/fr\/wp-json\/wp\/v2\/media\/4008"}],"wp:attachment":[{"href":"https:\/\/aquatiss.com.tn\/fr\/wp-json\/wp\/v2\/media?parent=4009"}],"wp:term":[{"taxonomy":"product_cat","embeddable":true,"href":"https:\/\/aquatiss.com.tn\/fr\/wp-json\/wp\/v2\/product_cat?post=4009"},{"taxonomy":"product_tag","embeddable":true,"href":"https:\/\/aquatiss.com.tn\/fr\/wp-json\/wp\/v2\/product_tag?post=4009"}],"curies":[{"name":"wp","href":"https:\/\/api.w.org\/{rel}","templated":true}]}}