{"id":40172,"date":"2023-12-27T10:30:01","date_gmt":"2023-12-27T10:30:01","guid":{"rendered":"https:\/\/aquatiss.com.tn\/?post_type=product&#038;p=40172"},"modified":"2025-03-12T10:18:14","modified_gmt":"2025-03-12T10:18:14","slug":"poubelle-basculante-en-acier-de-tri-selectif-12l-anthracite-kube","status":"publish","type":"product","link":"https:\/\/aquatiss.com.tn\/fr\/produit\/poubelle-basculante-en-acier-de-tri-selectif-12l-anthracite-kube\/","title":{"rendered":"Poubelle Basculante en acier de tri s\u00e9lectif 12L anthracite KUBE"},"content":{"rendered":"<p>Poubelle Basculante en acier de tri s\u00e9lectif 12L anthracite KUBE<\/p>\n<p>Poubelle Basculante a pos\u00e9e au sol KUBE<br \/>\nEn t\u00f4le d&rsquo;acier galvanis\u00e9e avec rev\u00eatement par poudre polyester \u00e9poxy.<br \/>\nColoris de la structure au choix : noir ou marron&#8230;<br \/>\nLa partie seau est amovible pour pouvoir \u00eatre vid\u00e9e et nettoy\u00e9e.<br \/>\nPeut \u00eatre adapt\u00e9e pour le tri s\u00e9lective<\/p>\n<h4>Dimensions Poubelle Basculante en acier de tri s\u00e9lectif 12L anthracite KUBE<\/h4>\n<p>HauteurxLargeurxProfondeur : 31,5 x 16 x 22 cm<\/p>\n<p><a href=\"https:\/\/aquatiss.com.tn\/?s=roll%27s&amp;post_type=product&amp;type_aws=true\">d\u00e9couvrez notre gamme roll&rsquo;s<\/a><\/p>\n","protected":false},"excerpt":{"rendered":"<p><strong>S&rsquo;int\u00e8gre facilement dans n&rsquo;importe quelle d\u00e9coration salle de bain, maison ou bureau, locaux communs gr\u00e2ce \u00e0 sa longueur \u00e9troite.<\/strong><\/p>\n<p>Poubelle a p\u00e9dale basculante facile et pratique,<br \/>\nInt\u00e9rieure robuste et r\u00e9sistant en acier.<br \/>\nSeau int\u00e9rieur bascule s&rsquo;ouvre en appuyant sur la p\u00e9dale.<br \/>\nContenance de 12 litres.<br \/>\nPour sacs \u00e0 ordures de 15 ou 20 L.<br \/>\nDimensions (hauteur x largeur x longueur) : 31,5 x 16 x 22cm<\/p>\n","protected":false},"featured_media":40173,"comment_status":"open","ping_status":"closed","template":"","meta":[],"product_cat":[2056,1426,470,313,314],"product_tag":[],"class_list":["post-40172","product","type-product","status-publish","has-post-thumbnail","hentry","product_cat-gamme-rolls","product_cat-mobilier-de-bureau","product_cat-mobilier-exterieur","product_cat-poubelle-collecte-selective","product_cat-poubelle-public"],"_links":{"self":[{"href":"https:\/\/aquatiss.com.tn\/fr\/wp-json\/wp\/v2\/product\/40172","targetHints":{"allow":["GET"]}}],"collection":[{"href":"https:\/\/aquatiss.com.tn\/fr\/wp-json\/wp\/v2\/product"}],"about":[{"href":"https:\/\/aquatiss.com.tn\/fr\/wp-json\/wp\/v2\/types\/product"}],"replies":[{"embeddable":true,"href":"https:\/\/aquatiss.com.tn\/fr\/wp-json\/wp\/v2\/comments?post=40172"}],"wp:featuredmedia":[{"embeddable":true,"href":"https:\/\/aquatiss.com.tn\/fr\/wp-json\/wp\/v2\/media\/40173"}],"wp:attachment":[{"href":"https:\/\/aquatiss.com.tn\/fr\/wp-json\/wp\/v2\/media?parent=40172"}],"wp:term":[{"taxonomy":"product_cat","embeddable":true,"href":"https:\/\/aquatiss.com.tn\/fr\/wp-json\/wp\/v2\/product_cat?post=40172"},{"taxonomy":"product_tag","embeddable":true,"href":"https:\/\/aquatiss.com.tn\/fr\/wp-json\/wp\/v2\/product_tag?post=40172"}],"curies":[{"name":"wp","href":"https:\/\/api.w.org\/{rel}","templated":true}]}}