{"id":4029,"date":"2017-04-12T17:23:44","date_gmt":"2017-04-12T16:23:44","guid":{"rendered":"http:\/\/gator4082.temp.domains\/~aquatiss\/produit\/conteneur-a-4-roues-en-tole-acier-770l\/"},"modified":"2025-07-09T13:50:54","modified_gmt":"2025-07-09T13:50:54","slug":"conteneur-a-4-roues-en-tole-acier-770l","status":"publish","type":"product","link":"https:\/\/aquatiss.com.tn\/fr\/produit\/conteneur-a-4-roues-en-tole-acier-770l\/","title":{"rendered":"Conteneur \u00e0 4 roues en T\u00f4le acier 770L \u00e0 couvercle plat"},"content":{"rendered":"<p>Conteneurs 770 L robuste en t\u00f4le acier d\u2019\u00e9paisseur 15\/10 lamin\u00e9e \u00e0 froid et galvanis\u00e9s \u00e0 chaud assurant une r\u00e9sistance contre la corrosion<br \/>\n-Le conteneur \u00e0 subit un traitement de galvanisation \u00e0 chaud apr\u00e8s soudure continue de l&rsquo;ensemble par soudure MIG.<br \/>\n-Le conteneur est conforme \u00e0 la norme NE 840.<br \/>\n-Forme rectangulaire (prismatique) \u00e0 fond bomb\u00e9 facile \u00e0 d\u00e9placer et \u00e0 nettoyer totalement<br \/>\n&#8211; Il est menu d&rsquo;un syst\u00e8me de pr\u00e9hension adaptable aux diff\u00e9rentes l\u00e8ves conteneurs.<br \/>\n&#8211; Le couvercle est plat est de section rectangulaire avec deux charni\u00e8res fixes menue de poignet pour l&rsquo;ouverture.<br \/>\n&#8211; Le conteneur est \u00e9quip\u00e9 de poignet de man\u0153uvre<br \/>\n-Facile \u00e0 rouler, \u00c9quip\u00e9 de 4 roues pivotantes diam. 200 mm (dont 1 avec frein)de capacit\u00e9 300kg\/roue.<br \/>\n-Le conteneur est \u00e9quip\u00e9 d&rsquo;un tube d&rsquo;\u00e9vacuation au point le plus bas du conteneur.<br \/>\n-Marquage g\u00e9n\u00e9ral et sp\u00e9cifique<\/p>\n","protected":false},"excerpt":{"rendered":"<p>Conteneurs 770 L robuste en t\u00f4le acier d\u2019\u00e9paisseur 15\/10 lamin\u00e9e \u00e0 froid et galvanis\u00e9s \u00e0 chaud assurant une r\u00e9sistance contre la corrosion<\/p>\n","protected":false},"featured_media":5602,"comment_status":"open","ping_status":"closed","template":"","meta":[],"product_cat":[322,327,323,325,108],"product_tag":[346],"class_list":["post-4029","product","type-product","status-publish","has-post-thumbnail","hentry","product_cat-conteneur","product_cat-conteneur-4-roues","product_cat-conteneur-a-pedale","product_cat-conteneur-exterieur","product_cat-hygiene","product_tag-conteneur","pa_contenance-770l","pa_domaine-entreprise","pa_domaine-food","pa_domaine-hotel","pa_domaine-medical","pa_domaine-proprete"],"_links":{"self":[{"href":"https:\/\/aquatiss.com.tn\/fr\/wp-json\/wp\/v2\/product\/4029","targetHints":{"allow":["GET"]}}],"collection":[{"href":"https:\/\/aquatiss.com.tn\/fr\/wp-json\/wp\/v2\/product"}],"about":[{"href":"https:\/\/aquatiss.com.tn\/fr\/wp-json\/wp\/v2\/types\/product"}],"replies":[{"embeddable":true,"href":"https:\/\/aquatiss.com.tn\/fr\/wp-json\/wp\/v2\/comments?post=4029"}],"wp:featuredmedia":[{"embeddable":true,"href":"https:\/\/aquatiss.com.tn\/fr\/wp-json\/wp\/v2\/media\/5602"}],"wp:attachment":[{"href":"https:\/\/aquatiss.com.tn\/fr\/wp-json\/wp\/v2\/media?parent=4029"}],"wp:term":[{"taxonomy":"product_cat","embeddable":true,"href":"https:\/\/aquatiss.com.tn\/fr\/wp-json\/wp\/v2\/product_cat?post=4029"},{"taxonomy":"product_tag","embeddable":true,"href":"https:\/\/aquatiss.com.tn\/fr\/wp-json\/wp\/v2\/product_tag?post=4029"}],"curies":[{"name":"wp","href":"https:\/\/api.w.org\/{rel}","templated":true}]}}