{"id":4041,"date":"2017-04-18T09:48:18","date_gmt":"2017-04-18T08:48:18","guid":{"rendered":"http:\/\/gator4082.temp.domains\/~aquatiss\/produit\/savon-bactericide-usage-medicale-bidon-5l-bell-main\/"},"modified":"2026-03-12T09:26:59","modified_gmt":"2026-03-12T09:26:59","slug":"savon-bactericide-usage-medicale-bidon-5l-bell-main","status":"publish","type":"product","link":"https:\/\/aquatiss.com.tn\/fr\/produit\/savon-bactericide-usage-medicale-bidon-5l-bell-main\/","title":{"rendered":"Savon bact\u00e9ricide usage m\u00e9dicale bidon 5L Bell main"},"content":{"rendered":"<p><strong>INDICATIONS<\/strong><br \/>\nSavon bact\u00e9ricide liquide pour le traitement hygi\u00e9nique et la d\u00e9sinfection des mains recommand\u00e9 pour les peaux sensibles et \u00e0 usages r\u00e9p\u00e9t\u00e9s.<\/p>\n<p>Apr\u00e8s tout contact avec des objets ou personnes susceptibles d\u2019\u00eatre des vecteurs de contamination manu port\u00e9.<\/p>\n<p>Avant \/apr\u00e8s les gestes de la vie courante (t\u00e9l\u00e9phone, ordinateur, toilette\u2026).<\/p>\n<p>Avant tout acte n\u00e9cessitant une hygi\u00e8ne stricte (passage d\u2019un patient \u00e0 un autre, soin de patient en isolement protecteur\u2026).<\/p>\n<h3><b>PROPRI\u00c9T\u00c9S<\/b><strong>\u00a0MICROBIOLOGIQUES<\/strong><\/h3>\n<p>UNE FORMULE PERFORMANTE<br \/>\nBact\u00e9ricide agit sur :<br \/>\n&#8211; Esch\u00e9rishia coli<br \/>\n&#8211; Staphylococcus aureus<br \/>\n&#8211; Streptococcus faecalis<br \/>\n&#8211; Pseudomonas aeruginosa<br \/>\n&#8211; Ent\u00e9rococcm hirae<br \/>\nUNE FORMULE TOL\u00c9RANTE<br \/>\nPr\u00e9serve l\u2019hydratation<br \/>\nAdoucit et prot\u00e8ge<\/p>\n<h3><strong>NON IRRITANTE<\/strong><\/h3>\n<p>Contient de la glyc\u00e9rine<\/p>\n<h3><strong>COMPOSITION QUALITATIVE<\/strong><\/h3>\n<p>Composition:<br \/>\nTensioactifs amphot\u00e8res<br \/>\nAmmonium quaternaires<br \/>\nGlyc\u00e9rine<br \/>\nAld\u00e9hyde<br \/>\nPropri\u00e9t\u00e9 physico-chimiques :<br \/>\nTexture : liquide incolore<br \/>\nOdeur : neutre<br \/>\nPH = 6.5 \u00e0 7<br \/>\nDensit\u00e9 : 1<\/p>\n<h3><strong>MODE D&rsquo;EMPLOI<\/strong><\/h3>\n<p>S\u2019utilise par petites doses d\u00e9livr\u00e9es par des distributeurs \u00e0 savons muraux afin d&rsquo;\u00e9viter toutes contaminations du produit. Se mouiller les mains et appliquer une dose de BELLMAIN. Frotter \u00e9nergiquement jusqu&rsquo;aux poignets, brosser les ongles et rincer abondement.<br \/>\nAllonger le temps de contact pour une d\u00e9sinfection parfaite. Ne pas d\u00e9passer 3 minutes.<\/p>\n<p><strong>PR\u00c9CAUTIONS D&rsquo;EMPLOI<\/strong><br \/>\nBELLMAIN est un produit \u00e0 usage externe. En cas de contact avec les yeux rincer abondement \u00e0 l&rsquo;eau claire et consulter un sp\u00e9cialiste.<\/p>\n<p><img decoding=\"async\"  src=\"http:\/\/gator4082.temp.domains\/~aquatiss\/wp-content\/uploads\/2017\/02\/adobe-pdf-logo-1480D328A9-seeklogo.com_.jpg\" alt=\"adobe-pdf-logo-1480d328a9-seeklogo-com\" width=\"34\" height=\"36\" class=\" wp-image-2811 alignleft no-lazyload\" \/><\/p>\n<p><a href=\"http:\/\/gator4082.temp.domains\/~aquatiss\/wp-content\/uploads\/2017\/04\/Fiche-technique17.pdf\" rel=\"attachment wp-att-4045\">Fiche Technique<\/a><\/p>\n","protected":false},"excerpt":{"rendered":"<p>Savon bact\u00e9ricide liquide pour le traitement hygi\u00e9nique et la d\u00e9sinfection des mains recommand\u00e9 pour les peaux sensibles et \u00e0 usages r\u00e9p\u00e9t\u00e9s.<\/p>\n<p>Par 4 bidons de 5L<\/p>\n","protected":false},"featured_media":4042,"comment_status":"open","ping_status":"closed","template":"","meta":[],"product_cat":[410],"product_tag":[812],"class_list":["post-4041","product","type-product","status-publish","has-post-thumbnail","hentry","product_cat-savon-liquide","product_tag-savon","pa_contenance-214","pa_domaine-collectivites","pa_domaine-entreprise","pa_domaine-food","pa_domaine-hotel","pa_domaine-industrie","pa_domaine-medical","pa_domaine-proprete"],"_links":{"self":[{"href":"https:\/\/aquatiss.com.tn\/fr\/wp-json\/wp\/v2\/product\/4041","targetHints":{"allow":["GET"]}}],"collection":[{"href":"https:\/\/aquatiss.com.tn\/fr\/wp-json\/wp\/v2\/product"}],"about":[{"href":"https:\/\/aquatiss.com.tn\/fr\/wp-json\/wp\/v2\/types\/product"}],"replies":[{"embeddable":true,"href":"https:\/\/aquatiss.com.tn\/fr\/wp-json\/wp\/v2\/comments?post=4041"}],"wp:featuredmedia":[{"embeddable":true,"href":"https:\/\/aquatiss.com.tn\/fr\/wp-json\/wp\/v2\/media\/4042"}],"wp:attachment":[{"href":"https:\/\/aquatiss.com.tn\/fr\/wp-json\/wp\/v2\/media?parent=4041"}],"wp:term":[{"taxonomy":"product_cat","embeddable":true,"href":"https:\/\/aquatiss.com.tn\/fr\/wp-json\/wp\/v2\/product_cat?post=4041"},{"taxonomy":"product_tag","embeddable":true,"href":"https:\/\/aquatiss.com.tn\/fr\/wp-json\/wp\/v2\/product_tag?post=4041"}],"curies":[{"name":"wp","href":"https:\/\/api.w.org\/{rel}","templated":true}]}}