{"id":40497,"date":"2024-02-15T16:26:10","date_gmt":"2024-02-15T16:26:10","guid":{"rendered":"https:\/\/aquatiss.com.tn\/?post_type=product&#038;p=40497"},"modified":"2024-02-17T10:47:57","modified_gmt":"2024-02-17T10:47:57","slug":"minibar-50l-avec-technologie-compresseur","status":"publish","type":"product","link":"https:\/\/aquatiss.com.tn\/fr\/produit\/minibar-50l-avec-technologie-compresseur\/","title":{"rendered":"Minibar 50L avec Technologie compresseur"},"content":{"rendered":"<p>Minibar 50L avec Technologie compresseur<\/p>\n<div class=\"flex-1 overflow-hidden\">\n<div class=\"react-scroll-to-bottom--css-ivwrs-79elbk h-full\">\n<div class=\"react-scroll-to-bottom--css-ivwrs-1n7m0yu\">\n<div class=\"flex flex-col pb-9 text-sm\">\n<div class=\"w-full text-token-text-primary\" data-testid=\"conversation-turn-43\">\n<div class=\"px-4 py-2 justify-center text-base md:gap-6 m-auto\">\n<div class=\"flex flex-1 text-base mx-auto gap-3 md:px-5 lg:px-1 xl:px-5 md:max-w-3xl lg:max-w-[40rem] xl:max-w-[48rem] group final-completion\">\n<div class=\"relative flex w-full flex-col agent-turn\">\n<div class=\"flex-col gap-1 md:gap-3\">\n<div class=\"flex flex-grow flex-col max-w-full\">\n<div class=\"min-h-[20px] text-message flex flex-col items-start gap-3 whitespace-pre-wrap break-words [.text-message+&amp;]:mt-5 overflow-x-auto\" data-message-author-role=\"assistant\" data-message-id=\"1452bd3c-0c0c-4f04-91fd-42aa6d3ea35a\">\n<div class=\"markdown prose w-full break-words dark:prose-invert light\">\n<p>Le minibar 40L avec technologie de compresseur est un ajout pratique et \u00e9l\u00e9gant \u00e0 tout espace de stockage de boissons.<\/p>\n<p>De plus, avec ses dimensions compactes de 496x474x447 (mm) et son volume g\u00e9n\u00e9reux de 50L, il offre amplement d&rsquo;espace pour garder vos boissons et collations \u00e0 port\u00e9e de main.<\/p>\n<p>De plus, certifi\u00e9 CE, ce minibar garantit des normes de qualit\u00e9 \u00e9lev\u00e9es, r\u00e9pondant ainsi aux exigences r\u00e9glementaires les plus strictes.<\/p>\n<p>En outre, la technologie de compresseur assure une puissance de 70W pour un refroidissement rapide et efficace, pr\u00e9servant ainsi la fra\u00eecheur de vos boissons pendant une longue p\u00e9riode.<\/p>\n<p>Le d\u00e9givrage automatique simplifie l&rsquo;entretien de ce minibar, assurant un fonctionnement continu et sans tracas.<\/p>\n<p>En outre, avec un niveau sonore de seulement 35DB, il offre une exp\u00e9rience silencieuse, id\u00e9ale pour les environnements de sommeil ou de d\u00e9tente.<\/p>\n<p>En outre, la porte r\u00e9versible offre une installation flexible, permettant de s&rsquo;adapter \u00e0 diff\u00e9rentes configurations d&rsquo;espace.<\/p>\n<p>Par ailleurs, quant \u00e0 l&rsquo;\u00e9clairage int\u00e9rieur LED, il assure une visibilit\u00e9 optimale de vos boissons et collations, facilitant ainsi l&rsquo;acc\u00e8s \u00e0 vos articles pr\u00e9f\u00e9r\u00e9s.<\/p>\n<p>En r\u00e9sum\u00e9, le minibar 50L avec technologie de compresseur combine style, efficacit\u00e9 et praticit\u00e9 pour r\u00e9pondre \u00e0 vos besoins de stockage.<\/p>\n<p>Avec ses fonctionnalit\u00e9s avanc\u00e9es et sa certification CE, il constitue un choix id\u00e9al pour tout espace, garantissant une exp\u00e9rience de rafra\u00eechissement optimale.<\/p>\n<h4 class=\"flex w-full gap-2 items-center justify-center\">Caracteristiques Minibar 50L avec Technologie compresseur<\/h4>\n<p>Dimensions : HxLxP 496x474x447 (mm)<br \/>\nVolume 50L<br \/>\nType climatique Subtropical\/tropical<br \/>\nCertifications CE<br \/>\nTechnologie Compresseur<br \/>\nR\u00e9frig\u00e9rant R. 600a<br \/>\nPuissance 70W<br \/>\nConsommation 0.35kw.h\/24h<br \/>\nThermostat r\u00e9glable 7 niveaux<br \/>\nD\u00e9givrage automatique Oui<br \/>\nNiveau sonore 35DB<br \/>\nCouleur blanc-gris<br \/>\nCouleur\u00a0 blanc-gris<br \/>\nPorte r\u00e9versible oui<br \/>\nEclairage int\u00e9rieur\u00a0 non<br \/>\nClasse \u00e9nerg\u00e9tique Classe A<br \/>\nSerrure oui<br \/>\nPoids 14.5kg<\/p>\n<p>Garantie 1an<\/p>\n<p>&nbsp;<\/p>\n<\/div>\n<\/div>\n<\/div>\n<\/div>\n<\/div>\n<\/div>\n<\/div>\n<\/div>\n<\/div>\n<\/div>\n<\/div>\n<\/div>\n","protected":false},"excerpt":{"rendered":"<p><strong><strong><span style=\"font-size: 14pt;\">D\u00e9couvrez le confort et l&rsquo;\u00e9l\u00e9gance avec notre Minibar 50L , \u00e9quip\u00e9 de la technologie compresseur<\/span><\/strong><\/strong><\/p>\n<p>Dimensions :\u00a0 \u00a0 \u00a0 \u00a0 \u00a0 \u00a0 \u00a0 \u00a0 \u00a0 \u00a0 \u00a0 \u00a0 \u00a0 \u00a0 \u00a0 \u00a0 \u00a0 \u00a0 \u00a0 \u00a0 \u00a0 \u00a0 \u00a0HxLxP 496x474x447 (mm)<br \/>\nVolume\u00a0 \u00a0 \u00a0 \u00a0 \u00a0 \u00a0 \u00a0 \u00a0 \u00a0 \u00a0 \u00a0 \u00a0 \u00a0 \u00a0 \u00a0 \u00a0 \u00a0 \u00a0 \u00a0 \u00a0 \u00a0 \u00a0 \u00a0 \u00a0 \u00a0 \u00a0 \u00a0 \u00a050L<br \/>\nType climatique\u00a0 \u00a0 \u00a0 \u00a0 \u00a0 \u00a0 \u00a0 \u00a0 \u00a0 \u00a0 \u00a0 \u00a0 \u00a0 \u00a0 \u00a0 \u00a0 \u00a0 \u00a0 \u00a0 \u00a0Subtropical\/tropical<br \/>\nCertifications\u00a0 \u00a0 \u00a0 \u00a0 \u00a0 \u00a0 \u00a0 \u00a0 \u00a0 \u00a0 \u00a0 \u00a0 \u00a0 \u00a0 \u00a0 \u00a0 \u00a0 \u00a0 \u00a0 \u00a0 \u00a0 \u00a0 \u00a0CE<br \/>\nTechnologie\u00a0 \u00a0 \u00a0 \u00a0 \u00a0 \u00a0 \u00a0 \u00a0 \u00a0 \u00a0 \u00a0 \u00a0 \u00a0 \u00a0 \u00a0 \u00a0 \u00a0 \u00a0 \u00a0 \u00a0 \u00a0 \u00a0 \u00a0 \u00a0Compresseur<br \/>\nR\u00e9frig\u00e9rant\u00a0 \u00a0 \u00a0 \u00a0 \u00a0 \u00a0 \u00a0 \u00a0 \u00a0 \u00a0 \u00a0 \u00a0 \u00a0 \u00a0 \u00a0 \u00a0 \u00a0 \u00a0 \u00a0 \u00a0 \u00a0 \u00a0 \u00a0 \u00a0 \u00a0R. 600a<br \/>\nPuissance\u00a0 \u00a0 \u00a0 \u00a0 \u00a0 \u00a0 \u00a0 \u00a0 \u00a0 \u00a0 \u00a0 \u00a0 \u00a0 \u00a0 \u00a0 \u00a0 \u00a0 \u00a0 \u00a0 \u00a0 \u00a0 \u00a0 \u00a0 \u00a0 \u00a0 \u00a0 70W<br \/>\nConsommation\u00a0 \u00a0 \u00a0 \u00a0 \u00a0 \u00a0 \u00a0 \u00a0 \u00a0 \u00a0 \u00a0 \u00a0 \u00a0 \u00a0 \u00a0 \u00a0 \u00a0 \u00a0 \u00a0 \u00a0 \u00a00.35kw.h\/24h<br \/>\nThermostat r\u00e9glable\u00a0 \u00a0 \u00a0 \u00a0 \u00a0 \u00a0 \u00a0 \u00a0 \u00a0 \u00a0 \u00a0 \u00a0 \u00a0 \u00a0 \u00a0 \u00a0 7 niveaux<br \/>\nD\u00e9givrage automatique\u00a0 \u00a0 \u00a0 \u00a0 \u00a0 \u00a0 \u00a0 \u00a0 \u00a0 \u00a0 \u00a0 \u00a0 \u00a0 \u00a0Oui<br \/>\nNiveau sonore\u00a0 \u00a0 \u00a0 \u00a0 \u00a0 \u00a0 \u00a0 \u00a0 \u00a0 \u00a0 \u00a0 \u00a0 \u00a0 \u00a0 \u00a0 \u00a0 \u00a0 \u00a0 \u00a0 \u00a0 \u00a0 \u00a0 35DB<br \/>\nCouleur\u00a0 \u00a0 \u00a0 \u00a0 \u00a0 \u00a0 \u00a0 \u00a0 \u00a0 \u00a0 \u00a0 \u00a0 \u00a0 \u00a0 \u00a0 \u00a0 \u00a0 \u00a0 \u00a0 \u00a0 \u00a0 \u00a0 \u00a0 \u00a0 \u00a0 \u00a0 \u00a0 \u00a0blanc-gris<br \/>\nPorte r\u00e9versible\u00a0 \u00a0 \u00a0 \u00a0 \u00a0 \u00a0 \u00a0 \u00a0 \u00a0 \u00a0 \u00a0 \u00a0 \u00a0 \u00a0 \u00a0 \u00a0 \u00a0 \u00a0 \u00a0 \u00a0 \u00a0oui<br \/>\nEclairage int\u00e9rieur\u00a0 \u00a0 \u00a0 \u00a0 \u00a0 \u00a0 \u00a0 \u00a0 \u00a0 \u00a0 \u00a0 \u00a0 \u00a0 \u00a0 \u00a0 \u00a0 \u00a0 \u00a0 non<br \/>\nClasse \u00e9nerg\u00e9tique\u00a0 \u00a0 \u00a0 \u00a0 \u00a0 \u00a0 \u00a0 \u00a0 \u00a0 \u00a0 \u00a0 \u00a0 \u00a0 \u00a0 \u00a0 \u00a0 \u00a0 \u00a0Classe A<br \/>\nSerrure\u00a0 \u00a0 \u00a0 \u00a0 \u00a0 \u00a0 \u00a0 \u00a0 \u00a0 \u00a0 \u00a0 \u00a0 \u00a0 \u00a0 \u00a0 \u00a0 \u00a0 \u00a0 \u00a0 \u00a0 \u00a0 \u00a0 \u00a0 \u00a0 \u00a0 \u00a0 \u00a0 \u00a0oui<br \/>\nPoids\u00a0 \u00a0 \u00a0 \u00a0 \u00a0 \u00a0 \u00a0 \u00a0 \u00a0 \u00a0 \u00a0 \u00a0 \u00a0 \u00a0 \u00a0 \u00a0 \u00a0 \u00a0 \u00a0 \u00a0 \u00a0 \u00a0 \u00a0 \u00a0 \u00a0 \u00a0 \u00a0 \u00a0 \u00a0 \u00a014.5kg<br \/>\nGarantie\u00a0 \u00a0 \u00a0 \u00a0 \u00a0 \u00a0 \u00a0 \u00a0 \u00a0 \u00a0 \u00a0 \u00a0 \u00a0 \u00a0 \u00a0 \u00a0 \u00a0 \u00a0 \u00a0 \u00a0 \u00a0 \u00a0 \u00a0 \u00a0 \u00a0 \u00a0 \u00a01an<\/p>\n","protected":false},"featured_media":40498,"comment_status":"open","ping_status":"closed","template":"","meta":[],"product_cat":[545],"product_tag":[1518,1173,797,1400],"class_list":["post-40497","product","type-product","status-publish","has-post-thumbnail","hentry","product_cat-mini-bar","product_tag-frigobar","product_tag-mini-bar-thermoelectrique","product_tag-minibar","product_tag-rolls","pa_contenance-50l","pa_domaine-hotel"],"_links":{"self":[{"href":"https:\/\/aquatiss.com.tn\/fr\/wp-json\/wp\/v2\/product\/40497","targetHints":{"allow":["GET"]}}],"collection":[{"href":"https:\/\/aquatiss.com.tn\/fr\/wp-json\/wp\/v2\/product"}],"about":[{"href":"https:\/\/aquatiss.com.tn\/fr\/wp-json\/wp\/v2\/types\/product"}],"replies":[{"embeddable":true,"href":"https:\/\/aquatiss.com.tn\/fr\/wp-json\/wp\/v2\/comments?post=40497"}],"wp:featuredmedia":[{"embeddable":true,"href":"https:\/\/aquatiss.com.tn\/fr\/wp-json\/wp\/v2\/media\/40498"}],"wp:attachment":[{"href":"https:\/\/aquatiss.com.tn\/fr\/wp-json\/wp\/v2\/media?parent=40497"}],"wp:term":[{"taxonomy":"product_cat","embeddable":true,"href":"https:\/\/aquatiss.com.tn\/fr\/wp-json\/wp\/v2\/product_cat?post=40497"},{"taxonomy":"product_tag","embeddable":true,"href":"https:\/\/aquatiss.com.tn\/fr\/wp-json\/wp\/v2\/product_tag?post=40497"}],"curies":[{"name":"wp","href":"https:\/\/api.w.org\/{rel}","templated":true}]}}