{"id":4057,"date":"2017-04-18T11:33:35","date_gmt":"2017-04-18T11:33:35","guid":{"rendered":"http:\/\/gator4082.temp.domains\/~aquatiss\/?post_type=product&#038;p=4057"},"modified":"2023-03-14T10:44:40","modified_gmt":"2023-03-14T10:44:40","slug":"savon-a-glycerine-usage-frequent-bidon-5l-bell-main","status":"publish","type":"product","link":"https:\/\/aquatiss.com.tn\/fr\/produit\/savon-a-glycerine-usage-frequent-bidon-5l-bell-main\/","title":{"rendered":"Savon \u00e0 la glyc\u00e9rine usage fr\u00e9quent bidon 5L Bell main"},"content":{"rendered":"<p>Savon main \u00e0 la glyc\u00e9rine d\u00e9tergent cosm\u00e9tique hypoallergique, liquide, visqueux, agr\u00e9able parfum\u00e9 aux senteurs naturelles. Pour le traitement hygi\u00e9nique et le d\u00e9sinfection des mains \u00e0 usage r\u00e9p\u00e9t\u00e9s.<\/p>\n<p><strong>Propri\u00e9t\u00e9s :<\/strong><br \/>\nBELLMAIN nettoie, d\u00e9graisse, d\u00e9sinfecte, d\u00e9sodorise et rafra\u00eechie les mains.<br \/>\nIl poss\u00e8de une compatibilit\u00e9 dermique assur\u00e9e par les additifs adoucissants et non irritants.<br \/>\nUtilisable en toutes circonstances et par les corporations les plus vari\u00e9es : h\u00f4tels, restaurant, collectivit\u00e9s, usines &#8230;.<\/p>\n<p><strong>Composition :<\/strong><br \/>\nAgents lavant, glyc\u00e9rine, parfum, additifs sp\u00e9cifiques<\/p>\n<p><strong>Mode d\u2019emploi et dosage<\/strong> :<br \/>\nBELLMAIN s\u2019utilise par petites quantit\u00e9s d\u00e9livr\u00e9es par des distributeurs muraux, afin d\u2019\u00e9viter toute contamination du produit. Mouiller les mains et appliquer une dose de BELLMAIN.<\/p>\n<p><strong>Pr\u00e9caution d\u2019emploi :<\/strong><br \/>\nBELLMAIN est un produit \u00e0 usage externe. En cas de contact avec les yeux rincer abondement \u00e0 l&rsquo;eau claire et consulter un sp\u00e9cialiste.<\/p>\n","protected":false},"excerpt":{"rendered":"<p>Savon main \u00e0 la glyc\u00e9rine d\u00e9tergent cosm\u00e9tique hypoallergique, liquide, visqueux, agr\u00e9able parfum\u00e9 aux senteurs naturelles. Pour le traitement hygi\u00e9nique et le d\u00e9sinfection des mains \u00e0 usage r\u00e9p\u00e9t\u00e9s.<\/p>\n","protected":false},"featured_media":4058,"comment_status":"open","ping_status":"closed","template":"","meta":[],"product_cat":[402,410],"product_tag":[812],"class_list":["post-4057","product","type-product","status-publish","has-post-thumbnail","hentry","product_cat-gel-savon","product_cat-savon-liquide","product_tag-savon","pa_contenance-214","pa_domaine-collectivites","pa_domaine-entreprise","pa_domaine-food","pa_domaine-hotel","pa_domaine-industrie","pa_domaine-medical","pa_domaine-proprete","pa_promos-ventes-flash"],"_links":{"self":[{"href":"https:\/\/aquatiss.com.tn\/fr\/wp-json\/wp\/v2\/product\/4057","targetHints":{"allow":["GET"]}}],"collection":[{"href":"https:\/\/aquatiss.com.tn\/fr\/wp-json\/wp\/v2\/product"}],"about":[{"href":"https:\/\/aquatiss.com.tn\/fr\/wp-json\/wp\/v2\/types\/product"}],"replies":[{"embeddable":true,"href":"https:\/\/aquatiss.com.tn\/fr\/wp-json\/wp\/v2\/comments?post=4057"}],"wp:featuredmedia":[{"embeddable":true,"href":"https:\/\/aquatiss.com.tn\/fr\/wp-json\/wp\/v2\/media\/4058"}],"wp:attachment":[{"href":"https:\/\/aquatiss.com.tn\/fr\/wp-json\/wp\/v2\/media?parent=4057"}],"wp:term":[{"taxonomy":"product_cat","embeddable":true,"href":"https:\/\/aquatiss.com.tn\/fr\/wp-json\/wp\/v2\/product_cat?post=4057"},{"taxonomy":"product_tag","embeddable":true,"href":"https:\/\/aquatiss.com.tn\/fr\/wp-json\/wp\/v2\/product_tag?post=4057"}],"curies":[{"name":"wp","href":"https:\/\/api.w.org\/{rel}","templated":true}]}}