{"id":4088,"date":"2017-04-18T14:41:33","date_gmt":"2017-04-18T13:41:33","guid":{"rendered":"http:\/\/gator4082.temp.domains\/~aquatiss\/?post_type=product&#038;p=4088"},"modified":"2018-02-16T15:03:18","modified_gmt":"2018-02-16T15:03:18","slug":"degraissant-professionnel-bell-four-bidon-5l","status":"publish","type":"product","link":"https:\/\/aquatiss.com.tn\/fr\/produit\/degraissant-professionnel-bell-four-bidon-5l\/","title":{"rendered":"D\u00e9graissant professionnel Bell four bidon 5L"},"content":{"rendered":"<h4>Comment \u00e9liminer rapidement toutes les graisse salissures carbonis\u00e9es ?<\/h4>\n<p><a href=\"http:\/\/gator4082.temp.domains\/~aquatiss\/?s=Bell++bidon+5L&amp;post_type=product&amp;dgwt_wcas=1\">Bell<\/a> four bidon\u00a0 de 5L<\/p>\n<p>D\u00e9graissant professionnel <a href=\"http:\/\/gator4082.temp.domains\/~aquatiss\/?s=Bell++bidon+5L&amp;post_type=product&amp;dgwt_wcas=1\">Bell<\/a> four bidon 5L, a utiliser pour fours, grills, pianos, barbecues, et r\u00f4tissoires etc &#8230; Action rapide, sans odeur.<\/p>\n<h4 class=\"niv1\">Autres milieux d&rsquo;\u00a0application<\/h4>\n<div id=\"lien-famille-30\" class=\"niv1\">cuisines collectives &#8211; restaurants<br \/>\nindustries agro-alimentaires<br \/>\nsalles de bains &#8211; sanitaires<br \/>\nmilieu hospitalier ou assimil\u00e9<br \/>\nsalle de conf\u00e9rence &#8211; bureaux &#8211; salles d&rsquo;attente<br \/>\nentretien d&rsquo;un immeuble<br \/>\nentretien des fibres<br \/>\nmaintenance industrielle<br \/>\nentretien et industrie automobile<\/div>\n<p>&nbsp;<\/p>\n<h3><strong>Mode d\u2019emploi : <\/strong><\/h3>\n<h4>a froid<\/h4>\n<p>Pulv\u00e9riser et nettoyer avec un torchon propre<br \/>\nLa mousse d\u00e9sincrustant, qui se forme apr\u00e8s pulv\u00e9risation, am\u00e9liore le temps de contact et facilite l\u2019\u00e9limination compl\u00e8te des graisses.<\/p>\n<h4>a chaud<\/h4>\n<p>pulv\u00e9riser le produit pour un dilu\u00e9 \u00e0 50% sur les surfaces chauff\u00e9es de 40 \u00e0 60\u00b0C. Laisser agir quelques minutes. Rincer. Ne pas utiliser sur l\u2019aluminium et ses alliages<\/p>\n<h3><strong>Pr\u00e9cautions d\u2019emploi :<\/strong><\/h3>\n<p>Conserver hors de la port\u00e9e des enfants. Porter des gants appropri\u00e9s et un appareil de protection des yeux et du visage pour les travaux en hauteur.<\/p>\n<p><strong>Biod\u00e9gradabilit\u00e9 \u00e0 90%<\/strong><\/p>\n<h4>Points fort!<\/h4>\n<h4>D\u00e9graissant professionnel <a href=\"http:\/\/gator4082.temp.domains\/~aquatiss\/?s=Bell++bidon+5L&amp;post_type=product&amp;dgwt_wcas=1\">Bell<\/a> four bidon 5L<\/h4>\n<ul>\n<li class=\"txtDesc \">\u00c9limine rapidement toutes les salissures carbonis\u00e9es.<\/li>\n<li class=\"txtDesc oddRow\">Particuli\u00e8rement recommand\u00e9 pour le\u00a0nettoyage\u00a0des fours, grils, plaques de cuisson, r\u00f4tissoires\u2026.<\/li>\n<li class=\"txtDesc \">Nettoyage\u00a0\u00e0 chaud ou \u00e0 froid.<\/li>\n<li class=\"txtDesc oddRow\">Puissant auto-nettoyant pr\u00eat-\u00e0-l&#8217;emploi.<\/li>\n<li class=\"txtDesc \">La mousse d\u00e9sincrustante, qui se forme apr\u00e8s pulv\u00e9risation, am\u00e9liore le temps de contact et facilite l\u2019\u00e9limination compl\u00e8te des graisses.<\/li>\n<li class=\"txtDesc oddRow\">S&rsquo;inscrit dans une d\u00e9marche\u00a0HACCP.<\/li>\n<li class=\"txtDesc \">contact alimentaire, rincer \u00e0 l&rsquo;eau potable.<\/li>\n<li class=\"txtDesc oddRow\">Le bidon de 5 L<\/li>\n<li class=\"txtDesc \">Respecter les pr\u00e9cautions d&#8217;emploi.<\/li>\n<\/ul>\n<p>&nbsp;<\/p>\n<p>&nbsp;<\/p>\n","protected":false},"excerpt":{"rendered":"<p>D\u00e9graissant professionnel \u00e9limine rapidement toutes les graisse salissures carbonis\u00e9es.Particuli\u00e8rement recommand\u00e9 pour le\u00a0nettoyage\u00a0des fours, grils, plaques de cuisson, r\u00f4tissoires\u2026.Nettoyage\u00a0\u00e0 chaud ou \u00e0 froid. Par 4 bidons de 5L<\/p>\n","protected":false},"featured_media":10077,"comment_status":"open","ping_status":"closed","template":"","meta":[],"product_cat":[405,426,427,400],"product_tag":[821],"class_list":["post-4088","product","type-product","status-publish","has-post-thumbnail","hentry","product_cat-article-menager","product_cat-four","product_cat-nettoyant-inox","product_cat-produits-de-nettoyage","product_tag-gel-decapant","pa_contenance-214","pa_domaine-collectivites","pa_domaine-entreprise","pa_domaine-food","pa_domaine-hotel","pa_domaine-industrie","pa_domaine-medical","pa_domaine-proprete"],"_links":{"self":[{"href":"https:\/\/aquatiss.com.tn\/fr\/wp-json\/wp\/v2\/product\/4088","targetHints":{"allow":["GET"]}}],"collection":[{"href":"https:\/\/aquatiss.com.tn\/fr\/wp-json\/wp\/v2\/product"}],"about":[{"href":"https:\/\/aquatiss.com.tn\/fr\/wp-json\/wp\/v2\/types\/product"}],"replies":[{"embeddable":true,"href":"https:\/\/aquatiss.com.tn\/fr\/wp-json\/wp\/v2\/comments?post=4088"}],"wp:featuredmedia":[{"embeddable":true,"href":"https:\/\/aquatiss.com.tn\/fr\/wp-json\/wp\/v2\/media\/10077"}],"wp:attachment":[{"href":"https:\/\/aquatiss.com.tn\/fr\/wp-json\/wp\/v2\/media?parent=4088"}],"wp:term":[{"taxonomy":"product_cat","embeddable":true,"href":"https:\/\/aquatiss.com.tn\/fr\/wp-json\/wp\/v2\/product_cat?post=4088"},{"taxonomy":"product_tag","embeddable":true,"href":"https:\/\/aquatiss.com.tn\/fr\/wp-json\/wp\/v2\/product_tag?post=4088"}],"curies":[{"name":"wp","href":"https:\/\/api.w.org\/{rel}","templated":true}]}}