{"id":40920,"date":"2024-07-31T09:26:39","date_gmt":"2024-07-31T09:26:39","guid":{"rendered":"https:\/\/aquatiss.com.tn\/?post_type=product&#038;p=40920"},"modified":"2024-07-31T10:04:47","modified_gmt":"2024-07-31T10:04:47","slug":"bouilloire-electrique-blanc-hotel-0-8l","status":"publish","type":"product","link":"https:\/\/aquatiss.com.tn\/fr\/produit\/bouilloire-electrique-blanc-hotel-0-8l\/","title":{"rendered":"Bouilloire \u00e9lectrique blanc Hotel 0.8L"},"content":{"rendered":"<p>Bouilloire \u00e9lectrique blanc Hotel 0.8L<br \/>\nDouble paroi<br \/>\nBouilloire performante, r\u00e9sistante, plate facile \u00e0 nettoyer<br \/>\nMati\u00e8re : Inox bross\u00e9<br \/>\nCapacit\u00e9 : 0,8 litre<br \/>\nPuissance : 1000 W<br \/>\nSyst\u00e8me de s\u00e9curit\u00e9 : Fermeture automatique \u00e0 vide ou quand l&rsquo;eau est pr\u00eate<br \/>\nNorme(s) :CE<br \/>\nTension : 220\/240 V<br \/>\nArr\u00eat automatique : Oui<br \/>\nFr\u00e9quence : 50\/60 Hz<\/p>\n<p>Garantie 1 ans<\/p>\n<p>Certificat: CE<\/p>\n<p><a href=\"https:\/\/aquatiss.com.tn\/produit\/plateau-de-service-hotel-noir-rolls\/\">En option: Plateau de service H\u00f4tel Noir Roll\u2019s ref: 704.502218<\/a><\/p>\n<h4><\/h4>\n<h4>Remplissage couvercle et bec verseur:<\/h4>\n<p>Vous pouvez remplir la bouilloire par le bec verseur ou en ouvrant le couvercle articul\u00e9.<\/p>\n<h4>Socle 360\u00b0 sans fil pour une mise en place facile<\/h4>\n<h4>\u00c9l\u00e9ment chauffant plat pour une \u00e9bullition rapide et un nettoyage plus facile:<\/h4>\n<p>L&rsquo;\u00e9l\u00e9ment non visible en acier inoxydable assure une \u00e9bullition rapide et un nettoyage facile.<\/p>\n<h4>Couvercle articul\u00e9 \u00e0 ouverture large pour un remplissage et un nettoyage ais\u00e9s:<\/h4>\n<p>Couvercle articul\u00e9 \u00e0 ouverture large pour un remplissage et un nettoyage ais\u00e9s, sans risque de contact avec la vapeur.<\/p>\n<p>&nbsp;<\/p>\n","protected":false},"excerpt":{"rendered":"<p>Bouilloire Inox 0.8L<br \/>\nDouble paroi<br \/>\nBouilloire performante, r\u00e9sistante, plate facile \u00e0 nettoyer<br \/>\n360\u00b0 socle<br \/>\nFermeture automatique \u00e0 vide ou quand l&rsquo;eau est pr\u00eate<br \/>\nVoyant d&rsquo;alimentation<\/p>\n<p><strong>Certificat: CE<\/strong><br \/>\n<strong>Garantie 01 ans<\/strong><\/p>\n","protected":false},"featured_media":40922,"comment_status":"open","ping_status":"closed","template":"","meta":[],"product_cat":[507],"product_tag":[1304],"class_list":["post-40920","product","type-product","status-publish","has-post-thumbnail","hentry","product_cat-bouilloire-individuelle","product_tag-bouilloire","pa_color-blanc","pa_contenance-0-8l","pa_puissance-1000w"],"_links":{"self":[{"href":"https:\/\/aquatiss.com.tn\/fr\/wp-json\/wp\/v2\/product\/40920","targetHints":{"allow":["GET"]}}],"collection":[{"href":"https:\/\/aquatiss.com.tn\/fr\/wp-json\/wp\/v2\/product"}],"about":[{"href":"https:\/\/aquatiss.com.tn\/fr\/wp-json\/wp\/v2\/types\/product"}],"replies":[{"embeddable":true,"href":"https:\/\/aquatiss.com.tn\/fr\/wp-json\/wp\/v2\/comments?post=40920"}],"wp:featuredmedia":[{"embeddable":true,"href":"https:\/\/aquatiss.com.tn\/fr\/wp-json\/wp\/v2\/media\/40922"}],"wp:attachment":[{"href":"https:\/\/aquatiss.com.tn\/fr\/wp-json\/wp\/v2\/media?parent=40920"}],"wp:term":[{"taxonomy":"product_cat","embeddable":true,"href":"https:\/\/aquatiss.com.tn\/fr\/wp-json\/wp\/v2\/product_cat?post=40920"},{"taxonomy":"product_tag","embeddable":true,"href":"https:\/\/aquatiss.com.tn\/fr\/wp-json\/wp\/v2\/product_tag?post=40920"}],"curies":[{"name":"wp","href":"https:\/\/api.w.org\/{rel}","templated":true}]}}