{"id":4093,"date":"2017-04-18T15:52:14","date_gmt":"2017-04-18T14:52:14","guid":{"rendered":"http:\/\/gator4082.temp.domains\/~aquatiss\/produit\/parfum-dambiance-empor-bidon-5l\/"},"modified":"2017-04-20T09:11:47","modified_gmt":"2017-04-20T08:11:47","slug":"parfum-dambiance-empor-bidon-5l","status":"publish","type":"product","link":"https:\/\/aquatiss.com.tn\/fr\/produit\/parfum-dambiance-empor-bidon-5l\/","title":{"rendered":"Parfum d&rsquo;ambiance empor bidon"},"content":{"rendered":"<p>Parfum d&rsquo;ambiance. Parfum Empor.<br \/>\nAm\u00e9liore la qualit\u00e9 de l&rsquo;air ambiant.<br \/>\nParfum agr\u00e9able et durable.<br \/>\nNeutralise les odeurs d\u00e9sagr\u00e9ables sans les masquer.<br \/>\nIncorpore la technologie deodar.<br \/>\nCr\u00e9e une atmosph\u00e8re confortable qui procure du bien-\u00eatre.<br \/>\nAction imm\u00e9diate et prolong\u00e9e.<\/p>\n<p>Odeur : Empor.<br \/>\n<strong><br \/>\nPropri\u00e9t\u00e9s physiques et chimiques<\/strong><\/p>\n<p>Aspect : Liquide transparent<br \/>\nCouleur : Verte<br \/>\nOdeur : Bois<br \/>\nPH : 5<br \/>\nDensit\u00e9 : 0,95+-0,01<\/p>\n<p>Formats ventes : 5 litre<\/p>\n<p><strong>Composition qualitative <\/strong><\/p>\n<p>Tensioactifs.<br \/>\nDissolvants.<br \/>\nParfums.<br \/>\nColorants.<br \/>\nEau.<\/p>\n<p><strong>Applications<\/strong><br \/>\n<strong><br \/>\n\u00c9tablissements<\/strong> : H\u00f4tels. Restaurants. Bureaux. Commerces. Salles publiques et auditoriums. Centres sanitaires. Centres d&rsquo;enseignement. Installations sportives. En g\u00e9n\u00e9ral, tout type d&rsquo;\u00e9tablissements g\u00e9r\u00e9s avec des crit\u00e8res d&rsquo;hygi\u00e8ne Professionnelle.<\/p>\n<p><strong>Zones d&rsquo;utilisation<\/strong> : Indiqu\u00e9 pour : Atmosph\u00e8re et contr\u00f4le d&rsquo;odeur. Lieux ferm\u00e9s avec affluence de public. Espaces qui demandent une atmosph\u00e8re personnalis\u00e9e. Cr\u00e9ation d&rsquo;atmosph\u00e8res professionnelles.<\/p>\n<p><strong>Mode d&#8217;emploi<\/strong> : Utilisation manuelle. Remplir la bouteille de pulv\u00e9risation. Pulv\u00e9riser vers le haut, dans toutes les directions. Climatiseurs : Pulv\u00e9riser la grille de sortie d&rsquo;air. Utlisation automatique. Syst\u00e8me AIR MATIC de dosage.<\/p>\n","protected":false},"excerpt":{"rendered":"<p>Parfum d&#039;ambiance. Parfum Empor.<br \/>\nAm\u00e9liore la qualit\u00e9 de l&#039;air ambiant.<br \/>\nParfum agr\u00e9able et durable.<br \/>\nNeutralise les odeurs d\u00e9sagr\u00e9ables sans les masquer.<br \/>\nIncorpore la technologie deodar.<br \/>\nCr\u00e9e une atmosph\u00e8re confortable qui procure du bien-\u00eatre.<br \/>\nAction imm\u00e9diate et prolong\u00e9e.<\/p>\n","protected":false},"featured_media":4094,"comment_status":"open","ping_status":"closed","template":"","meta":[],"product_cat":[115,406,426,427],"product_tag":[821],"class_list":["post-4093","product","type-product","status-publish","has-post-thumbnail","hentry","product_cat-desodorisant","product_cat-droguerie","product_cat-four","product_cat-nettoyant-inox","product_tag-gel-decapant","pa_contenance-1l","pa_domaine-collectivites","pa_domaine-entreprise","pa_domaine-food","pa_domaine-hotel","pa_domaine-industrie","pa_domaine-medical","pa_domaine-proprete"],"_links":{"self":[{"href":"https:\/\/aquatiss.com.tn\/fr\/wp-json\/wp\/v2\/product\/4093","targetHints":{"allow":["GET"]}}],"collection":[{"href":"https:\/\/aquatiss.com.tn\/fr\/wp-json\/wp\/v2\/product"}],"about":[{"href":"https:\/\/aquatiss.com.tn\/fr\/wp-json\/wp\/v2\/types\/product"}],"replies":[{"embeddable":true,"href":"https:\/\/aquatiss.com.tn\/fr\/wp-json\/wp\/v2\/comments?post=4093"}],"wp:featuredmedia":[{"embeddable":true,"href":"https:\/\/aquatiss.com.tn\/fr\/wp-json\/wp\/v2\/media\/4094"}],"wp:attachment":[{"href":"https:\/\/aquatiss.com.tn\/fr\/wp-json\/wp\/v2\/media?parent=4093"}],"wp:term":[{"taxonomy":"product_cat","embeddable":true,"href":"https:\/\/aquatiss.com.tn\/fr\/wp-json\/wp\/v2\/product_cat?post=4093"},{"taxonomy":"product_tag","embeddable":true,"href":"https:\/\/aquatiss.com.tn\/fr\/wp-json\/wp\/v2\/product_tag?post=4093"}],"curies":[{"name":"wp","href":"https:\/\/api.w.org\/{rel}","templated":true}]}}