{"id":4101,"date":"2017-04-18T17:00:18","date_gmt":"2017-04-18T16:00:18","guid":{"rendered":"http:\/\/gator4082.temp.domains\/~aquatiss\/produit\/degraissant-four-et-grils-bidon-7-5l\/"},"modified":"2017-04-18T17:31:18","modified_gmt":"2017-04-18T16:31:18","slug":"degraissant-four-et-grils-bidon","status":"publish","type":"product","link":"https:\/\/aquatiss.com.tn\/fr\/produit\/degraissant-four-et-grils-bidon\/","title":{"rendered":"D\u00e9graissant four et grill"},"content":{"rendered":"<p>D\u00e9graissant. Tous usages.<br \/>\n\u00c9limine la graisse et la salet\u00e9 persistante.<br \/>\nSolubilise et d\u00e9sincruste les restes organiques et min\u00e9raux.<br \/>\nRestaure les surfaces expos\u00e9es \u00e0 une salissure s\u00e9v\u00e8re.<\/p>\n<p><strong>Propri\u00e9t\u00e9s physiques et chimiques<\/strong><\/p>\n<p>Aspect : Liquide transparent<br \/>\nCouleur : Ambre<br \/>\nOdeur : Caract\u00e9ristique<br \/>\nPH : 13<br \/>\nDensit\u00e9 : 1,02+-0,01<\/p>\n<p>Formats ventes : 5 kg<\/p>\n<p><strong>Composition qualitative <\/strong><\/p>\n<p>Tensioactifs.<br \/>\nAlcalis inorganiques.<br \/>\nDissolvants.<br \/>\nAgents s\u00e9questrant.<br \/>\nColorants.<br \/>\nConservateurs.<br \/>\nEau.<\/p>\n<p><strong>Applications <\/strong><\/p>\n<p><strong>\u00c9tablissements<\/strong> : Industrie alimentaire. Cuisines professionnelles. Catering. Restaurants. Bars et caf\u00e9t\u00e9rias. Centres de loisirs.<\/p>\n<p><strong>Zones d&rsquo;utilisation<\/strong> : Indiqu\u00e9 pour :.Surfaces r\u00e9sistantes aux pH alcalin. Sols. Murs. Plans de travail. Ustensiles et \u00e9quipements. Sols<\/p>\n<p><strong>Mode d&#8217;emploi <\/strong>: Doser 0,2-1 % de produit dans l&rsquo;eau. Laver de la mani\u00e8re habituelle.<br \/>\nSUrfaces. Doser 5-10 % de produit dans l&rsquo;eau. Frotter avec un tampon \u00e0 r\u00e9curer ou un chiffon humide. Laisser agir et rincer \u00e0 l&rsquo;eau. Le temps de contact d\u00e9pend du degr\u00e9 de salet\u00e9.<\/p>\n<p><img decoding=\"async\"  src=\"http:\/\/gator4082.temp.domains\/~aquatiss\/wp-content\/uploads\/2017\/02\/adobe-pdf-logo-1480D328A9-seeklogo.com_.jpg\" alt=\"adobe-pdf-logo-1480d328a9-seeklogo-com\" width=\"40\" height=\"42\" class=\" wp-image-2811 alignleft no-lazyload\" \/><\/p>\n<p><a href=\"http:\/\/gator4082.temp.domains\/~aquatiss\/produit\/degraissant-four-et-grils-bidon\/attachment\/29\/\" rel=\"attachment wp-att-4106\">Fiche technique<\/a><\/p>\n","protected":false},"excerpt":{"rendered":"<p>D\u00e9graissant. Fours et grils.<br \/>\n\u00c9limine la graisse et la salet\u00e9 br\u00fbl\u00e9es.<br \/>\nGrande efficacit\u00e9 et action d\u00e9graissante.<br \/>\nRestaure les surfaces expos\u00e9es \u00e0 une salissure s\u00e9v\u00e8re.<\/p>\n","protected":false},"featured_media":4102,"comment_status":"open","ping_status":"closed","template":"","meta":[],"product_cat":[405,471,426,427,400],"product_tag":[822],"class_list":["post-4101","product","type-product","status-publish","has-post-thumbnail","hentry","product_cat-article-menager","product_cat-degraissant","product_cat-four","product_cat-nettoyant-inox","product_cat-produits-de-nettoyage","product_tag-degraissant","pa_contenance-1l","pa_domaine-collectivites","pa_domaine-entreprise","pa_domaine-food","pa_domaine-hotel","pa_domaine-industrie","pa_domaine-medical","pa_domaine-proprete"],"_links":{"self":[{"href":"https:\/\/aquatiss.com.tn\/fr\/wp-json\/wp\/v2\/product\/4101","targetHints":{"allow":["GET"]}}],"collection":[{"href":"https:\/\/aquatiss.com.tn\/fr\/wp-json\/wp\/v2\/product"}],"about":[{"href":"https:\/\/aquatiss.com.tn\/fr\/wp-json\/wp\/v2\/types\/product"}],"replies":[{"embeddable":true,"href":"https:\/\/aquatiss.com.tn\/fr\/wp-json\/wp\/v2\/comments?post=4101"}],"wp:featuredmedia":[{"embeddable":true,"href":"https:\/\/aquatiss.com.tn\/fr\/wp-json\/wp\/v2\/media\/4102"}],"wp:attachment":[{"href":"https:\/\/aquatiss.com.tn\/fr\/wp-json\/wp\/v2\/media?parent=4101"}],"wp:term":[{"taxonomy":"product_cat","embeddable":true,"href":"https:\/\/aquatiss.com.tn\/fr\/wp-json\/wp\/v2\/product_cat?post=4101"},{"taxonomy":"product_tag","embeddable":true,"href":"https:\/\/aquatiss.com.tn\/fr\/wp-json\/wp\/v2\/product_tag?post=4101"}],"curies":[{"name":"wp","href":"https:\/\/api.w.org\/{rel}","templated":true}]}}