{"id":4116,"date":"2017-04-18T17:55:25","date_gmt":"2017-04-18T16:55:25","guid":{"rendered":"http:\/\/gator4082.temp.domains\/~aquatiss\/produit\/detergent-degraissant-sol-machine-bidon-5l\/"},"modified":"2017-04-18T18:03:19","modified_gmt":"2017-04-18T17:03:19","slug":"detergent-degraissant-sol-machine-bidon-5l","status":"publish","type":"product","link":"https:\/\/aquatiss.com.tn\/fr\/produit\/detergent-degraissant-sol-machine-bidon-5l\/","title":{"rendered":"D\u00e9tergent et d\u00e9graissant sol pour machine bidon 5L"},"content":{"rendered":"<p>D\u00e9tergent auto-laveuse.Puissant.<br \/>\n\u00c9limine la salet\u00e9 intense.<br \/>\nEfficace contre la graisse, la calamine et les pigments.<br \/>\nFaiblement moussant.<br \/>\nTemps maximum de travail, sans interruptions.<br \/>\n<strong><br \/>\nPropri\u00e9t\u00e9s physiques et chimiques<\/strong><br \/>\nAspect : Liquide transparent<br \/>\nCouleur : Jaune<br \/>\nOdeur : Caract\u00e9ristique<br \/>\nPH : 13<br \/>\nDensit\u00e9 : 1,07+-0,01<br \/>\nFormats ventes : 5-25 kg<\/p>\n<p><strong>Composition qualitative <\/strong><br \/>\nAgents s\u00e9questrant.<br \/>\nAlcalis<br \/>\nInorganiques.<br \/>\nTensioactifs.<br \/>\nDissolvants.<br \/>\nColorants.<br \/>\nConservateurs.<br \/>\nEau.<\/p>\n<p><strong>\u00c9tablissements<\/strong> : Centres commerciaux. Centres sanitaires. Industrie alimentaire. Centres<br \/>\nd&rsquo;enseignement. Installations sportives. En g\u00e9n\u00e9ral, tout type d&rsquo;\u00e9tablissements g\u00e9r\u00e9s<br \/>\navec des crit\u00e8res d&rsquo;hygi\u00e8ne Professionnelle.<\/p>\n<p><strong>Zones d&rsquo;utilisation<\/strong> : Indiqu\u00e9 pour : Sols. Vinyle, pvc, caoutchouc, granito, marbre, c\u00e9ramique, carreaux<br \/>\net similaires. Rev\u00eatements de r\u00e9sine.<\/p>\n<p><strong>Mode d&#8217;emploi<\/strong> : Utilisation avec machine. Doser 1-5% de produit dans le d\u00e9p\u00f4t de l&rsquo;eau propre<br \/>\nde la machine. Proc\u00e9der comme d&rsquo;ordinaire.<\/p>\n<p>&nbsp;<\/p>\n<p><img decoding=\"async\"  src=\"http:\/\/gator4082.temp.domains\/~aquatiss\/wp-content\/uploads\/2017\/02\/adobe-pdf-logo-1480D328A9-seeklogo.com_.jpg\" alt=\"adobe-pdf-logo-1480d328a9-seeklogo-com\" width=\"30\" height=\"33\" class=\" wp-image-2811 alignleft no-lazyload\" \/><\/p>\n<p><a href=\"http:\/\/gator4082.temp.domains\/~aquatiss\/wp-content\/uploads\/2017\/04\/5.pdf\" rel=\"attachment wp-att-4119\">Fiche Technique<\/a><\/p>\n","protected":false},"excerpt":{"rendered":"<p>D\u00e9tergent auto-laveuse.Puissant.<br \/>\n\u00c9limine la salet\u00e9 intense.<br \/>\nEfficace contre la graisse, la calamine et les pigments.<br \/>\nFaiblement moussant.<br \/>\nTemps maximum de travail, sans interruptions.<\/p>\n","protected":false},"featured_media":4117,"comment_status":"open","ping_status":"closed","template":"","meta":[],"product_cat":[405,400,423],"product_tag":[814],"class_list":["post-4116","product","type-product","status-publish","has-post-thumbnail","hentry","product_cat-article-menager","product_cat-produits-de-nettoyage","product_cat-sols","product_tag-sol","pa_contenance-214","pa_domaine-collectivites","pa_domaine-entreprise","pa_domaine-food","pa_domaine-hotel","pa_domaine-industrie","pa_domaine-medical","pa_domaine-proprete"],"_links":{"self":[{"href":"https:\/\/aquatiss.com.tn\/fr\/wp-json\/wp\/v2\/product\/4116","targetHints":{"allow":["GET"]}}],"collection":[{"href":"https:\/\/aquatiss.com.tn\/fr\/wp-json\/wp\/v2\/product"}],"about":[{"href":"https:\/\/aquatiss.com.tn\/fr\/wp-json\/wp\/v2\/types\/product"}],"replies":[{"embeddable":true,"href":"https:\/\/aquatiss.com.tn\/fr\/wp-json\/wp\/v2\/comments?post=4116"}],"wp:featuredmedia":[{"embeddable":true,"href":"https:\/\/aquatiss.com.tn\/fr\/wp-json\/wp\/v2\/media\/4117"}],"wp:attachment":[{"href":"https:\/\/aquatiss.com.tn\/fr\/wp-json\/wp\/v2\/media?parent=4116"}],"wp:term":[{"taxonomy":"product_cat","embeddable":true,"href":"https:\/\/aquatiss.com.tn\/fr\/wp-json\/wp\/v2\/product_cat?post=4116"},{"taxonomy":"product_tag","embeddable":true,"href":"https:\/\/aquatiss.com.tn\/fr\/wp-json\/wp\/v2\/product_tag?post=4116"}],"curies":[{"name":"wp","href":"https:\/\/api.w.org\/{rel}","templated":true}]}}