{"id":4120,"date":"2017-04-18T18:03:46","date_gmt":"2017-04-18T17:03:46","guid":{"rendered":"http:\/\/gator4082.temp.domains\/~aquatiss\/produit\/cristalissant-scellant-sol-pour-machine-bidon-5l\/"},"modified":"2017-04-18T18:13:37","modified_gmt":"2017-04-18T17:13:37","slug":"cristalissant-scellant-sol-pour-machine-bidon-5l","status":"publish","type":"product","link":"https:\/\/aquatiss.com.tn\/fr\/produit\/cristalissant-scellant-sol-pour-machine-bidon-5l\/","title":{"rendered":"Cristalissant scellant sol pour machine bidon 5L"},"content":{"rendered":"<p>Cristallisant-scellant.<br \/>\nApporte une brillance intense.<br \/>\nPlus dure, protection et r\u00e9sistance \u00e0 l&rsquo;usure accrues.<br \/>\nImperm\u00e9abilise et \u00e9vite les taches.<br \/>\nR\u00e9pare les zones us\u00e9es.<br \/>\nFait ressortir les tons du sol.<br \/>\n\u00c9vite les marques et les traces de pas.<br \/>\n\u00c9clat r\u00e9cup\u00e9rable.<\/p>\n<p><strong>Propri\u00e9t\u00e9s physiques et chimiques<\/strong><br \/>\nAspect : Liquide opaque<br \/>\nCouleur : Rose<br \/>\nOdeur : Caract\u00e9ristique<br \/>\nPH : 3<br \/>\nDensit\u00e9 : 1,10+-0,01<br \/>\nFormats ventes : 5 kg<\/p>\n<p><strong>Composition qualitative <\/strong><br \/>\nSels inorganiques.<br \/>\nCires naturelles.<br \/>\nTensioactifs.<br \/>\nDissolvants.<br \/>\nColorants.<br \/>\nEau.<\/p>\n<p><strong>Applications <\/strong><\/p>\n<p><strong>\u00c9tablissements<\/strong> : H\u00f4tels. Restaurants. Bureaux. Centres commerciaux. Salles publiques et auditoriums. Centres sanitaires. Centres d&rsquo;enseignement. Installations sportives. En g\u00e9n\u00e9ral, tout type d&rsquo;\u00e9tablissements g\u00e9r\u00e9s avec des crit\u00e8res d&rsquo;hygi\u00e8ne Professionnelle.<\/p>\n<p><strong>Zones d&rsquo;utilisation<\/strong> : Indiqu\u00e9 pour : Sols. Marbre et granito.<\/p>\n<p><strong>Mode d&#8217;emploi<\/strong> : Utilisation avec machine. Appliquer 25-30 g\/m2 de produit sur la surface. \u00c9tendre avec la rotative pourvue d&rsquo;un pad de laine d&rsquo;acier. Travailler jusqu&rsquo;\u00e0 ce que le produit soit compl\u00e8tement absorb\u00e9 et que l&rsquo;\u00e9clat d\u00e9sir\u00e9 apparaisse. Il n&rsquo;est pas conseill\u00e9 de traiter une seule fois des \u00e9tendues sup\u00e9rieures \u00e0 2-3 m2.<\/p>\n<p><img decoding=\"async\"  src=\"http:\/\/gator4082.temp.domains\/~aquatiss\/wp-content\/uploads\/2017\/02\/adobe-pdf-logo-1480D328A9-seeklogo.com_.jpg\" alt=\"adobe-pdf-logo-1480d328a9-seeklogo-com\" width=\"43\" height=\"45\" class=\" wp-image-2811 alignleft no-lazyload\" \/><a href=\"http:\/\/gator4082.temp.domains\/~aquatiss\/wp-content\/uploads\/2017\/04\/6.pdf\" rel=\"attachment wp-att-4123\">Fiche Technique<\/a><\/p>\n","protected":false},"excerpt":{"rendered":"<p>Cristallisant-scellant.<br \/>\nApporte une brillance intense.<br \/>\nPlus dure, protection et r\u00e9sistance \u00e0 l&#039;usure accrues.<br \/>\nImperm\u00e9abilise et \u00e9vite les taches.<br \/>\nR\u00e9pare les zones us\u00e9es.<\/p>\n","protected":false},"featured_media":4121,"comment_status":"open","ping_status":"closed","template":"","meta":[],"product_cat":[405,400,423],"product_tag":[814],"class_list":["post-4120","product","type-product","status-publish","has-post-thumbnail","hentry","product_cat-article-menager","product_cat-produits-de-nettoyage","product_cat-sols","product_tag-sol","pa_contenance-214","pa_domaine-collectivites","pa_domaine-entreprise","pa_domaine-food","pa_domaine-hotel","pa_domaine-industrie","pa_domaine-medical","pa_domaine-proprete"],"_links":{"self":[{"href":"https:\/\/aquatiss.com.tn\/fr\/wp-json\/wp\/v2\/product\/4120","targetHints":{"allow":["GET"]}}],"collection":[{"href":"https:\/\/aquatiss.com.tn\/fr\/wp-json\/wp\/v2\/product"}],"about":[{"href":"https:\/\/aquatiss.com.tn\/fr\/wp-json\/wp\/v2\/types\/product"}],"replies":[{"embeddable":true,"href":"https:\/\/aquatiss.com.tn\/fr\/wp-json\/wp\/v2\/comments?post=4120"}],"wp:featuredmedia":[{"embeddable":true,"href":"https:\/\/aquatiss.com.tn\/fr\/wp-json\/wp\/v2\/media\/4121"}],"wp:attachment":[{"href":"https:\/\/aquatiss.com.tn\/fr\/wp-json\/wp\/v2\/media?parent=4120"}],"wp:term":[{"taxonomy":"product_cat","embeddable":true,"href":"https:\/\/aquatiss.com.tn\/fr\/wp-json\/wp\/v2\/product_cat?post=4120"},{"taxonomy":"product_tag","embeddable":true,"href":"https:\/\/aquatiss.com.tn\/fr\/wp-json\/wp\/v2\/product_tag?post=4120"}],"curies":[{"name":"wp","href":"https:\/\/api.w.org\/{rel}","templated":true}]}}