{"id":41307,"date":"2024-10-23T16:29:37","date_gmt":"2024-10-23T16:29:37","guid":{"rendered":"https:\/\/aquatiss.com.tn\/?post_type=product&#038;p=41307"},"modified":"2025-02-20T10:14:05","modified_gmt":"2025-02-20T10:14:05","slug":"seche-mains-automatique-mural-sechage-grande-vitesse-1050-w-argente","status":"publish","type":"product","link":"https:\/\/aquatiss.com.tn\/fr\/produit\/seche-mains-automatique-mural-sechage-grande-vitesse-1050-w-argente\/","title":{"rendered":"S\u00e8che Mains Automatique mural s\u00e9chage grande vitesse 1050 W argent\u00e9"},"content":{"rendered":"<p>S\u00e8che Mains Automatique mural s\u00e9chage grande vitesse 1050 W argent\u00e9  <\/p>\n<p>Modes froid et chaud r\u00e9glables, vitesse de soufflage haute \u00e0 1,8 m\/s, avec une temp\u00e9rature de 65 \u00b1 15\u00b0C. Ce mod\u00e8le est <strong>3 fois plus rapide<\/strong> que les s\u00e8che-mains conventionnels.<\/p>\n<h3>Pourquoi acheter notre <strong>S\u00e8che Mains Automatique 1050 W Argent\u00e9<\/strong> ?<\/h3>\n<p>Ce s\u00e8che-mains \u00e9lectrique automatique est \u00e9quip\u00e9 d&rsquo;une intelligence du contr\u00f4le de la temp\u00e9rature et d&rsquo;un syst\u00e8me de d\u00e9tection sans contact, vous garantissant une hygi\u00e8ne maximale. Il suffit de placer vos mains sous l&rsquo;appareil, et le distributeur d&rsquo;air chaud commencera \u00e0 fonctionner automatiquement, sans que vous n&rsquo;ayez \u00e0 toucher quoi que ce soit. Une fois les mains retir\u00e9es, il s&rsquo;arr\u00eate automatiquement.<\/p>\n<p>Fabriqu\u00e9 en ABS de haute qualit\u00e9, ce s\u00e8che-mains mural est anticorrosion, l\u00e9ger, et durable, avec un design simple et \u00e9l\u00e9gant. En plus de son aspect moderne, des lumi\u00e8res LED clignotantes rendent son utilisation plus attrayante.<\/p>\n<p>Ce syst\u00e8me de s\u00e9chage des mains int\u00e8gre plusieurs protections automatiques : protection contre la surchauffe, surintensit\u00e9, et courts-circuits, assurant ainsi un usage en toute s\u00e9curit\u00e9. Son \u00e9l\u00e9ment chauffant int\u00e9gr\u00e9 garantit un s\u00e9chage rapide, tout en \u00e9tant \u00e9conome en \u00e9nergie.<\/p>\n<h3>Avantages S\u00e8che Mains Automatique 1050 W argent\u00e9 :<\/h3>\n<ul>\n<li>Rapide et silencieux : Le flux d&rsquo;air puissant s\u00e8che vos mains rapidement, avec un niveau de bruit r\u00e9duit, id\u00e9al pour ne pas perturber les environnements tels que les bureaux, restaurants, toilettes publiques, ou \u00e9coles.<\/li>\n<li>Sans contact : Ce mod\u00e8le est enti\u00e8rement automatique et sans contact, ce qui contribue \u00e0 maintenir un niveau d&rsquo;hygi\u00e8ne \u00e9lev\u00e9.<\/li>\n<li>Pour Usage\u00a0 pour bureau, restaurant, et autres espaces publics : Ce s\u00e8che-mains commercial est parfait pour un usage intensif, que ce soit dans des toilettes publiques, des restaurants, ou des \u00e9coles.<\/li>\n<\/ul>\n<p>En rempla\u00e7ant les essuie-mains traditionnels, notre s\u00e9choir \u00e0 mains permet d&rsquo;\u00e9conomiser du papier toilette, tout en contribuant \u00e0 la pr\u00e9servation de l&rsquo;environnement.<\/p>\n<p>Achetez votre s\u00e8che-mains en ligne chez Aquatiss, votre fournisseur de s\u00e8che-mains de confiance, et am\u00e9liorez l&rsquo;efficacit\u00e9 de vos installations avec cet appareil de s\u00e9chage des mains performant et accessible.<\/p>\n<p>Couleur \u200eArgent\u00e9<br \/>\nDimensions du produit (L x l x h) \u200e13 x 18 x 21 cm<br \/>\nPoids :\u00a0 2,36 kg<br \/>\nPuissance 1050 W<br \/>\nTemps de s\u00e9chage 10 secondes<br \/>\nFabriqu\u00e9 en ABS<br \/>\nVitesse de soufflage haute 1,8m\/s, a 65 \u00b1 15 C\u00b0<br \/>\nGarantie 1 ans<\/p>\n","protected":false},"excerpt":{"rendered":"<p><span style=\"font-size: 14pt;\">Vitesse, hygi\u00e8ne sans contact et efficacit\u00e9 \u00e9nerg\u00e9tique, pour un s\u00e9chage puissant et silencieux en quelques secondes.<\/span><\/p>\n<p>Couleur \u200eArgent\u00e9<br \/>\nDimensions du produit (L x l x h) \u200e13 x 18 x 21 cm<br \/>\nPoids :\u00a0 2,36 kg<br \/>\nPuissance 1050 W<br \/>\nFabriqu\u00e9 en ABS<br \/>\nVitesse de soufflage haute 1,8m\/s, a 65 \u00b1 15 C\u00b0<br \/>\nFixation murale<br \/>\nTemps de s\u00e9chage des mains : 45-60 secondes<br \/>\nCoupure automatique : 60 secondes<br \/>\nMoteur : Moteur \u00e0 balais<br \/>\nVitesse : 25 600 tr\/min<br \/>\nClasse de protection : IP13<br \/>\nGarantie: 1 an<\/p>\n","protected":false},"featured_media":41288,"comment_status":"open","ping_status":"closed","template":"","meta":[],"product_cat":[108,69,149],"product_tag":[186,200],"class_list":["post-41307","product","type-product","status-publish","has-post-thumbnail","hentry","product_cat-hygiene","product_cat-salle-de-bain-sanitaire","product_cat-seche-mains","product_tag-salle-de-bain","product_tag-seche-main","pa_color-gris","pa_domaine-collectivites","pa_domaine-entreprise","pa_domaine-food","pa_domaine-hotel","pa_domaine-industrie","pa_domaine-medical","pa_fonctionnalite-automatique","pa_puissance-seche-main-1050w"],"_links":{"self":[{"href":"https:\/\/aquatiss.com.tn\/fr\/wp-json\/wp\/v2\/product\/41307","targetHints":{"allow":["GET"]}}],"collection":[{"href":"https:\/\/aquatiss.com.tn\/fr\/wp-json\/wp\/v2\/product"}],"about":[{"href":"https:\/\/aquatiss.com.tn\/fr\/wp-json\/wp\/v2\/types\/product"}],"replies":[{"embeddable":true,"href":"https:\/\/aquatiss.com.tn\/fr\/wp-json\/wp\/v2\/comments?post=41307"}],"wp:featuredmedia":[{"embeddable":true,"href":"https:\/\/aquatiss.com.tn\/fr\/wp-json\/wp\/v2\/media\/41288"}],"wp:attachment":[{"href":"https:\/\/aquatiss.com.tn\/fr\/wp-json\/wp\/v2\/media?parent=41307"}],"wp:term":[{"taxonomy":"product_cat","embeddable":true,"href":"https:\/\/aquatiss.com.tn\/fr\/wp-json\/wp\/v2\/product_cat?post=41307"},{"taxonomy":"product_tag","embeddable":true,"href":"https:\/\/aquatiss.com.tn\/fr\/wp-json\/wp\/v2\/product_tag?post=41307"}],"curies":[{"name":"wp","href":"https:\/\/api.w.org\/{rel}","templated":true}]}}