{"id":4136,"date":"2017-04-19T13:39:22","date_gmt":"2017-04-19T12:39:22","guid":{"rendered":"http:\/\/gator4082.temp.domains\/~aquatiss\/produit\/detergent-sols-et-surfaces-lavables-dindustrie-alimentaire-et-centres-sanitaires-bidon-5l\/"},"modified":"2017-04-19T13:50:14","modified_gmt":"2017-04-19T12:50:14","slug":"detergent-sols-et-surfaces-lavables-dindustrie-alimentaire-et-centres-sanitaires-bidon-5l","status":"publish","type":"product","link":"https:\/\/aquatiss.com.tn\/fr\/produit\/detergent-sols-et-surfaces-lavables-dindustrie-alimentaire-et-centres-sanitaires-bidon-5l\/","title":{"rendered":"D\u00e9tergent sols et surfaces lavables d&rsquo;industrie alimentaire et Centres sanitaires bidon 5L"},"content":{"rendered":"<p>&nbsp;<\/p>\n<p>Nettoyant citrique. Parfum\u00e9.<br \/>\n\u00c9limine la salet\u00e9 ordinaire.<br \/>\n\u00c9vite l\u00b4apparition du calcaire.<br \/>\nEffet surdorant.<br \/>\nNettoie, fait briller et prot\u00e8ge la surface.<br \/>\nFormul\u00e9 avec des ingr\u00e9dients d&rsquo;origine naturelle qui r\u00e9duisent l&rsquo;agression contre l&rsquo;\u00e9cosyst\u00e8me.<br \/>\nLaisse un parfum frais et subtil qui cr\u00e9e une sensation de propret\u00e9.<\/p>\n<p><strong>Propri\u00e9t\u00e9s physiques et chimiques<\/strong><br \/>\nAspect : Liquide transparent<br \/>\nCouleur : Rose<br \/>\nOdeur : Roses<br \/>\nPH : 3<br \/>\nDensit\u00e9 : 1,00+-0,01<br \/>\nFormats ventes : 5 kg<\/p>\n<p><strong>Composition qualitative<\/strong><\/p>\n<p>Tensioactifs.<br \/>\nAcides organiques.<br \/>\nParfums.<br \/>\nColorants.<br \/>\nConservateurs.<br \/>\nEau.<\/p>\n<p><strong>Applications<\/strong><\/p>\n<p><strong>\u00c9tablissements<\/strong> : H\u00f4tels. Restaurants. Centres commerciaux. Bureaux. Centres sanitaires. Centres d&rsquo;enseignement. Installations sportives. Centres de loisirs. En g\u00e9n\u00e9ral, tout type d&rsquo;\u00e9tablissements g\u00e9r\u00e9s avec des crit\u00e8res d&rsquo;hygi\u00e8ne Professionnelle.<\/p>\n<p><strong>Zones d&rsquo;utilisation<\/strong> : Indiqu\u00e9 pour : Salles de bains, WC et toilettes. Surfaces et mobilier de salle de bains. Robinetterie. Carrelage. C\u00e9ramique.<\/p>\n<p><strong>Mode d&#8217;emploi<\/strong> : Sols. Doser 0,2-1 % de produit dans l&rsquo;eau. Laver de la mani\u00e8re habituelle. Surfaces. Doser 5-10 % de produit dans l&rsquo;eau. Frotter avec une lavette ou un chiffon humide. Laisser agir et rincer \u00e0 l&rsquo;eau.<\/p>\n","protected":false},"excerpt":{"rendered":"<p>Nettoyant citrique. Parfum\u00e9.<br \/>\n\u00c9limine la salet\u00e9 ordinaire.<br \/>\n\u00c9vite l\u00b4apparition du calcaire.<br \/>\nEffet surdorant.<br \/>\nNettoie, fait briller et prot\u00e8ge la surface.<\/p>\n","protected":false},"featured_media":4137,"comment_status":"open","ping_status":"closed","template":"","meta":[],"product_cat":[405,471,440,424,400,423],"product_tag":[814],"class_list":["post-4136","product","type-product","status-publish","has-post-thumbnail","hentry","product_cat-article-menager","product_cat-degraissant","product_cat-detartrant","product_cat-meubles","product_cat-produits-de-nettoyage","product_cat-sols","product_tag-sol","pa_contenance-214","pa_domaine-collectivites","pa_domaine-entreprise","pa_domaine-food","pa_domaine-hotel","pa_domaine-industrie","pa_domaine-medical","pa_domaine-proprete"],"_links":{"self":[{"href":"https:\/\/aquatiss.com.tn\/fr\/wp-json\/wp\/v2\/product\/4136","targetHints":{"allow":["GET"]}}],"collection":[{"href":"https:\/\/aquatiss.com.tn\/fr\/wp-json\/wp\/v2\/product"}],"about":[{"href":"https:\/\/aquatiss.com.tn\/fr\/wp-json\/wp\/v2\/types\/product"}],"replies":[{"embeddable":true,"href":"https:\/\/aquatiss.com.tn\/fr\/wp-json\/wp\/v2\/comments?post=4136"}],"wp:featuredmedia":[{"embeddable":true,"href":"https:\/\/aquatiss.com.tn\/fr\/wp-json\/wp\/v2\/media\/4137"}],"wp:attachment":[{"href":"https:\/\/aquatiss.com.tn\/fr\/wp-json\/wp\/v2\/media?parent=4136"}],"wp:term":[{"taxonomy":"product_cat","embeddable":true,"href":"https:\/\/aquatiss.com.tn\/fr\/wp-json\/wp\/v2\/product_cat?post=4136"},{"taxonomy":"product_tag","embeddable":true,"href":"https:\/\/aquatiss.com.tn\/fr\/wp-json\/wp\/v2\/product_tag?post=4136"}],"curies":[{"name":"wp","href":"https:\/\/api.w.org\/{rel}","templated":true}]}}