{"id":4138,"date":"2017-04-19T13:52:51","date_gmt":"2017-04-19T12:52:51","guid":{"rendered":"http:\/\/gator4082.temp.domains\/~aquatiss\/produit\/detergent-bactericide-et-fongicide-pour-sol-et-surfaces-sanitaires-bidon-5l\/"},"modified":"2017-04-19T14:06:08","modified_gmt":"2017-04-19T13:06:08","slug":"detergent-bactericide-et-fongicide-pour-sol-et-surfaces-sanitaires-bidon-5l","status":"publish","type":"product","link":"https:\/\/aquatiss.com.tn\/fr\/produit\/detergent-bactericide-et-fongicide-pour-sol-et-surfaces-sanitaires-bidon-5l\/","title":{"rendered":"D\u00e9tergent bact\u00e9ricide et fongicide pour sol et surfaces sanitaires bidon 5L"},"content":{"rendered":"<p>D\u00e9sinfectant de surfaces. Environnement sanitaire.<br \/>\nBact\u00e9ricide et fongicide.<br \/>\nD\u00e9tergent d\u00e9sinfectant chlor\u00e9 \u00e0 action bact\u00e9ricide et fongicide.<br \/>\nNettoie et d\u00e9sodorise en profondeur.<br \/>\nApporte un niveau d&rsquo;hygi\u00e8ne \u00e9lev\u00e9.<br \/>\n\u00c9vite les odeurs d\u00e9sagr\u00e9ables et g\u00eanantes.<\/p>\n<p><strong>Propri\u00e9t\u00e9s physiques et chimiques<\/strong><\/p>\n<p>Aspect : Liquide transparent<br \/>\nCouleur : Jaune<br \/>\nOdeur : Caract\u00e9ristique<br \/>\nPh : 12<br \/>\nDensit\u00e9 : 1,13+-0,01<\/p>\n<p>Formats ventes : 5 kg<\/p>\n<p><strong>Composition qualitative <\/strong><\/p>\n<p>Ingr\u00e9dients.<br \/>\nHypochlorite de sodium (chlore actif) 7,8%.<br \/>\nExcipients qsp 100%.<br \/>\n<strong><br \/>\nApplications <\/strong><\/p>\n<p><strong>\u00c9tablissements<\/strong> : H\u00f4pitaux. Cliniques. Centres sanitaires. Transports sanitaires.<\/p>\n<p><strong>Zones d&rsquo;utilisation<\/strong> : Sols et surfaces lavables.<\/p>\n","protected":false},"excerpt":{"rendered":"<p>D\u00e9sinfectant de surfaces. Environnement sanitaire.<br \/>\nBact\u00e9ricide et fongicide.<br \/>\nD\u00e9tergent d\u00e9sinfectant chlor\u00e9 \u00e0 action bact\u00e9ricide et fongicide.<br \/>\nNettoie et d\u00e9sodorise en profondeur.<br \/>\nApporte un niveau d&#039;hygi\u00e8ne \u00e9lev\u00e9.<br \/>\n\u00c9vite les odeurs d\u00e9sagr\u00e9ables et g\u00eanantes.<\/p>\n","protected":false},"featured_media":4139,"comment_status":"open","ping_status":"closed","template":"","meta":[],"product_cat":[405,471,440,424,400,423],"product_tag":[814],"class_list":["post-4138","product","type-product","status-publish","has-post-thumbnail","hentry","product_cat-article-menager","product_cat-degraissant","product_cat-detartrant","product_cat-meubles","product_cat-produits-de-nettoyage","product_cat-sols","product_tag-sol","pa_contenance-214","pa_domaine-collectivites","pa_domaine-entreprise","pa_domaine-food","pa_domaine-hotel","pa_domaine-industrie","pa_domaine-medical","pa_domaine-proprete"],"_links":{"self":[{"href":"https:\/\/aquatiss.com.tn\/fr\/wp-json\/wp\/v2\/product\/4138","targetHints":{"allow":["GET"]}}],"collection":[{"href":"https:\/\/aquatiss.com.tn\/fr\/wp-json\/wp\/v2\/product"}],"about":[{"href":"https:\/\/aquatiss.com.tn\/fr\/wp-json\/wp\/v2\/types\/product"}],"replies":[{"embeddable":true,"href":"https:\/\/aquatiss.com.tn\/fr\/wp-json\/wp\/v2\/comments?post=4138"}],"wp:featuredmedia":[{"embeddable":true,"href":"https:\/\/aquatiss.com.tn\/fr\/wp-json\/wp\/v2\/media\/4139"}],"wp:attachment":[{"href":"https:\/\/aquatiss.com.tn\/fr\/wp-json\/wp\/v2\/media?parent=4138"}],"wp:term":[{"taxonomy":"product_cat","embeddable":true,"href":"https:\/\/aquatiss.com.tn\/fr\/wp-json\/wp\/v2\/product_cat?post=4138"},{"taxonomy":"product_tag","embeddable":true,"href":"https:\/\/aquatiss.com.tn\/fr\/wp-json\/wp\/v2\/product_tag?post=4138"}],"curies":[{"name":"wp","href":"https:\/\/api.w.org\/{rel}","templated":true}]}}