{"id":4142,"date":"2017-04-19T14:06:29","date_gmt":"2017-04-19T13:06:29","guid":{"rendered":"http:\/\/gator4082.temp.domains\/~aquatiss\/produit\/decapant-acide-des-sols-manuelle-ou-pour-machine-bidon-5l\/"},"modified":"2017-04-19T14:13:59","modified_gmt":"2017-04-19T13:13:59","slug":"decapant-acide-des-sols-manuelle-ou-pour-machine-bidon-5l","status":"publish","type":"product","link":"https:\/\/aquatiss.com.tn\/fr\/produit\/decapant-acide-des-sols-manuelle-ou-pour-machine-bidon-5l\/","title":{"rendered":"D\u00e9capant acide des sols manuelle ou pour machine bidon 5L"},"content":{"rendered":"<p>D\u00e9capant acide. Sols.<br \/>\n\u00c9limine les restes de ciment, taches de chaux, salp\u00eatre et salet\u00e9 environnementale.<br \/>\nNettoie et blanchit les joints entre dalles, carreaux et fa\u00efences.<br \/>\n<strong><br \/>\nPropri\u00e9t\u00e9s physiques et chimiques<\/strong><br \/>\nAspect : Liquide transparent<br \/>\nCouleur : Incolore<br \/>\nOdeur : Caract\u00e9ristique<br \/>\nPH : 1<br \/>\nDensit\u00e9 : 1,05+-0,01<br \/>\nFormats ventes : 5 kg<\/p>\n<p><strong>Composition qualitative<\/strong><br \/>\nAcides inorganiques.<br \/>\nEau.<\/p>\n<p><strong>Applications<\/strong><\/p>\n<p><strong>\u00c9tablissements<\/strong> : H\u00f4tels. Restaurants. Bureaux. Centres commerciaux. Salles publiques et auditoriums. Centres sanitaires. Centres d&rsquo;enseignement. Installations sportives. En g\u00e9n\u00e9ral, tout type d&rsquo;\u00e9tablissements g\u00e9r\u00e9s avec des crit\u00e8res d&rsquo;hygi\u00e8ne Professionnelle.<\/p>\n<p><strong>Zones d&rsquo;utilisation<\/strong> : Indiqu\u00e9 pour : Sols. Mat\u00e9riaux r\u00e9sistants aux acides. Granit, ardoise, gr\u00e8s, carrelage, gr\u00e9cit\u00e9, briques et terra cota r\u00e9sistant. Ne pas utiliser sur du marbre, de la pierre calcaire ou des rev\u00eatements de sol d&rsquo;imitation, sensibles aux acides.<\/p>\n<p><img decoding=\"async\"  src=\"http:\/\/gator4082.temp.domains\/~aquatiss\/wp-content\/uploads\/2017\/02\/adobe-pdf-logo-1480D328A9-seeklogo.com_.jpg\" alt=\"adobe-pdf-logo-1480d328a9-seeklogo-com\" width=\"37\" height=\"39\" class=\" wp-image-2811 alignleft no-lazyload\" \/><\/p>\n<p><a href=\"http:\/\/gator4082.temp.domains\/~aquatiss\/produit\/decapant-acide-des-sols-manuelle-ou-pour-machine-bidon-5l\/attachment\/15\/\" rel=\"attachment wp-att-4144\">Fiche Technique<\/a><\/p>\n","protected":false},"excerpt":{"rendered":"<p>D\u00e9capant acide. Sols.<br \/>\n\u00c9limine les restes de ciment, taches de chaux, salp\u00eatre et salet\u00e9 environnementale.<br \/>\nNettoie et blanchit les joints entre dalles, carreaux et fa\u00efences.<\/p>\n","protected":false},"featured_media":4143,"comment_status":"open","ping_status":"closed","template":"","meta":[],"product_cat":[405,471,440,400,423],"product_tag":[814],"class_list":["post-4142","product","type-product","status-publish","has-post-thumbnail","hentry","product_cat-article-menager","product_cat-degraissant","product_cat-detartrant","product_cat-produits-de-nettoyage","product_cat-sols","product_tag-sol","pa_contenance-214","pa_domaine-collectivites","pa_domaine-entreprise","pa_domaine-food","pa_domaine-hotel","pa_domaine-industrie","pa_domaine-medical","pa_domaine-proprete"],"_links":{"self":[{"href":"https:\/\/aquatiss.com.tn\/fr\/wp-json\/wp\/v2\/product\/4142","targetHints":{"allow":["GET"]}}],"collection":[{"href":"https:\/\/aquatiss.com.tn\/fr\/wp-json\/wp\/v2\/product"}],"about":[{"href":"https:\/\/aquatiss.com.tn\/fr\/wp-json\/wp\/v2\/types\/product"}],"replies":[{"embeddable":true,"href":"https:\/\/aquatiss.com.tn\/fr\/wp-json\/wp\/v2\/comments?post=4142"}],"wp:featuredmedia":[{"embeddable":true,"href":"https:\/\/aquatiss.com.tn\/fr\/wp-json\/wp\/v2\/media\/4143"}],"wp:attachment":[{"href":"https:\/\/aquatiss.com.tn\/fr\/wp-json\/wp\/v2\/media?parent=4142"}],"wp:term":[{"taxonomy":"product_cat","embeddable":true,"href":"https:\/\/aquatiss.com.tn\/fr\/wp-json\/wp\/v2\/product_cat?post=4142"},{"taxonomy":"product_tag","embeddable":true,"href":"https:\/\/aquatiss.com.tn\/fr\/wp-json\/wp\/v2\/product_tag?post=4142"}],"curies":[{"name":"wp","href":"https:\/\/api.w.org\/{rel}","templated":true}]}}