{"id":4145,"date":"2017-04-19T14:14:35","date_gmt":"2017-04-19T13:14:35","guid":{"rendered":"http:\/\/gator4082.temp.domains\/~aquatiss\/produit\/nettoyant-anti-calcaire-salles-de-bains-piscine-et-vestiaires-bidon-5l\/"},"modified":"2017-04-19T14:45:38","modified_gmt":"2017-04-19T13:45:38","slug":"nettoyant-anti-calcaire-salles-de-bains-piscine-et-vestiaires-bidon-5l","status":"publish","type":"product","link":"https:\/\/aquatiss.com.tn\/fr\/produit\/nettoyant-anti-calcaire-salles-de-bains-piscine-et-vestiaires-bidon-5l\/","title":{"rendered":"Nettoyant anti-calcaire salles de bains ,piscine et vestiaires bidon 5L"},"content":{"rendered":"<p>Nettoyant anticalcaire. Assainissant.<br \/>\nNettoie et d\u00e9tartre.<br \/>\nGarantit des conditions d&rsquo;hygi\u00e8ne optimales.<br \/>\n\u00c9limine les odeurs d\u00e9sagr\u00e9ables.<br \/>\nPr\u00e9vient la propagation de germes au moyen d&rsquo;une hygi\u00e8ne efficace.<br \/>\n<strong><br \/>\nPropri\u00e9t\u00e9s physiques et chimiques<\/strong><br \/>\nAspect : Liquide transparent<br \/>\nCouleur : Rose<br \/>\nOdeur : Caract\u00e9ristique<br \/>\nPH : 1<br \/>\nDensit\u00e9 : 1,06+-0,01<br \/>\nFormats ventes : 5 kg<\/p>\n<p><strong>Composition qualitative <\/strong><br \/>\nEau.<br \/>\nAcides inorganiques.<br \/>\nDissolvants.<br \/>\nTensioactifs.<\/p>\n<p><strong>Applications <\/strong><\/p>\n<p><strong>\u00c9tablissements<\/strong> : Catering. Bars et caf\u00e9t\u00e9rias. Centres d&rsquo;enseignement. Cliniques. Salles d&rsquo;attente. \u00c9coles. H\u00f4tels. V\u00e9t\u00e9rinaire.<\/p>\n<p><strong>Zones d&rsquo;utilisation<\/strong> : Indiqu\u00e9 pour : Surfaces lavables r\u00e9sistant \u00e0 pH acide. Salles de bains. Douches. Piscines.<\/p>\n<p><strong>Mode d&#8217;emploi <\/strong>: Sols. Doser 0,5-2 % de produit dans de l&rsquo;eau. Laver de la mani\u00e8re habituelle. Surfaces. Doser 2 % de produit dans de l&rsquo;eau. Frotter avec une lavette ou un chiffon humide. Laisser agir et rincer \u00e0 l&rsquo;eau<\/p>\n<p><img decoding=\"async\"  src=\"http:\/\/gator4082.temp.domains\/~aquatiss\/wp-content\/uploads\/2017\/02\/adobe-pdf-logo-1480D328A9-seeklogo.com_.jpg\" alt=\"adobe-pdf-logo-1480d328a9-seeklogo-com\" width=\"37\" height=\"39\" class=\" wp-image-2811 alignleft no-lazyload\" \/><a href=\"http:\/\/gator4082.temp.domains\/~aquatiss\/wp-content\/uploads\/2017\/04\/16.pdf\" rel=\"attachment wp-att-4146\">Fiche Technique<\/a><\/p>\n","protected":false},"excerpt":{"rendered":"<p>Nettoyant anticalcaire. Assainissant.<br \/>\nNettoie et d\u00e9tartre.<br \/>\nGarantit des conditions d&#039;hygi\u00e8ne optimales.<br \/>\n\u00c9limine les odeurs d\u00e9sagr\u00e9ables.<br \/>\nPr\u00e9vient la propagation de germes au moyen d&#039;une hygi\u00e8ne efficace.<\/p>\n","protected":false},"featured_media":4148,"comment_status":"open","ping_status":"closed","template":"","meta":[],"product_cat":[405,471,440,400,422,423],"product_tag":[822],"class_list":["post-4145","product","type-product","status-publish","has-post-thumbnail","hentry","product_cat-article-menager","product_cat-degraissant","product_cat-detartrant","product_cat-produits-de-nettoyage","product_cat-produits-sanitaires","product_cat-sols","product_tag-degraissant","pa_contenance-214","pa_domaine-collectivites","pa_domaine-entreprise","pa_domaine-food","pa_domaine-hotel","pa_domaine-industrie","pa_domaine-medical","pa_domaine-proprete"],"_links":{"self":[{"href":"https:\/\/aquatiss.com.tn\/fr\/wp-json\/wp\/v2\/product\/4145","targetHints":{"allow":["GET"]}}],"collection":[{"href":"https:\/\/aquatiss.com.tn\/fr\/wp-json\/wp\/v2\/product"}],"about":[{"href":"https:\/\/aquatiss.com.tn\/fr\/wp-json\/wp\/v2\/types\/product"}],"replies":[{"embeddable":true,"href":"https:\/\/aquatiss.com.tn\/fr\/wp-json\/wp\/v2\/comments?post=4145"}],"wp:featuredmedia":[{"embeddable":true,"href":"https:\/\/aquatiss.com.tn\/fr\/wp-json\/wp\/v2\/media\/4148"}],"wp:attachment":[{"href":"https:\/\/aquatiss.com.tn\/fr\/wp-json\/wp\/v2\/media?parent=4145"}],"wp:term":[{"taxonomy":"product_cat","embeddable":true,"href":"https:\/\/aquatiss.com.tn\/fr\/wp-json\/wp\/v2\/product_cat?post=4145"},{"taxonomy":"product_tag","embeddable":true,"href":"https:\/\/aquatiss.com.tn\/fr\/wp-json\/wp\/v2\/product_tag?post=4145"}],"curies":[{"name":"wp","href":"https:\/\/api.w.org\/{rel}","templated":true}]}}