{"id":4149,"date":"2017-04-19T14:39:57","date_gmt":"2017-04-19T13:39:57","guid":{"rendered":"http:\/\/gator4082.temp.domains\/~aquatiss\/produit\/nettoyant-anti-calcaire-des-surfaces-salles-de-bains-bidon-5l\/"},"modified":"2017-04-19T14:45:23","modified_gmt":"2017-04-19T13:45:23","slug":"nettoyant-anti-calcaire-des-surfaces-salles-de-bains-bidon-5l","status":"publish","type":"product","link":"https:\/\/aquatiss.com.tn\/fr\/produit\/nettoyant-anti-calcaire-des-surfaces-salles-de-bains-bidon-5l\/","title":{"rendered":"Nettoyant anti-calcaire des surfaces salles de bains bidon 5L"},"content":{"rendered":"<p>Nettoyant anticalcaire.<br \/>\nNettoie, fait briller et prot\u00e8ge la surface.<br \/>\n\u00c9limine les incrustations de tartre et traces d&rsquo;oxydation.<br \/>\nAction rapide. Application sous forme de mousse.<br \/>\nEfficacit\u00e9 maximum de nettoyage sans \u00e9claboussures ni vapeurs.<br \/>\nRestaure l&rsquo;aspect original de la surface.<br \/>\n<strong><br \/>\nPropri\u00e9t\u00e9s physiques et chimiques<\/strong><\/p>\n<p>Aspect : Liquide transparent<br \/>\nCouleur : Bleu<br \/>\nOdeur : Floral<br \/>\nPH : 3<br \/>\nDensit\u00e9 : 1,01+-0,01<br \/>\nFormats ventes : 1-5 kg<br \/>\n<strong>Composition qualitative<\/strong><br \/>\nEau<br \/>\nAcides inorganiques.<br \/>\nAcides organiques.<br \/>\nTensioactifs.<br \/>\nDissolvants.<br \/>\nConservateurs.<br \/>\nColorants.<br \/>\nParfums.<\/p>\n<p><strong>Applications<\/strong><br \/>\n<strong><br \/>\n\u00c9tablissements<\/strong> : H\u00f4tels. Restaurants. Centres commerciaux. Bureaux. Centres sanitaires. Centres d&rsquo;enseignement. Installations sportives. Centres de loisirs. En g\u00e9n\u00e9ral, tout type d&rsquo;\u00e9tablissements g\u00e9r\u00e9s avec des crit\u00e8res d&rsquo;hygi\u00e8ne Professionnelle.<\/p>\n<p><strong>Zones d&rsquo;utilisation<\/strong> : Indiqu\u00e9 pour : Salles de bains, WC et toilettes. Surfaces et mobilier de salle de bains. Robinetterie. Carrelage. C\u00e9ramique.<\/p>\n<p><strong>Mode d&#8217;emploi<\/strong> : Pulv\u00e9riser le produit sur la surface. Frotter avec une lavette ou un chiffon humide. Laisser agir et rincer \u00e0 l&rsquo;eau. Le temps de contact d\u00e9pend du degr\u00e9 de salet\u00e9. Ne pas m\u00e9langer avec de l&rsquo;eau de javel. Ne pas utiliser sur du marbre ou des surfaces sensibles aux acides.<\/p>\n<p><img decoding=\"async\"  src=\"http:\/\/gator4082.temp.domains\/~aquatiss\/wp-content\/uploads\/2017\/02\/adobe-pdf-logo-1480D328A9-seeklogo.com_.jpg\" alt=\"adobe-pdf-logo-1480d328a9-seeklogo-com\" width=\"35\" height=\"37\" class=\" wp-image-2811 alignleft no-lazyload\" \/><a href=\"http:\/\/gator4082.temp.domains\/~aquatiss\/produit\/nettoyant-anti-calcaire-des-surfaces-salles-de-bains-bidon-5l\/attachment\/17\/\" rel=\"attachment wp-att-4150\">Fiche Technique<\/a><\/p>\n","protected":false},"excerpt":{"rendered":"<p>Nettoyant anticalcaire.<br \/>\nNettoie, fait briller et prot\u00e8ge la surface.<br \/>\n\u00c9limine les incrustations de tartre et traces d&rsquo;oxydation.<br \/>\nAction rapide. Application sous forme de mousse.<br \/>\nEfficacit\u00e9 maximum de nettoyage sans \u00e9claboussures ni vapeurs.<br \/>\nRestaure l&rsquo;aspect original de la surface.<\/p>\n","protected":false},"featured_media":4151,"comment_status":"open","ping_status":"closed","template":"","meta":[],"product_cat":[405,471,440,400,422,423],"product_tag":[822],"class_list":["post-4149","product","type-product","status-publish","has-post-thumbnail","hentry","product_cat-article-menager","product_cat-degraissant","product_cat-detartrant","product_cat-produits-de-nettoyage","product_cat-produits-sanitaires","product_cat-sols","product_tag-degraissant","pa_contenance-214","pa_domaine-collectivites","pa_domaine-entreprise","pa_domaine-food","pa_domaine-hotel","pa_domaine-industrie","pa_domaine-medical","pa_domaine-proprete"],"_links":{"self":[{"href":"https:\/\/aquatiss.com.tn\/fr\/wp-json\/wp\/v2\/product\/4149","targetHints":{"allow":["GET"]}}],"collection":[{"href":"https:\/\/aquatiss.com.tn\/fr\/wp-json\/wp\/v2\/product"}],"about":[{"href":"https:\/\/aquatiss.com.tn\/fr\/wp-json\/wp\/v2\/types\/product"}],"replies":[{"embeddable":true,"href":"https:\/\/aquatiss.com.tn\/fr\/wp-json\/wp\/v2\/comments?post=4149"}],"wp:featuredmedia":[{"embeddable":true,"href":"https:\/\/aquatiss.com.tn\/fr\/wp-json\/wp\/v2\/media\/4151"}],"wp:attachment":[{"href":"https:\/\/aquatiss.com.tn\/fr\/wp-json\/wp\/v2\/media?parent=4149"}],"wp:term":[{"taxonomy":"product_cat","embeddable":true,"href":"https:\/\/aquatiss.com.tn\/fr\/wp-json\/wp\/v2\/product_cat?post=4149"},{"taxonomy":"product_tag","embeddable":true,"href":"https:\/\/aquatiss.com.tn\/fr\/wp-json\/wp\/v2\/product_tag?post=4149"}],"curies":[{"name":"wp","href":"https:\/\/api.w.org\/{rel}","templated":true}]}}