{"id":4152,"date":"2017-04-19T14:46:01","date_gmt":"2017-04-19T13:46:01","guid":{"rendered":"http:\/\/gator4082.temp.domains\/~aquatiss\/produit\/nettoyant-citrique-sols-et-surfaces-salles-de-bains-bidon-5l\/"},"modified":"2017-04-19T14:53:08","modified_gmt":"2017-04-19T13:53:08","slug":"nettoyant-citrique-sols-et-surfaces-salles-de-bains-bidon-5l","status":"publish","type":"product","link":"https:\/\/aquatiss.com.tn\/fr\/produit\/nettoyant-citrique-sols-et-surfaces-salles-de-bains-bidon-5l\/","title":{"rendered":"Nettoyant citrique sols et surfaces salles de bains bidon 5L"},"content":{"rendered":"<p>Nettoyant citrique. Parfum\u00e9.<br \/>\n\u00c9limine la salet\u00e9 ordinaire.<br \/>\n\u00c9vite l\u00b4apparition du calcaire.<br \/>\nEffet surdorant.<br \/>\nNettoie, fait briller et prot\u00e8ge la surface.<br \/>\nFormul\u00e9 avec des ingr\u00e9dients d&rsquo;origine naturelle qui r\u00e9duisent l&rsquo;agression contre l&rsquo;\u00e9cosyst\u00e8me.<br \/>\nLaisse un parfum frais et subtil qui cr\u00e9e une sensation de propret\u00e9.<\/p>\n<p><strong>Propri\u00e9t\u00e9s physiques et chimiques<\/strong><br \/>\nAspect : Liquide transparent<br \/>\nCouleur : Rose<br \/>\nOdeur : Roses<br \/>\nPH : 3<br \/>\nDensit\u00e9 : 1,00+-0,01<br \/>\nFormats ventes : 5 kg<\/p>\n<p><strong>Composition qualitative<\/strong><\/p>\n<p>Tensioactifs.<br \/>\nAcides organiques.<br \/>\nParfums.<br \/>\nColorants.<br \/>\nConservateurs.<br \/>\nEau.<\/p>\n<p><strong>Applications <\/strong><\/p>\n<p><strong>\u00c9tablissements<\/strong> : H\u00f4tels. Restaurants. Centres commerciaux. Bureaux. Centres sanitaires. Centres d&rsquo;enseignement. Installations sportives. Centres de loisirs. En g\u00e9n\u00e9ral, tout type d&rsquo;\u00e9tablissements g\u00e9r\u00e9s avec des crit\u00e8res d&rsquo;hygi\u00e8ne Professionnelle.<\/p>\n<p><strong>Zones d&rsquo;utilisation<\/strong> : Indiqu\u00e9 pour : Salles de bains, WC et toilettes. Surfaces et mobilier de salle de bains. Robinetterie. Carrelage. C\u00e9ramique.<br \/>\n<strong><br \/>\nMode d&#8217;emploi<\/strong> : Sols. Doser 0,2-1 % de produit dans l&rsquo;eau. Laver de la mani\u00e8re habituelle. Surfaces. Doser 5-10 % de produit dans l&rsquo;eau. Frotter avec une lavette ou un chiffon humide. Laisser agir et rincer \u00e0 l&rsquo;eau.<\/p>\n<p><img decoding=\"async\"  src=\"http:\/\/gator4082.temp.domains\/~aquatiss\/wp-content\/uploads\/2017\/02\/adobe-pdf-logo-1480D328A9-seeklogo.com_.jpg\" alt=\"adobe-pdf-logo-1480d328a9-seeklogo-com\" width=\"38\" height=\"40\" class=\" wp-image-2811 alignleft no-lazyload\" \/><br \/>\n<a href=\"hhttp:\/\/gator4082.temp.domains\/~aquatiss\/wp-content\/uploads\/2017\/04\/18.pdf\" rel=\"attachment wp-att-4153\">Fiche Technique<\/a><\/p>\n","protected":false},"excerpt":{"rendered":"<p>Nettoyant citrique. Parfum\u00e9.<br \/>\n\u00c9limine la salet\u00e9 ordinaire.<br \/>\n\u00c9vite l\u00b4apparition du calcaire.<br \/>\nEffet surdorant.<br \/>\nNettoie, fait briller et prot\u00e8ge la surface.<\/p>\n","protected":false},"featured_media":4154,"comment_status":"open","ping_status":"closed","template":"","meta":[],"product_cat":[405,471,440,400,422,423],"product_tag":[822,814],"class_list":["post-4152","product","type-product","status-publish","has-post-thumbnail","hentry","product_cat-article-menager","product_cat-degraissant","product_cat-detartrant","product_cat-produits-de-nettoyage","product_cat-produits-sanitaires","product_cat-sols","product_tag-degraissant","product_tag-sol","pa_contenance-214","pa_domaine-collectivites","pa_domaine-entreprise","pa_domaine-food","pa_domaine-hotel","pa_domaine-industrie","pa_domaine-medical","pa_domaine-proprete"],"_links":{"self":[{"href":"https:\/\/aquatiss.com.tn\/fr\/wp-json\/wp\/v2\/product\/4152","targetHints":{"allow":["GET"]}}],"collection":[{"href":"https:\/\/aquatiss.com.tn\/fr\/wp-json\/wp\/v2\/product"}],"about":[{"href":"https:\/\/aquatiss.com.tn\/fr\/wp-json\/wp\/v2\/types\/product"}],"replies":[{"embeddable":true,"href":"https:\/\/aquatiss.com.tn\/fr\/wp-json\/wp\/v2\/comments?post=4152"}],"wp:featuredmedia":[{"embeddable":true,"href":"https:\/\/aquatiss.com.tn\/fr\/wp-json\/wp\/v2\/media\/4154"}],"wp:attachment":[{"href":"https:\/\/aquatiss.com.tn\/fr\/wp-json\/wp\/v2\/media?parent=4152"}],"wp:term":[{"taxonomy":"product_cat","embeddable":true,"href":"https:\/\/aquatiss.com.tn\/fr\/wp-json\/wp\/v2\/product_cat?post=4152"},{"taxonomy":"product_tag","embeddable":true,"href":"https:\/\/aquatiss.com.tn\/fr\/wp-json\/wp\/v2\/product_tag?post=4152"}],"curies":[{"name":"wp","href":"https:\/\/api.w.org\/{rel}","templated":true}]}}