{"id":4155,"date":"2017-04-19T14:55:10","date_gmt":"2017-04-19T13:55:10","guid":{"rendered":"http:\/\/gator4082.temp.domains\/~aquatiss\/produit\/lave-vitre-bidon-5l\/"},"modified":"2017-04-19T15:50:04","modified_gmt":"2017-04-19T14:50:04","slug":"lave-vitre-bidon-5l","status":"publish","type":"product","link":"https:\/\/aquatiss.com.tn\/fr\/produit\/lave-vitre-bidon-5l\/","title":{"rendered":"Lave vitre bidon 5L"},"content":{"rendered":"<p>Nettoyant vitres.<br \/>\nNettoie et fait briller en une seule op\u00e9ration vitres, miroirs et autres surfaces vitr\u00e9es.<br \/>\nBrillance sans traces.<br \/>\nS\u00e9chage rapide.<\/p>\n<p><strong>Propri\u00e9t\u00e9s physiques et chimiques<\/strong><br \/>\nAspect : Liquide transparent<br \/>\nCouleur : Bleu<br \/>\nOdeur : Vanille<br \/>\nPH : 7<br \/>\nDensit\u00e9: 0,99+-0,01<br \/>\nFormats ventes : 1-5 litre<\/p>\n<p><strong>Composition qualitative<\/strong><br \/>\nTensioactifs.<br \/>\nDissolvants.<br \/>\nParfums.<br \/>\nColorants.<br \/>\nConservateurs.<br \/>\nEau.<\/p>\n<p><strong>Applications <\/strong><\/p>\n<p><strong>\u00c9tablissements<\/strong> : H\u00f4tels. Restaurants. Centres d&rsquo;enseignement. Bureaux. Centres sanitaires. Installations sportives. En g\u00e9n\u00e9ral, tout type d&rsquo;\u00e9tablissements g\u00e9r\u00e9s avec des crit\u00e8res d&rsquo;hygi\u00e8ne Professionnelle. Institutions.<\/p>\n<p><strong>Zones d&rsquo;utilisation<\/strong> : Indiqu\u00e9 pour : Vitres et miroirs.<\/p>\n<p><strong>Mode d&#8217;emploi<\/strong> : Pulv\u00e9riser le produit sur la surface. Frotter avec un chiffon ou une microfibre jusqu&rsquo;\u00e0 obtenir un \u00e9clat homog\u00e8ne.<\/p>\n<p><img decoding=\"async\"  src=\"http:\/\/gator4082.temp.domains\/~aquatiss\/wp-content\/uploads\/2017\/02\/adobe-pdf-logo-1480D328A9-seeklogo.com_.jpg\" alt=\"adobe-pdf-logo-1480d328a9-seeklogo-com\" width=\"41\" height=\"43\" class=\" wp-image-2811 alignleft no-lazyload\" \/><\/p>\n<p><a href=\"http:\/\/gator4082.temp.domains\/~aquatiss\/wp-content\/uploads\/2017\/04\/35.pdf\" rel=\"attachment wp-att-4156\">Fiche Technique<\/a><\/p>\n","protected":false},"excerpt":{"rendered":"<p>Nettoyant vitres.<br \/>\nNettoie et fait briller en une seule op\u00e9ration vitres, miroirs et autres surfaces vitr\u00e9es.<br \/>\nBrillance sans traces.<br \/>\nS\u00e9chage rapide.<\/p>\n","protected":false},"featured_media":4158,"comment_status":"open","ping_status":"closed","template":"","meta":[],"product_cat":[405,133,400,425],"product_tag":[770,813],"class_list":["post-4155","product","type-product","status-publish","has-post-thumbnail","hentry","product_cat-article-menager","product_cat-kit-nettoyage-vitre","product_cat-produits-de-nettoyage","product_cat-vitres","product_tag-kit-nettoyage-vitre","product_tag-vitre","pa_contenance-214","pa_domaine-collectivites","pa_domaine-entreprise","pa_domaine-food","pa_domaine-hotel","pa_domaine-industrie","pa_domaine-medical","pa_domaine-proprete"],"_links":{"self":[{"href":"https:\/\/aquatiss.com.tn\/fr\/wp-json\/wp\/v2\/product\/4155","targetHints":{"allow":["GET"]}}],"collection":[{"href":"https:\/\/aquatiss.com.tn\/fr\/wp-json\/wp\/v2\/product"}],"about":[{"href":"https:\/\/aquatiss.com.tn\/fr\/wp-json\/wp\/v2\/types\/product"}],"replies":[{"embeddable":true,"href":"https:\/\/aquatiss.com.tn\/fr\/wp-json\/wp\/v2\/comments?post=4155"}],"wp:featuredmedia":[{"embeddable":true,"href":"https:\/\/aquatiss.com.tn\/fr\/wp-json\/wp\/v2\/media\/4158"}],"wp:attachment":[{"href":"https:\/\/aquatiss.com.tn\/fr\/wp-json\/wp\/v2\/media?parent=4155"}],"wp:term":[{"taxonomy":"product_cat","embeddable":true,"href":"https:\/\/aquatiss.com.tn\/fr\/wp-json\/wp\/v2\/product_cat?post=4155"},{"taxonomy":"product_tag","embeddable":true,"href":"https:\/\/aquatiss.com.tn\/fr\/wp-json\/wp\/v2\/product_tag?post=4155"}],"curies":[{"name":"wp","href":"https:\/\/api.w.org\/{rel}","templated":true}]}}