{"id":4159,"date":"2017-04-19T15:51:05","date_gmt":"2017-04-19T14:51:05","guid":{"rendered":"http:\/\/gator4082.temp.domains\/~aquatiss\/produit\/nettoyant-citrique-sols-et-surfaces-salles-de-bains-bidon-5l-2\/"},"modified":"2017-04-19T16:11:21","modified_gmt":"2017-04-19T15:11:21","slug":"nettoyant-citrique-sols-et-surfaces-salles-de-bains-bidon-5l-2","status":"publish","type":"product","link":"https:\/\/aquatiss.com.tn\/fr\/produit\/nettoyant-citrique-sols-et-surfaces-salles-de-bains-bidon-5l-2\/","title":{"rendered":"Nettoyant moquettes et tapisseries manuelle ou pour machine bidon 5L"},"content":{"rendered":"<p>Mousse s\u00e8che. Moquettes et tapisseries.<br \/>\nP\u00e9n\u00e8tre dans les fibres et \u00e9limine la salet\u00e9, sans mouiller excessivement le tissu.<br \/>\nLe s\u00e9chage sous forme de poudre facilite l&rsquo;\u00e9limination finale des salet\u00e9s.<br \/>\nNeutralise les odeurs d\u00e9sagr\u00e9ables sans les masquer.<br \/>\nN&rsquo;alt\u00e8re pas la couleur et la qualit\u00e9 des fibres.<br \/>\nEfficace contre les taches.<\/p>\n<p><strong>Propri\u00e9t\u00e9s physiques et chimiques<\/strong><br \/>\nAspect : Liquide opaque<br \/>\nCouleur : Blanc<br \/>\nOdeur : Caract\u00e9ristique<br \/>\nPH : 6<br \/>\nDensit\u00e9 : 1,01+-0,01<br \/>\nFormats ventes : 5 kg<\/p>\n<p><strong>Composition qualitative <\/strong><br \/>\nTensioactifs.<br \/>\nPolym\u00e8res.<br \/>\nConservateurs.<br \/>\nEau.<\/p>\n<p><strong>Applications <\/strong><\/p>\n<p><strong>\u00c9tablissements<\/strong> : H\u00f4tels. Restaurants. Centres d&rsquo;enseignement. Bureaux. Centres sanitaires. Installations sportives. En g\u00e9n\u00e9ral, tout type d&rsquo;\u00e9tablissements g\u00e9r\u00e9s avec des crit\u00e8res d&rsquo;hygi\u00e8ne professionnelle.<\/p>\n<p><strong>Zones d&rsquo;utilisation<\/strong> : Indiqu\u00e9 pour : Moquettes, tapisserie, moquettes, housses de voiture et autres rev\u00eatements en textile.<\/p>\n<p><strong>Mode d&#8217;emploi<\/strong> : Utilisation avec machine. Doser 5-10 % de produit dans le r\u00e9servoir d&rsquo;eau propre de la machine. Proc\u00e9der comme d&rsquo;ordinaire. Laisser s\u00e9cher. Aspirer \u00e0 fond la moquette pour \u00e9liminer les r\u00e9sidus. Utilisation manuelle. Pulv\u00e9riser le produit sur la surface. Frotter et laisser s\u00e9cher. Passer un balai-brosse ou l&rsquo;aspirateur pour \u00e9liminer le r\u00e9sidu. Avant d&rsquo;utiliser, v\u00e9rifier la solidit\u00e9 et la compatibilit\u00e9 avec le mat\u00e9riel dans une zone non visible.<\/p>\n<p><img decoding=\"async\"  src=\"http:\/\/gator4082.temp.domains\/~aquatiss\/wp-content\/uploads\/2017\/02\/adobe-pdf-logo-1480D328A9-seeklogo.com_.jpg\" alt=\"adobe-pdf-logo-1480d328a9-seeklogo-com\" width=\"38\" height=\"39\" srcset=\"https:\/\/aquatiss.com.tn\/wp-content\/uploads\/2017\/02\/adobe-pdf-logo-1480D328A9-seeklogo.com_.jpg 190w, https:\/\/aquatiss.com.tn\/wp-content\/uploads\/2017\/02\/adobe-pdf-logo-1480D328A9-seeklogo.com_-100x100.jpg 100w, https:\/\/aquatiss.com.tn\/wp-content\/uploads\/2017\/02\/adobe-pdf-logo-1480D328A9-seeklogo.com_-150x150.jpg 150w\" sizes=\"(max-width: 38px) 100vw, 38px\" class=\" wp-image-2811 alignleft no-lazyload\" \/> <a href=\"http:\/\/gator4082.temp.domains\/~aquatiss\/wp-content\/uploads\/2017\/04\/20-1.pdf\" rel=\"attachment wp-att-4161\">Fiche Technique<\/a><\/p>\n","protected":false},"excerpt":{"rendered":"<p>Mousse s\u00e8che. Moquettes et tapisseries.<br \/>\nP\u00e9n\u00e8tre dans les fibres et \u00e9limine la salet\u00e9, sans mouiller excessivement le tissu.<br \/>\nLe s\u00e9chage sous forme de poudre facilite l&#039;\u00e9limination finale des salet\u00e9s.<br \/>\nNeutralise les odeurs d\u00e9sagr\u00e9ables sans les masquer.<br \/>\nN&#039;alt\u00e8re pas la couleur et la qualit\u00e9 des fibres.<br \/>\nEfficace contre les taches.<\/p>\n","protected":false},"featured_media":4160,"comment_status":"open","ping_status":"closed","template":"","meta":[],"product_cat":[405,450,400],"product_tag":[],"class_list":["post-4159","product","type-product","status-publish","has-post-thumbnail","hentry","product_cat-article-menager","product_cat-parquets-moquettes","product_cat-produits-de-nettoyage","pa_contenance-214","pa_domaine-collectivites","pa_domaine-entreprise","pa_domaine-food","pa_domaine-hotel","pa_domaine-industrie","pa_domaine-medical","pa_domaine-proprete"],"_links":{"self":[{"href":"https:\/\/aquatiss.com.tn\/fr\/wp-json\/wp\/v2\/product\/4159","targetHints":{"allow":["GET"]}}],"collection":[{"href":"https:\/\/aquatiss.com.tn\/fr\/wp-json\/wp\/v2\/product"}],"about":[{"href":"https:\/\/aquatiss.com.tn\/fr\/wp-json\/wp\/v2\/types\/product"}],"replies":[{"embeddable":true,"href":"https:\/\/aquatiss.com.tn\/fr\/wp-json\/wp\/v2\/comments?post=4159"}],"wp:featuredmedia":[{"embeddable":true,"href":"https:\/\/aquatiss.com.tn\/fr\/wp-json\/wp\/v2\/media\/4160"}],"wp:attachment":[{"href":"https:\/\/aquatiss.com.tn\/fr\/wp-json\/wp\/v2\/media?parent=4159"}],"wp:term":[{"taxonomy":"product_cat","embeddable":true,"href":"https:\/\/aquatiss.com.tn\/fr\/wp-json\/wp\/v2\/product_cat?post=4159"},{"taxonomy":"product_tag","embeddable":true,"href":"https:\/\/aquatiss.com.tn\/fr\/wp-json\/wp\/v2\/product_tag?post=4159"}],"curies":[{"name":"wp","href":"https:\/\/api.w.org\/{rel}","templated":true}]}}