{"id":4163,"date":"2017-04-19T16:13:17","date_gmt":"2017-04-19T15:13:17","guid":{"rendered":"http:\/\/gator4082.temp.domains\/~aquatiss\/produit\/nettoyant-moquettes-et-tapisseries-manuelle-ou-pour-machine\/"},"modified":"2017-04-19T16:17:29","modified_gmt":"2017-04-19T15:17:29","slug":"nettoyant-moquettes-et-tapisseries-manuelle-ou-pour-machine","status":"publish","type":"product","link":"https:\/\/aquatiss.com.tn\/fr\/produit\/nettoyant-moquettes-et-tapisseries-manuelle-ou-pour-machine\/","title":{"rendered":"Nettoyant moquettes et tapisseries manuelle ou pour machine"},"content":{"rendered":"<p>Mousse s\u00e8che. Moquettes et tapisseries.P\u00e9n\u00e8tre dans les fibres et \u00e9limine la salet\u00e9, sans mouiller excessivement le tissu.<br \/>\nLe s\u00e9chage sous forme de poudre facilite l&rsquo;\u00e9limination finale des salet\u00e9s.<br \/>\nNeutralise les odeurs d\u00e9sagr\u00e9ables sans les masquer.<br \/>\nN&rsquo;alt\u00e8re pas la couleur et la qualit\u00e9 des fibres.<br \/>\nEfficace contre les t\u00e2ches.<\/p>\n<p><strong>Propri\u00e9t\u00e9s physiques et chimiques<\/strong><\/p>\n<p>Aspect : Liquide transparent<br \/>\nCouleur : Bleu<br \/>\nOdeur : Caract\u00e9ristique<br \/>\nPH : 8<br \/>\nDensit\u00e9 : 1,01+-0,01<br \/>\nFormats ventes : 5 kg<\/p>\n<p><strong>Composition qualitative<\/strong><br \/>\nTensioactifs.<br \/>\nDissolvants.<br \/>\nParfums.<br \/>\nAgents s\u00e9questrant.<br \/>\nColorants.<br \/>\nConservateurs.<br \/>\nEau.<\/p>\n<p><strong>Applications<\/strong><\/p>\n<p><strong>\u00c9tablissements <\/strong>: H\u00f4tels. Restaurants. Centres d&rsquo;enseignement. Bureaux. Centres sanitaires. Installations sportives. En g\u00e9n\u00e9ral, tout type d&rsquo;\u00e9tablissements g\u00e9r\u00e9s avec des crit\u00e8res d&rsquo;hygi\u00e8ne<br \/>\nProfessionnelle.<\/p>\n<p><strong>Zones d&rsquo;utilisation :<\/strong> INDIQU\u00c9 pour : Moquettes, tapisserie, moquettes, housses de voiture et autres rev\u00eatements en textile.<\/p>\n<p><strong>Mode d&#8217;emploi <\/strong>: UTILISATION AVEC MACHINE. Doser 1-5 % de produit dans le r\u00e9servoir d&rsquo;eau propre de la machine. Proc\u00e9der comme d&rsquo;ordinaire. Laisser s\u00e9cher compl\u00e8tement. Aspirer \u00e0 fond la moquette pour \u00e9liminer les r\u00e9sidus. UTILISATION MANUELLE. Pulv\u00e9riser le produit sur la surface. Frotter et laisser s\u00e9cher. Passer un balai-brosse ou l&rsquo;aspirateur pour \u00e9liminer le r\u00e9sidu. Avant d&rsquo;utiliser, v\u00e9rifier la solidit\u00e9 et la compatibilit\u00e9 avec le mat\u00e9riel dans une zone non visible.<\/p>\n","protected":false},"excerpt":{"rendered":"<p>Mousse s\u00e8che. Moquettes et tapisseries.P\u00e9n\u00e8tre dans les fibres et \u00e9limine la salet\u00e9, sans mouiller excessivement le tissu.<br \/>\nLe s\u00e9chage sous forme de poudre facilite l&rsquo;\u00e9limination finale des salet\u00e9s.<br \/>\nNeutralise les odeurs d\u00e9sagr\u00e9ables sans les masquer.<br \/>\nN&rsquo;alt\u00e8re pas la couleur et la qualit\u00e9 des fibres.<br \/>\nEfficace contre les t\u00e2ches.<\/p>\n","protected":false},"featured_media":4164,"comment_status":"open","ping_status":"closed","template":"","meta":[],"product_cat":[405,450,400],"product_tag":[819],"class_list":["post-4163","product","type-product","status-publish","has-post-thumbnail","hentry","product_cat-article-menager","product_cat-parquets-moquettes","product_cat-produits-de-nettoyage","product_tag-shampoing-moquette","pa_contenance-214","pa_domaine-collectivites","pa_domaine-entreprise","pa_domaine-food","pa_domaine-hotel","pa_domaine-industrie","pa_domaine-medical","pa_domaine-proprete"],"_links":{"self":[{"href":"https:\/\/aquatiss.com.tn\/fr\/wp-json\/wp\/v2\/product\/4163","targetHints":{"allow":["GET"]}}],"collection":[{"href":"https:\/\/aquatiss.com.tn\/fr\/wp-json\/wp\/v2\/product"}],"about":[{"href":"https:\/\/aquatiss.com.tn\/fr\/wp-json\/wp\/v2\/types\/product"}],"replies":[{"embeddable":true,"href":"https:\/\/aquatiss.com.tn\/fr\/wp-json\/wp\/v2\/comments?post=4163"}],"wp:featuredmedia":[{"embeddable":true,"href":"https:\/\/aquatiss.com.tn\/fr\/wp-json\/wp\/v2\/media\/4164"}],"wp:attachment":[{"href":"https:\/\/aquatiss.com.tn\/fr\/wp-json\/wp\/v2\/media?parent=4163"}],"wp:term":[{"taxonomy":"product_cat","embeddable":true,"href":"https:\/\/aquatiss.com.tn\/fr\/wp-json\/wp\/v2\/product_cat?post=4163"},{"taxonomy":"product_tag","embeddable":true,"href":"https:\/\/aquatiss.com.tn\/fr\/wp-json\/wp\/v2\/product_tag?post=4163"}],"curies":[{"name":"wp","href":"https:\/\/api.w.org\/{rel}","templated":true}]}}