{"id":4165,"date":"2017-04-19T16:24:57","date_gmt":"2017-04-19T16:24:57","guid":{"rendered":"http:\/\/gator4082.temp.domains\/~aquatiss\/?post_type=product&#038;p=4165"},"modified":"2019-02-08T14:02:16","modified_gmt":"2019-02-08T14:02:16","slug":"gel-savon-pour-le-lavage-des-mains-bidon-5l-antiseptique","status":"publish","type":"product","link":"https:\/\/aquatiss.com.tn\/fr\/produit\/gel-savon-pour-le-lavage-des-mains-bidon-5l-antiseptique\/","title":{"rendered":"Gel savon pour le lavage des mains bidon 5L. Antiseptique"},"content":{"rendered":"<p>\u00c9limine la salet\u00e9 et d\u00e9sinfecte. Apporte un niveau d&rsquo;hygi\u00e8ne \u00e9lev\u00e9. Prot\u00e8ge les mains.<br \/>\n\u00c9vite la propagation de germes au moyen d&rsquo;une hygi\u00e8ne efficace des mains.<br \/>\nPoss\u00e8de une activit\u00e9 bact\u00e9ricide et fongicide (conforme aux normes EN-1276 et EN-<br \/>\n1650). Autoris\u00e9 par l&rsquo;Agence espagnole de m\u00e9dicaments et produits sanitaires.<br \/>\nIndiqu\u00e9 pour les activit\u00e9s professionnelles qui exigent une hygi\u00e8ne maximale.<br \/>\nConvient aux situations qui demandent des actions pr\u00e9ventives.<\/p>\n<p><strong>Propri\u00e9t\u00e9s physiques et chimiques<\/strong><br \/>\nAspect : Liquide transparent<br \/>\nCouleur : Incolore<br \/>\nOdeur: Caract\u00e9ristique<\/p>\n<h4>Composition qualitative\/h4&gt;<br \/>\nIngredients. Chlorure de<br \/>\nDid\u00e9cyldim\u00e9thylammonium 3,75%.<br \/>\nExcipients. D&rsquo;eau qsp 100%.<\/h4>\n<p><strong>Applications <\/strong><\/p>\n<p><strong>\u00a0\u00c9tablissements<\/strong> : Industrie alimentaire. Cuisines professionnelles. Centres sanitaires. Maisons de retraite. Centres d&rsquo;enseignement. Activit\u00e9s d&rsquo;accueil du public. Installations sportives.<\/p>\n<p><strong>Zones d&rsquo;utilisation<\/strong>: Indiqu\u00e9 pour :.Salles de bains, WC et toilettes. Vestiaires. Lavabos et \u00e9viers dans les zones de travail.<\/p>\n<p><a href=\"http:\/\/gator4082.temp.domains\/~aquatiss\/wp-content\/uploads\/2017\/04\/25.pdf\" rel=\"attachment wp-att-4166\"><a class=\"maxbutton-2 maxbutton maxbutton-pdf\" target=\"_blank\" title=\"PDF\" rel=\"noopener\" href=\"http:\/\/gator4082.temp.domains\/~aquatiss\/wp-content\/uploads\/2017\/04\/25.pdf\"><span class='mb-text'>FICHE TECHNIQUE<\/span><\/a>\u00a0<\/a><\/p>\n<p><a href=\"http:\/\/gator4082.temp.domains\/~aquatiss\/nos-produits\/gel-savon-pour-le-lavage-des-mains-bidon-5l-antiseptique\/attachment\/fdsfra315021-1-copier\/\" rel=\"attachment wp-att-14708\"><a class=\"maxbutton-2 maxbutton maxbutton-pdf\" target=\"_blank\" title=\"PDF\" rel=\"noopener\" href=\"http:\/\/gator4082.temp.domains\/~aquatiss\/wp-content\/uploads\/2017\/04\/FDSFRA315021-1-Copier.pdf\"><span class='mb-text'>Fiche de s\u00e9curit\u00e9<\/span><\/a>\u00a0<\/a><\/p>\n","protected":false},"excerpt":{"rendered":"<p>\u00c9limine la salet\u00e9 et d\u00e9sinfecte. Apporte un niveau d&#039;hygi\u00e8ne \u00e9lev\u00e9. Prot\u00e8ge les mains. \u00c9vite la propagation de germes au moyen d&#039;une hygi\u00e8ne efficace des mains.<br \/>\nPoss\u00e8de une activit\u00e9 bact\u00e9ricide et fongicide (conforme aux normes EN-1276 et EN-1650).<\/p>\n","protected":false},"featured_media":4167,"comment_status":"open","ping_status":"closed","template":"","meta":[],"product_cat":[402,410],"product_tag":[823,812],"class_list":["post-4165","product","type-product","status-publish","has-post-thumbnail","hentry","product_cat-gel-savon","product_cat-savon-liquide","product_tag-gel","product_tag-savon"],"_links":{"self":[{"href":"https:\/\/aquatiss.com.tn\/fr\/wp-json\/wp\/v2\/product\/4165","targetHints":{"allow":["GET"]}}],"collection":[{"href":"https:\/\/aquatiss.com.tn\/fr\/wp-json\/wp\/v2\/product"}],"about":[{"href":"https:\/\/aquatiss.com.tn\/fr\/wp-json\/wp\/v2\/types\/product"}],"replies":[{"embeddable":true,"href":"https:\/\/aquatiss.com.tn\/fr\/wp-json\/wp\/v2\/comments?post=4165"}],"wp:featuredmedia":[{"embeddable":true,"href":"https:\/\/aquatiss.com.tn\/fr\/wp-json\/wp\/v2\/media\/4167"}],"wp:attachment":[{"href":"https:\/\/aquatiss.com.tn\/fr\/wp-json\/wp\/v2\/media?parent=4165"}],"wp:term":[{"taxonomy":"product_cat","embeddable":true,"href":"https:\/\/aquatiss.com.tn\/fr\/wp-json\/wp\/v2\/product_cat?post=4165"},{"taxonomy":"product_tag","embeddable":true,"href":"https:\/\/aquatiss.com.tn\/fr\/wp-json\/wp\/v2\/product_tag?post=4165"}],"curies":[{"name":"wp","href":"https:\/\/api.w.org\/{rel}","templated":true}]}}