{"id":4173,"date":"2017-04-19T16:35:58","date_gmt":"2017-04-19T16:35:58","guid":{"rendered":"http:\/\/gator4082.temp.domains\/~aquatiss\/produit\/gel-pour-le-lavage-des-mains-bidon-5l-hydroalcoolique\/"},"modified":"2020-07-09T14:38:28","modified_gmt":"2020-07-09T14:38:28","slug":"dermogenol-gel-hydroalcoolique-sans-rincage-bidon-5l","status":"publish","type":"product","link":"https:\/\/aquatiss.com.tn\/fr\/produit\/dermogenol-gel-hydroalcoolique-sans-rincage-bidon-5l\/","title":{"rendered":"Dermogenol gel hydroalcoolique Sans rin\u00e7age bidon 5L"},"content":{"rendered":"<p>Dermogenol gel hydroalcoolique Sans rin\u00e7age bidon 5L<br \/>\nAssainit.<br \/>\nS\u00e9chage rapide.<br \/>\nSans rin\u00e7age.<br \/>\nAssure un nettoyage efficace et une hygi\u00e8ne totale.<br \/>\nConvient aux situations qui demandent des actions pr\u00e9ventives.<br \/>\nL&rsquo;hygi\u00e8ne des mains est une mesure prophylactique hautement efficace.<br \/>\nMaintient la charge microbienne des mains \u00e0 un niveau s\u00fbr.<\/p>\n<h4><strong>Propri\u00e9t\u00e9s physiques et chimiques<\/strong><\/h4>\n<p>Aspect : Liquide transparent<br \/>\nCouleur : Incolore<br \/>\nOdeur : Caract\u00e9ristique<br \/>\nPH : 5<br \/>\nDensit\u00e9 : 0,86+-0,02<br \/>\nFormats ventes : 1-5-0,8 litre<\/p>\n<h4><strong>Composition qualitative<\/strong><\/h4>\n<p>Ingr\u00e9dients.<br \/>\nAlcool.<br \/>\nAqua.<br \/>\nIsopropylalcohol.<br \/>\nHrydroxypropyl guar.<br \/>\nDidecyldimonium chloride.<br \/>\nCitric acid.<\/p>\n<p><strong>Applications<\/strong><\/p>\n<p><strong>\u00c9tablissements<\/strong> : Industrie alimentaire. Cuisines professionnelles. Centres sanitaires. Maisons de retraite. Centres d&rsquo;enseignement. Activit\u00e9s d&rsquo;accueil du public. Installations sportives.<\/p>\n<p><strong>Zones d&rsquo;utilisation<\/strong> : Indiqu\u00e9 pour : Salles de bains, WC et toilettes. Vestiaires. Lavabos et \u00e9viers dans les zones de travail.<\/p>\n<p><strong>Mode d&#8217;emplo<\/strong>i : Doser sur les mains propres et s\u00e8ches. Appliquer la quantit\u00e9 suffisante pour couvrir toute la surface des mains. Frotter. Laisser agir 30-60 secondes pour laisser s\u00e9cher. Ne pas oublier les espaces interdigitaux ni les ongles. Ne demande pas de rin\u00e7age.<\/p>\n<p><a class=\"maxbutton-1 maxbutton maxbutton-pdf\" target=\"_blank\" title=\"PDF\" rel=\"noopener\" href=\"http:\/\/gator4082.temp.domains\/~aquatiss\/wp-content\/uploads\/2017\/04\/FTFRA324684.pdf\"><span class='mb-text'>Fiche descriptive<\/span><\/a><\/p>\n<p><a class=\"maxbutton-1 maxbutton maxbutton-pdf\" target=\"_blank\" title=\"PDF\" rel=\"noopener\" href=\"http:\/\/gator4082.temp.domains\/~aquatiss\/wp-content\/uploads\/2017\/04\/FDSFRA315021.pdf\"><span class='mb-text'>Fiche FDS <\/span><\/a><\/p>\n<p><a class=\"maxbutton-1 maxbutton maxbutton-pdf\" target=\"_blank\" title=\"PDF\" rel=\"noopener\" href=\"https:\/\/www.hygitech.fr\/academy\/wp-content\/uploads\/2015\/10\/Mains-FR.png\"><span class='mb-text'>protocole d\u00e9sinfection <\/span><\/a><\/p>\n","protected":false},"excerpt":{"rendered":"<p>Assainit-S\u00e9chage rapide-Sans rin\u00e7age.<br \/>\nConvient aux situations qui demandent des actions pr\u00e9ventives.<\/p>\n<p>&nbsp;<\/p>\n","protected":false},"featured_media":4175,"comment_status":"open","ping_status":"closed","template":"","meta":[],"product_cat":[455,402,410],"product_tag":[823,812],"class_list":["post-4173","product","type-product","status-publish","has-post-thumbnail","hentry","product_cat-gel-hydro-alcoolique","product_cat-gel-savon","product_cat-savon-liquide","product_tag-gel","product_tag-savon","pa_contenance-214","pa_domaine-collectivites","pa_domaine-entreprise","pa_domaine-food","pa_domaine-hotel","pa_domaine-industrie","pa_domaine-medical","pa_domaine-proprete"],"_links":{"self":[{"href":"https:\/\/aquatiss.com.tn\/fr\/wp-json\/wp\/v2\/product\/4173","targetHints":{"allow":["GET"]}}],"collection":[{"href":"https:\/\/aquatiss.com.tn\/fr\/wp-json\/wp\/v2\/product"}],"about":[{"href":"https:\/\/aquatiss.com.tn\/fr\/wp-json\/wp\/v2\/types\/product"}],"replies":[{"embeddable":true,"href":"https:\/\/aquatiss.com.tn\/fr\/wp-json\/wp\/v2\/comments?post=4173"}],"wp:featuredmedia":[{"embeddable":true,"href":"https:\/\/aquatiss.com.tn\/fr\/wp-json\/wp\/v2\/media\/4175"}],"wp:attachment":[{"href":"https:\/\/aquatiss.com.tn\/fr\/wp-json\/wp\/v2\/media?parent=4173"}],"wp:term":[{"taxonomy":"product_cat","embeddable":true,"href":"https:\/\/aquatiss.com.tn\/fr\/wp-json\/wp\/v2\/product_cat?post=4173"},{"taxonomy":"product_tag","embeddable":true,"href":"https:\/\/aquatiss.com.tn\/fr\/wp-json\/wp\/v2\/product_tag?post=4173"}],"curies":[{"name":"wp","href":"https:\/\/api.w.org\/{rel}","templated":true}]}}