{"id":41730,"date":"2024-06-04T15:10:43","date_gmt":"2024-06-04T15:10:43","guid":{"rendered":"https:\/\/aquatiss.com.tn\/?post_type=product&#038;p=41730"},"modified":"2024-12-05T09:54:17","modified_gmt":"2024-12-05T09:54:17","slug":"kit-meuble-de-tri-selectif-3-flux-pour-restauration-collective-mika","status":"publish","type":"product","link":"https:\/\/aquatiss.com.tn\/fr\/produit\/kit-meuble-de-tri-selectif-3-flux-pour-restauration-collective-mika\/","title":{"rendered":"MIKA"},"content":{"rendered":"<p>Kit meuble de tri s\u00e9lectif 3 flux pour restauration collective MIKA<\/p>\n<p>Une solution pour le tri s\u00e9lectif dans les restaurants collectifs : \u00e9coles, coll\u00e8ges, lyc\u00e9es, universit\u00e9s, entreprises\u2026 Kit meuble de 3 bacs de tri s\u00e9lectifs, mod\u00e8les 90 L pour les adultes (existe en 65 L pour les enfants). <strong>Meuble en m\u00e9lamin\u00e9 d\u00e9cor blanc\/noir\/ch\u00eane&#8230;<\/strong> (coloris au choix)<\/p>\n<p>Coloris de plateaux : marron, jaune, gris clair. Plaques signal\u00e9tiques associ\u00e9s.<\/p>\n<p>Existe aussi en meuble \u00e0 composer avec 6 coloris de plateau au choix (vert, jaune, bleu, rouge, gris, marron) et 6 plaques signal\u00e9tiques au choix (Pain, Emballages, Biod\u00e9chets, Papier, Autres d\u00e9chets, Verre&#8230;), nous consulter.<\/p>\n<p><strong>\u00a0<\/strong><\/p>\n<p>Pour trier des d\u00e9chets gr\u00e2ce aux flux grandes capacit\u00e9s,\u00a0<strong>aquatiss\u00a0<\/strong>propose la\u00a0<strong>Kit meuble de tri s\u00e9lectif 3 flux \u00a0pour restauration collective <\/strong>,<br \/>\nRobuste et facile \u00e0 entretenir, cette\u00a0<strong>poubelle professionnelle<\/strong>\u00a0est adapt\u00e9e aux lieux recevant du public : zoo, parc d&rsquo;attraction, fast-food, restauration rapide, sandwicherie, etc.<\/p>\n<p>Cette\u00a0<strong>poubelle de 3 flux<\/strong>\u00a0peut r\u00e9cup\u00e9rer diff\u00e9rents types de d\u00e9chets, notamment les\u00a0<strong>c<\/strong>apsules, les d\u00e9chets alimentaires, les vaisselles compostables, les plastiques et les cartons recyclables.<\/p>\n<p>Cette poubelle professionnelle de tri s\u00e9lectif pour restaurant et snack est compos\u00e9e d&rsquo;une structure bois\u00a0<strong>stratifi\u00e9 compact HPL<\/strong>\u00a0plein (coloris au choix).<\/p>\n<p>int\u00e8gre\u00a03 flux et 3 portes aimant\u00e9es \u00e0 ouverture frontale. Sa colonne de gauche\u00a0permet de recevoir les liquides par un \u00e9vier en inox, s&rsquo;\u00e9vacuant dans un jerrican de 10 l.<\/p>\n<p>ce mobilier de propret\u00e9 s&rsquo;installe \u00e0 l&rsquo;ext\u00e9rieur et \u00e0 l&rsquo;int\u00e9rieur.\u00a0Il est possible de la personnaliser (coloris vari\u00e9s).<\/p>\n<p>Caract\u00e9ristiques principales<\/p>\n<ul>\n<li>Convient au\u00a0tri s\u00e9lectif<\/li>\n<li>Compos\u00e9 3 portes aimant\u00e9es \u00e0 ouverture frontale<\/li>\n<li>Fixation : \u00e0 poser, livr\u00e9 mont\u00e9<\/li>\n<\/ul>\n","protected":false},"excerpt":{"rendered":"<p>Kit meuble de tri s\u00e9lectif 3 flux pour restauration collective MIKA<\/p>\n<p>Une solution pour le tri s\u00e9lectif dans les restaurants collectifs : \u00e9coles, coll\u00e8ges, lyc\u00e9es, universit\u00e9s, entreprises\u2026<\/p>\n<p>Convient au\u00a0tri s\u00e9lectif<br \/>\nCompos\u00e9 3 portes aimant\u00e9es \u00e0 ouverture frontale<br \/>\nFixation : \u00e0 poser, livr\u00e9 mont\u00e9<br \/>\nStructure bois\u00a0<strong>stratifi\u00e9 compact HPL<\/strong>\u00a0plein (coloris au choix).<br \/>\nPoubelle 90 litres avec support sac<br \/>\nTablette d&rsquo;introduction 18 mm tr\u00e8s simple \u00e0 nettoyer<br \/>\nCharni\u00e8res amorties<br \/>\nFa\u00e7ade sur charni\u00e8res frein\u00e9es<br \/>\nColonne gauche\u00a0r\u00e9ception liquides par un \u00e9vier en inox<\/p>\n","protected":false},"featured_media":41703,"comment_status":"open","ping_status":"closed","template":"","meta":[],"product_cat":[2038],"product_tag":[],"class_list":["post-41730","product","type-product","status-publish","has-post-thumbnail","hentry","product_cat-aleses"],"_links":{"self":[{"href":"https:\/\/aquatiss.com.tn\/fr\/wp-json\/wp\/v2\/product\/41730","targetHints":{"allow":["GET"]}}],"collection":[{"href":"https:\/\/aquatiss.com.tn\/fr\/wp-json\/wp\/v2\/product"}],"about":[{"href":"https:\/\/aquatiss.com.tn\/fr\/wp-json\/wp\/v2\/types\/product"}],"replies":[{"embeddable":true,"href":"https:\/\/aquatiss.com.tn\/fr\/wp-json\/wp\/v2\/comments?post=41730"}],"wp:featuredmedia":[{"embeddable":true,"href":"https:\/\/aquatiss.com.tn\/fr\/wp-json\/wp\/v2\/media\/41703"}],"wp:attachment":[{"href":"https:\/\/aquatiss.com.tn\/fr\/wp-json\/wp\/v2\/media?parent=41730"}],"wp:term":[{"taxonomy":"product_cat","embeddable":true,"href":"https:\/\/aquatiss.com.tn\/fr\/wp-json\/wp\/v2\/product_cat?post=41730"},{"taxonomy":"product_tag","embeddable":true,"href":"https:\/\/aquatiss.com.tn\/fr\/wp-json\/wp\/v2\/product_tag?post=41730"}],"curies":[{"name":"wp","href":"https:\/\/api.w.org\/{rel}","templated":true}]}}