{"id":41860,"date":"2024-12-12T16:01:04","date_gmt":"2024-12-12T16:01:04","guid":{"rendered":"https:\/\/aquatiss.com.tn\/?post_type=product&#038;p=41860"},"modified":"2025-04-03T13:32:58","modified_gmt":"2025-04-03T13:32:58","slug":"pince-a-nappe-en-acier-inoxydable-pour-tables-par-lot-de-300-pinces","status":"publish","type":"product","link":"https:\/\/aquatiss.com.tn\/fr\/produit\/pince-a-nappe-en-acier-inoxydable-pour-tables-par-lot-de-300-pinces\/","title":{"rendered":"Pince \u00e0 nappe en acier inoxydable pour tables par lot de 300 pinces"},"content":{"rendered":"<p>Pince \u00e0 nappe en acier inoxydable pour tables par lot de 300 pinces<\/p>\n<h3>Pince \u00e0 nappe en acier inoxydable &#8211; Lot de 300 clips robustes pour toutes vos tables<\/h3>\n<p>Ces clips \u00e0 nappe en acier inoxydable sont parfaits pour maintenir fermement vos nappes sur la plupart des tables, qu&rsquo;elles soient utilis\u00e9es en int\u00e9rieur ou en ext\u00e9rieur. Id\u00e9al pour les f\u00eates, les pique-niques, les mariages, les restaurants, ou encore les d\u00eeners \u00e0 la maison, ce support de nappe garantit une tenue impeccable m\u00eame en cas de vent fort.<\/p>\n<h4>Caract\u00e9ristiques principales :<\/h4>\n<ul>\n<li><strong>Fixation anti-glisse :<\/strong> Ces attaches pour nappes emp\u00eachent efficacement les nappes de glisser, m\u00eame sur des tables expos\u00e9es \u00e0 des conditions venteuses.<\/li>\n<li><strong>Mat\u00e9riau s\u00fbr et robuste :<\/strong> Fabriqu\u00e9 en acier inoxydable poli de haute pr\u00e9cision, ces griffes \u00e0 nappe sont con\u00e7ues avec des bords lisses pour prot\u00e9ger vos nappes contre les rayures.<\/li>\n<li><strong>Adaptabilit\u00e9 :<\/strong> Convient \u00e0 une large gamme de tables (rondes, carr\u00e9es ou autres formes) d&rsquo;une \u00e9paisseur de 1 \u00e0 3 cm.<\/li>\n<li><strong>Durabilit\u00e9 :<\/strong> R\u00e9utilisables \u00e0 l\u2019infini gr\u00e2ce \u00e0 leur conception en acier inoxydable r\u00e9sistant, ces fixateurs de nappe sont parfaits pour une utilisation prolong\u00e9e.<\/li>\n<\/ul>\n<h4>Usage polyvalent :<\/h4>\n<p>Ces <strong>clips de maintien<\/strong> sont particuli\u00e8rement adapt\u00e9s pour :<\/p>\n<ul>\n<li>Tables de pique-nique ou tables de salle \u00e0 manger.<\/li>\n<li>Restaurants, buffets, mariages, et \u00e9v\u00e9nements en ext\u00e9rieur.<\/li>\n<li>Toute situation n\u00e9cessitant une nappe bien fix\u00e9e, m\u00eame par temps venteux.<\/li>\n<\/ul>\n<h3>Pourquoi choisir nos pinces \u00e0 nappe ?<\/h3>\n<p>Avec leur design pratique et leur robustesse, ces supports en acier inoxydable vous offrent une solution fiable et \u00e9l\u00e9gante pour prot\u00e9ger vos nappes et embellir vos tables. Achetez ce lot de 300 pinces d\u00e8s aujourd\u2019hui et facilitez vos pr\u00e9parations d\u2019\u00e9v\u00e9nements\u202f!<\/p>\n<h4>Caract\u00e9ristiques Pince \u00e0 nappe en acier inoxydable pour tables par lot de 300 pinces<\/h4>\n<p>Pince \u00e0 nappe : acier inoxydable<br \/>\nAdapt\u00e9 pour les tables : \u00e9paisseurs\u00a0 2 \u00e0 3 cm<br \/>\nEpaisseur : environ 1,1 mm<br \/>\nDimensions HXLXP\u00a0 :50x50x7mm<\/p>\n","protected":false},"excerpt":{"rendered":"<p><span class=\"a-list-item\" style=\"font-size: 14pt;\">Facile \u00e0 utiliser, ouvrez les m\u00e2choires, clipsez-le sur la nappe et posez-le sur la table.<\/span><\/p>\n<p>Pince \u00e0 nappe : acier inoxydable<br \/>\nAdapt\u00e9 pour les tables : \u00e9paisseurs\u00a0 2 a 3 cm<br \/>\nEpaisseur : environ 1,1 mm<br \/>\nDimensions HXLXP\u00a0 :50x50x7mm<\/p>\n","protected":false},"featured_media":41863,"comment_status":"open","ping_status":"closed","template":"","meta":[],"product_cat":[154,1017,1004,579,1192],"product_tag":[],"class_list":["post-41860","product","type-product","status-publish","has-post-thumbnail","hentry","product_cat-mobilier-textile","product_cat-pinces-a-nappes","product_cat-services-de-table","product_cat-sets-de-table","product_cat-table","product_shipping_class-identifiant"],"_links":{"self":[{"href":"https:\/\/aquatiss.com.tn\/fr\/wp-json\/wp\/v2\/product\/41860","targetHints":{"allow":["GET"]}}],"collection":[{"href":"https:\/\/aquatiss.com.tn\/fr\/wp-json\/wp\/v2\/product"}],"about":[{"href":"https:\/\/aquatiss.com.tn\/fr\/wp-json\/wp\/v2\/types\/product"}],"replies":[{"embeddable":true,"href":"https:\/\/aquatiss.com.tn\/fr\/wp-json\/wp\/v2\/comments?post=41860"}],"wp:featuredmedia":[{"embeddable":true,"href":"https:\/\/aquatiss.com.tn\/fr\/wp-json\/wp\/v2\/media\/41863"}],"wp:attachment":[{"href":"https:\/\/aquatiss.com.tn\/fr\/wp-json\/wp\/v2\/media?parent=41860"}],"wp:term":[{"taxonomy":"product_cat","embeddable":true,"href":"https:\/\/aquatiss.com.tn\/fr\/wp-json\/wp\/v2\/product_cat?post=41860"},{"taxonomy":"product_tag","embeddable":true,"href":"https:\/\/aquatiss.com.tn\/fr\/wp-json\/wp\/v2\/product_tag?post=41860"}],"curies":[{"name":"wp","href":"https:\/\/api.w.org\/{rel}","templated":true}]}}