{"id":4188,"date":"2017-04-20T08:51:56","date_gmt":"2017-04-20T07:51:56","guid":{"rendered":"http:\/\/gator4082.temp.domains\/~aquatiss\/produit\/nettoyant-sol-neutre-citron-bidon-5l\/"},"modified":"2017-04-20T09:01:58","modified_gmt":"2017-04-20T08:01:58","slug":"nettoyant-sol-neutre-citron-bidon-5l","status":"publish","type":"product","link":"https:\/\/aquatiss.com.tn\/fr\/produit\/nettoyant-sol-neutre-citron-bidon-5l\/","title":{"rendered":"Nettoyant sol neutre citron bidon 5L"},"content":{"rendered":"<p>Nettoyant bio-alcoolis\u00e9.<br \/>\nS\u00e9chage rapide.<br \/>\nSans traces ni marques.<br \/>\nEffet surdorant.<br \/>\nRehausse et conserve l&rsquo;\u00e9clat original du sol.<br \/>\nLaisse un parfum frais et subtil qui cr\u00e9e une sensation de propret\u00e9.<\/p>\n<p><strong>Propri\u00e9t\u00e9s physiques et chimiques<\/strong><br \/>\nAspect : Liquide transparent<br \/>\nCouleur : Jaune<br \/>\nOdeur : Citron<br \/>\nPH : 7<br \/>\nDensit\u00e9 : 1,00+-0,01<\/p>\n<p><strong>Composition qualitative<\/strong><\/p>\n<p>Tensioactifs.<br \/>\nDissolvants.<br \/>\nParfums.<br \/>\nColorants.<br \/>\nConservateurs.<br \/>\nEau.<\/p>\n<p><strong>Applications <\/strong><\/p>\n<p><strong>\u00c9tablissements<\/strong> : H\u00f4tels. Restaurants. Bureaux. Centres commerciaux. Salles publiques et auditoriums.<br \/>\nCentres sanitaires. Centres d&rsquo;enseignement. Installations sportives. En g\u00e9n\u00e9ral, tout<br \/>\ntype d&rsquo;\u00e9tablissements g\u00e9r\u00e9s avec des crit\u00e8res d&rsquo;hygi\u00e8ne Professionnelle.<\/p>\n<p><strong>Zones d&rsquo;utilisation<\/strong> : Indiqu\u00e9 pour : Sols et surfaces lavables. Vinyle, PVC, caoutchouc, granito, marbre,<br \/>\nC\u00e9ramique, carreaux et similaires.<\/p>\n<p><strong>Mode d&#8217;emploi<\/strong> : Doser 0,2-1 % de produit dans l&rsquo;eau. Laver de la mani\u00e8re habituelle<\/p>\n<p><img decoding=\"async\"  src=\"http:\/\/gator4082.temp.domains\/~aquatiss\/wp-content\/uploads\/2017\/02\/adobe-pdf-logo-1480D328A9-seeklogo.com_.jpg\" alt=\"adobe-pdf-logo-1480d328a9-seeklogo-com\" width=\"35\" height=\"37\" class=\" wp-image-2811 alignleft no-lazyload\" \/><a href=\"http:\/\/gator4082.temp.domains\/~aquatiss\/wp-content\/uploads\/2017\/04\/3233803.pdf\" rel=\"attachment wp-att-4189\">Fiche Technique<\/a><\/p>\n","protected":false},"excerpt":{"rendered":"<p>Nettoyant bio-alcoolis\u00e9.<br \/>\nS\u00e9chage rapide.<br \/>\nSans traces ni marques.<br \/>\nEffet surdorant.<br \/>\nRehausse et conserve l&#039;\u00e9clat original du sol.<br \/>\nLaisse un parfum frais et subtil qui cr\u00e9e une sensation de propret\u00e9.<\/p>\n","protected":false},"featured_media":4191,"comment_status":"open","ping_status":"closed","template":"","meta":[],"product_cat":[405,400,423],"product_tag":[814],"class_list":["post-4188","product","type-product","status-publish","has-post-thumbnail","hentry","product_cat-article-menager","product_cat-produits-de-nettoyage","product_cat-sols","product_tag-sol","pa_contenance-214","pa_domaine-collectivites","pa_domaine-entreprise","pa_domaine-food","pa_domaine-hotel","pa_domaine-industrie","pa_domaine-medical","pa_domaine-proprete"],"_links":{"self":[{"href":"https:\/\/aquatiss.com.tn\/fr\/wp-json\/wp\/v2\/product\/4188","targetHints":{"allow":["GET"]}}],"collection":[{"href":"https:\/\/aquatiss.com.tn\/fr\/wp-json\/wp\/v2\/product"}],"about":[{"href":"https:\/\/aquatiss.com.tn\/fr\/wp-json\/wp\/v2\/types\/product"}],"replies":[{"embeddable":true,"href":"https:\/\/aquatiss.com.tn\/fr\/wp-json\/wp\/v2\/comments?post=4188"}],"wp:featuredmedia":[{"embeddable":true,"href":"https:\/\/aquatiss.com.tn\/fr\/wp-json\/wp\/v2\/media\/4191"}],"wp:attachment":[{"href":"https:\/\/aquatiss.com.tn\/fr\/wp-json\/wp\/v2\/media?parent=4188"}],"wp:term":[{"taxonomy":"product_cat","embeddable":true,"href":"https:\/\/aquatiss.com.tn\/fr\/wp-json\/wp\/v2\/product_cat?post=4188"},{"taxonomy":"product_tag","embeddable":true,"href":"https:\/\/aquatiss.com.tn\/fr\/wp-json\/wp\/v2\/product_tag?post=4188"}],"curies":[{"name":"wp","href":"https:\/\/api.w.org\/{rel}","templated":true}]}}